{"id":303542,"date":"2026-03-16T10:15:27","date_gmt":"2026-03-16T09:15:27","guid":{"rendered":"https:\/\/interiorposter.com\/product\/obraz-na-plotnie-szkic-pegaza-w-artystycznym-stylu\/"},"modified":"2026-03-23T00:03:07","modified_gmt":"2026-03-22T23:03:07","slug":"obraz-na-plotnie-szkic-pegaza-w-artystycznym-stylu","status":"publish","type":"product","link":"https:\/\/interiorposter.com\/cs\/product\/obraz-na-plotnie-szkic-pegaza-w-artystycznym-stylu\/","title":{"rendered":"Obraz na pl\u00e1tn\u011b Skica Pegasa v um\u011bleck\u00e9m stylu"},"content":{"rendered":"<p>Tento v\u00fdjime\u010dn\u00fd obraz na pl\u00e1tn\u011b s motivem Pegasa okouzl\u00ed um\u011bleckou lehkost\u00ed a dekorativn\u00ed formou inspirovanou skicou a ilustrac\u00ed. Spojen\u00ed jemn\u00fdch b\u00e9\u017eov\u00fdch, tlumen\u00fdch r\u016f\u017eov\u00fdch a hn\u011bd\u00fdch t\u00f3n\u016f spolu s decentn\u00edmi struktur\u00e1ln\u00edmi efekty vytv\u00e1\u0159\u00ed kompozici plnou fantazie, elegance a tv\u016fr\u010d\u00edho charakteru. Tento obraz na st\u011bnu se skv\u011ble hod\u00ed do ob\u00fdvac\u00edho pokoje, lo\u017enice, kancel\u00e1\u0159e, hotelu nebo p\u0159eds\u00edn\u011b a dod\u00e1v\u00e1 interi\u00e9ru originalitu i jedine\u010dnou atmosf\u00e9ru. Je ide\u00e1ln\u00ed volbou pro ty, kte\u0159\u00ed hledaj\u00ed dekoraci s du\u0161\u00ed, propojuj\u00edc\u00ed motiv kon\u011b, konceptu\u00e1ln\u00ed um\u011bn\u00ed a modern\u00ed styl v p\u016fsobiv\u00e9m a poutav\u00e9m proveden\u00ed.<\/p>\n","protected":false},"excerpt":{"rendered":"<p>Um\u011bleck\u00fd obraz na pl\u00e1tn\u011b s Pegasem ve skicov\u00e9m stylu a tlumen\u00e9 palet\u011b b\u00e9\u017eov\u00e9, r\u016f\u017eov\u00e9 a hn\u011bd\u00e9 dod\u00e1 interi\u00e9ru origin\u00e1ln\u00ed charakter a eleganci.<\/p>\n","protected":false},"featured_media":271351,"comment_status":"closed","ping_status":"closed","template":"","meta":[],"product_brand":[],"product_cat":[95,99,74,86,207,68,297,105,83,71,254],"product_tag":[702,698,277,186],"class_list":{"0":"post-303542","1":"product","2":"type-product","3":"status-publish","4":"has-post-thumbnail","6":"product_cat-abstraktni","7":"product_cat-glamour-cs","8":"product_cat-hotel-cs","9":"product_cat-kancelar","10":"product_cat-konceptualni-umeni","11":"product_cat-loznice","12":"product_cat-malirsky","13":"product_cat-moderni","14":"product_cat-obyvaci-pokoj","15":"product_cat-predsin","16":"product_cat-zvirata-a-priroda","17":"product_tag-horizontalni","18":"product_tag-moderni-obrazy","19":"product_tag-pastelove","20":"product_tag-vicebarevny","21":"pa_size-finishing-30x20-standard-cs","22":"pa_size-finishing-30x20-na-ptnie-woskim-cs","23":"pa_size-finishing-30x20-premium-print-cs","24":"pa_size-finishing-30x20-akustyczny-cs","25":"pa_size-finishing-60x40-standard-cs","26":"pa_size-finishing-60x40-na-ptnie-woskim-cs","27":"pa_size-finishing-60x40-premium-print-cs","28":"pa_size-finishing-60x40-akustyczny-cs","29":"pa_size-finishing-60x40-w-ramie-drewnianej-naturalnej-cs","30":"pa_size-finishing-60x40-w-ramie-drewnianej-czarnej-cs","31":"pa_size-finishing-90x60-standard-cs","32":"pa_size-finishing-90x60-na-ptnie-woskim-cs","33":"pa_size-finishing-90x60-premium-print-cs","34":"pa_size-finishing-90x60-akustyczny-cs","35":"pa_size-finishing-90x60-w-ramie-drewnianej-naturalnej-cs","36":"pa_size-finishing-90x60-w-ramie-drewnianej-czarnej-cs","37":"pa_size-finishing-120x80-standard-cs","38":"pa_size-finishing-120x80-na-ptnie-woskim-cs","39":"pa_size-finishing-120x80-premium-print-cs","40":"pa_size-finishing-120x80-akustyczny-cs","41":"pa_size-finishing-120x80-w-ramie-drewnianej-naturalnej-cs","42":"pa_size-finishing-120x80-w-ramie-drewnianej-czarnej-cs","44":"first","45":"instock","46":"purchasable","47":"product-type-variable","48":"has-default-attributes"},"aioseo_notices":[],"_links":{"self":[{"href":"https:\/\/interiorposter.com\/cs\/wp-json\/wp\/v2\/product\/303542","targetHints":{"allow":["GET"]}}],"collection":[{"href":"https:\/\/interiorposter.com\/cs\/wp-json\/wp\/v2\/product"}],"about":[{"href":"https:\/\/interiorposter.com\/cs\/wp-json\/wp\/v2\/types\/product"}],"replies":[{"embeddable":true,"href":"https:\/\/interiorposter.com\/cs\/wp-json\/wp\/v2\/comments?post=303542"}],"wp:featuredmedia":[{"embeddable":true,"href":"https:\/\/interiorposter.com\/cs\/wp-json\/wp\/v2\/media\/271351"}],"wp:attachment":[{"href":"https:\/\/interiorposter.com\/cs\/wp-json\/wp\/v2\/media?parent=303542"}],"wp:term":[{"taxonomy":"product_brand","embeddable":true,"href":"https:\/\/interiorposter.com\/cs\/wp-json\/wp\/v2\/product_brand?post=303542"},{"taxonomy":"product_cat","embeddable":true,"href":"https:\/\/interiorposter.com\/cs\/wp-json\/wp\/v2\/product_cat?post=303542"},{"taxonomy":"product_tag","embeddable":true,"href":"https:\/\/interiorposter.com\/cs\/wp-json\/wp\/v2\/product_tag?post=303542"}],"curies":[{"name":"wp","href":"https:\/\/api.w.org\/{rel}","templated":true}]}}