{"id":303459,"date":"2026-03-16T09:50:35","date_gmt":"2026-03-16T08:50:35","guid":{"rendered":"https:\/\/interiorposter.com\/product\/obraz-na-plotnie-zlote-pioro-na-czarnym-tle\/"},"modified":"2026-03-22T23:54:34","modified_gmt":"2026-03-22T22:54:34","slug":"obraz-na-plotnie-zlote-pioro-na-czarnym-tle","status":"publish","type":"product","link":"https:\/\/interiorposter.com\/cs\/product\/obraz-na-plotnie-zlote-pioro-na-czarnym-tle\/","title":{"rendered":"Obraz na pl\u00e1tn\u011b Zlat\u00e9 p\u00edrko na \u010dern\u00e9m pozad\u00ed"},"content":{"rendered":"<p>Elegantn\u00ed obraz na pl\u00e1tn\u011b s motivem zlat\u00e9ho p\u00edrka zaujme v\u00fdraznou formou a luxusn\u00ed barevnost\u00ed. Kontrast hlubok\u00e9 \u010dern\u00e9 a t\u0159pytiv\u00fdch odst\u00edn\u016f zlat\u00e9 vytv\u00e1\u0159\u00ed p\u016fsobivou kompozici, kter\u00e1 okam\u017eit\u011b p\u0159itahuje pozornost a dod\u00e1v\u00e1 interi\u00e9ru presti\u017en\u00ed charakter. Tento obraz na st\u011bnu se skv\u011ble hod\u00ed do ob\u00fdvac\u00edho pokoje, lo\u017enice, kancel\u00e1\u0159e, hotelu nebo p\u0159eds\u00edn\u011b a kr\u00e1sn\u011b podtrhne modern\u00ed, glamour i minimalistick\u00e9 aran\u017em\u00e1. Je ide\u00e1ln\u00ed volbou pro ty, kte\u0159\u00ed hledaj\u00ed dekoraci plnou elegance, v\u00fdrazn\u00fd vizu\u00e1ln\u00ed akcent a nad\u010dasov\u00fd styl.<\/p>\n","protected":false},"excerpt":{"rendered":"<p>Stylov\u00fd obraz na pl\u00e1tn\u011b se zlat\u00fdm p\u00edrkem na \u010dern\u00e9m pozad\u00ed dod\u00e1 interi\u00e9ru eleganci, hloubku a luxusn\u00ed charakter.<\/p>\n","protected":false},"featured_media":270304,"comment_status":"closed","ping_status":"closed","template":"","meta":[],"product_brand":[],"product_cat":[95,210,99,74,132,86,207,68,138,297,102,105,83,71],"product_tag":[698,271,704],"class_list":{"0":"post-303459","1":"product","2":"type-product","3":"status-publish","4":"has-post-thumbnail","6":"product_cat-abstraktni","7":"product_cat-geometricke","8":"product_cat-glamour-cs","9":"product_cat-hotel-cs","10":"product_cat-industrialni","11":"product_cat-kancelar","12":"product_cat-konceptualni-umeni","13":"product_cat-loznice","14":"product_cat-makro","15":"product_cat-malirsky","16":"product_cat-minimalisticky","17":"product_cat-moderni","18":"product_cat-obyvaci-pokoj","19":"product_cat-predsin","20":"product_tag-moderni-obrazy","21":"product_tag-tmave","22":"product_tag-vertikalni","23":"pa_size-finishing-20x30-standard-cs","24":"pa_size-finishing-20x30-na-italskem-platne","25":"pa_size-finishing-20x30-premium-print-cs","26":"pa_size-finishing-20x30-akusticky","27":"pa_size-finishing-40x60-standard-cs","28":"pa_size-finishing-40x60-na-italskem-platne","29":"pa_size-finishing-40x60-premium-print-cs","30":"pa_size-finishing-40x60-acoustic-cs","31":"pa_size-finishing-40x60-w-ramie-drewnianej-naturalnej-cs","32":"pa_size-finishing-40x60-v-cernem-drevenem-ramu","33":"pa_size-finishing-60x90-standard-cs","34":"pa_size-finishing-60x90-na-italskem-platne","35":"pa_size-finishing-60x90-premium-print-cs","36":"pa_size-finishing-60x90-akustyczny-cs","37":"pa_size-finishing-60x90-v-prirodnim-drevenem-ramu","38":"pa_size-finishing-60x90-v-cernem-drevenem-ramu","39":"pa_size-finishing-80x120-standard-cs","40":"pa_size-finishing-80x120-na-italskem-platne","41":"pa_size-finishing-80x120-premium-print-cs","42":"pa_size-finishing-80x120-akustyczny-cs","43":"pa_size-finishing-80x120-v-prirodnim-drevenem-ramu","44":"pa_size-finishing-80x120-v-cernem-drevenem-ramu","46":"first","47":"instock","48":"purchasable","49":"product-type-variable","50":"has-default-attributes"},"aioseo_notices":[],"_links":{"self":[{"href":"https:\/\/interiorposter.com\/cs\/wp-json\/wp\/v2\/product\/303459","targetHints":{"allow":["GET"]}}],"collection":[{"href":"https:\/\/interiorposter.com\/cs\/wp-json\/wp\/v2\/product"}],"about":[{"href":"https:\/\/interiorposter.com\/cs\/wp-json\/wp\/v2\/types\/product"}],"replies":[{"embeddable":true,"href":"https:\/\/interiorposter.com\/cs\/wp-json\/wp\/v2\/comments?post=303459"}],"wp:featuredmedia":[{"embeddable":true,"href":"https:\/\/interiorposter.com\/cs\/wp-json\/wp\/v2\/media\/270304"}],"wp:attachment":[{"href":"https:\/\/interiorposter.com\/cs\/wp-json\/wp\/v2\/media?parent=303459"}],"wp:term":[{"taxonomy":"product_brand","embeddable":true,"href":"https:\/\/interiorposter.com\/cs\/wp-json\/wp\/v2\/product_brand?post=303459"},{"taxonomy":"product_cat","embeddable":true,"href":"https:\/\/interiorposter.com\/cs\/wp-json\/wp\/v2\/product_cat?post=303459"},{"taxonomy":"product_tag","embeddable":true,"href":"https:\/\/interiorposter.com\/cs\/wp-json\/wp\/v2\/product_tag?post=303459"}],"curies":[{"name":"wp","href":"https:\/\/api.w.org\/{rel}","templated":true}]}}