{"id":303376,"date":"2026-03-16T00:36:02","date_gmt":"2026-03-15T23:36:02","guid":{"rendered":"https:\/\/interiorposter.com\/product\/obraz-na-plotnie-drzewa-we-mgle-w-szarej-tonacji\/"},"modified":"2026-03-22T23:47:01","modified_gmt":"2026-03-22T22:47:01","slug":"obraz-na-plotnie-drzewa-we-mgle-w-szarej-tonacji","status":"publish","type":"product","link":"https:\/\/interiorposter.com\/cs\/product\/obraz-na-plotnie-drzewa-we-mgle-w-szarej-tonacji\/","title":{"rendered":"Obraz na pl\u00e1tn\u011b Stromy v mlze v \u0161ed\u00fdch t\u00f3nech"},"content":{"rendered":"<p>Tento n\u00e1ladov\u00fd obraz na pl\u00e1tn\u011b s motivem \u0161t\u00edhl\u00fdch strom\u016f pono\u0159en\u00fdch do mlhy vnese do interi\u00e9ru klid, hloubku a elegantn\u00ed tajemnost. Tlumen\u00e1 kompozice v odst\u00ednech \u0161ed\u00e9, b\u00e9\u017eov\u00e9 a kou\u0159ov\u011b \u010dern\u00e9 dokonale podtrhuje charakter modern\u00edch, minimalistick\u00fdch i industri\u00e1ln\u00edch aran\u017em\u00e1. Tento obraz na st\u011bnu se skv\u011ble hod\u00ed do ob\u00fdvac\u00edho pokoje, lo\u017enice, kancel\u00e1\u0159e, hotelu nebo p\u0159eds\u00edn\u011b a vytv\u00e1\u0159\u00ed atmosf\u00e9ru zklidn\u011bn\u00ed a harmonie. Je ide\u00e1ln\u00ed volbou pro ty, kte\u0159\u00ed hledaj\u00ed dekoraci s p\u016fsobivou n\u00e1ladou, kter\u00e1 nen\u00e1padn\u011b p\u0159itahuje pohled a dod\u00e1v\u00e1 prostoru v\u00fdjime\u010dnou hloubku.<\/p>\n","protected":false},"excerpt":{"rendered":"<p>N\u00e1ladov\u00fd obraz na pl\u00e1tn\u011b se stromy v mlze v \u0161edo b\u00e9\u017eov\u00fdch t\u00f3nech vnese do interi\u00e9ru klid, eleganci a jedine\u010dnou atmosf\u00e9ru.<\/p>\n","protected":false},"featured_media":267290,"comment_status":"closed","ping_status":"closed","template":"","meta":[],"product_brand":[],"product_cat":[108,74,132,86,135,68,102,105,83,71],"product_tag":[702,698,180,1304],"class_list":{"0":"post-303376","1":"product","2":"type-product","3":"status-publish","4":"has-post-thumbnail","6":"product_cat-fotografie","7":"product_cat-hotel-cs","8":"product_cat-industrialni","9":"product_cat-kancelar","10":"product_cat-krajiny","11":"product_cat-loznice","12":"product_cat-minimalisticky","13":"product_cat-moderni","14":"product_cat-obyvaci-pokoj","15":"product_cat-predsin","16":"product_tag-horizontalni","17":"product_tag-moderni-obrazy","18":"product_tag-seda","19":"product_tag-strom","20":"pa_size-finishing-30x20-standard-cs","21":"pa_size-finishing-30x20-na-italskem-platne","22":"pa_size-finishing-30x20-premium-print-cs","23":"pa_size-finishing-30x20-akusticky","24":"pa_size-finishing-60x40-standard-cs","25":"pa_size-finishing-60x40-na-italskem-platne","26":"pa_size-finishing-60x40-premium-print-cs","27":"pa_size-finishing-60x40-akusticky","28":"pa_size-finishing-60x40-v-prirodnim-drevenem-ramu","29":"pa_size-finishing-60x40-v-cernem-drevenem-ramu","30":"pa_size-finishing-90x60-standard-cs","31":"pa_size-finishing-90x60-na-italskem-platne","32":"pa_size-finishing-90x60-premium-print-cs","33":"pa_size-finishing-90x60-akusticky","34":"pa_size-finishing-90x60-v-prirodnim-drevenem-ramu","35":"pa_size-finishing-90x60-v-cernem-drevenem-ramu","36":"pa_size-finishing-120x80-standard-cs","37":"pa_size-finishing-120x80-na-italskem-platne","38":"pa_size-finishing-120x80-premium-print-cs","39":"pa_size-finishing-120x80-akusticky","40":"pa_size-finishing-120x80-v-prirodnim-drevenem-ramu","41":"pa_size-finishing-120x80-v-cernem-drevenem-ramu","43":"first","44":"instock","45":"purchasable","46":"product-type-variable","47":"has-default-attributes"},"aioseo_notices":[],"_links":{"self":[{"href":"https:\/\/interiorposter.com\/cs\/wp-json\/wp\/v2\/product\/303376","targetHints":{"allow":["GET"]}}],"collection":[{"href":"https:\/\/interiorposter.com\/cs\/wp-json\/wp\/v2\/product"}],"about":[{"href":"https:\/\/interiorposter.com\/cs\/wp-json\/wp\/v2\/types\/product"}],"replies":[{"embeddable":true,"href":"https:\/\/interiorposter.com\/cs\/wp-json\/wp\/v2\/comments?post=303376"}],"wp:featuredmedia":[{"embeddable":true,"href":"https:\/\/interiorposter.com\/cs\/wp-json\/wp\/v2\/media\/267290"}],"wp:attachment":[{"href":"https:\/\/interiorposter.com\/cs\/wp-json\/wp\/v2\/media?parent=303376"}],"wp:term":[{"taxonomy":"product_brand","embeddable":true,"href":"https:\/\/interiorposter.com\/cs\/wp-json\/wp\/v2\/product_brand?post=303376"},{"taxonomy":"product_cat","embeddable":true,"href":"https:\/\/interiorposter.com\/cs\/wp-json\/wp\/v2\/product_cat?post=303376"},{"taxonomy":"product_tag","embeddable":true,"href":"https:\/\/interiorposter.com\/cs\/wp-json\/wp\/v2\/product_tag?post=303376"}],"curies":[{"name":"wp","href":"https:\/\/api.w.org\/{rel}","templated":true}]}}