{"id":303294,"date":"2026-03-16T00:31:11","date_gmt":"2026-03-15T23:31:11","guid":{"rendered":"https:\/\/interiorposter.com\/product\/obraz-na-plotnie-pastelowy-kwiat-w-delikatnej-mgielce\/"},"modified":"2026-03-22T23:43:08","modified_gmt":"2026-03-22T22:43:08","slug":"obraz-na-plotnie-pastelowy-kwiat-w-delikatnej-mgielce","status":"publish","type":"product","link":"https:\/\/interiorposter.com\/cs\/product\/obraz-na-plotnie-pastelowy-kwiat-w-delikatnej-mgielce\/","title":{"rendered":"Obraz na pl\u00e1tn\u011b Pastelov\u00fd kv\u011bt v jemn\u00e9m oparu"},"content":{"rendered":"<p>Tento jemn\u00fd obraz na pl\u00e1tn\u011b s motivem kv\u011btu okouzl\u00ed lehkost\u00ed, klidnou atmosf\u00e9rou a mimo\u0159\u00e1dn\u011b m\u011bkkou barevnost\u00ed. Zesv\u011btlen\u00e9 odst\u00edny r\u016f\u017eov\u00e9, fialov\u00e9, \u0161ed\u00e9 a b\u00edl\u00e9 vytv\u00e1\u0159ej\u00ed pastelovou kompozici, kter\u00e1 do interi\u00e9ru vnese harmonii, sv\u011b\u017eest a elegantn\u00ed lehkost. Tento obraz na st\u011bnu se skv\u011ble hod\u00ed do ob\u00fdvac\u00edho pokoje, lo\u017enice, p\u0159eds\u00edn\u011b, hotelu nebo kancel\u00e1\u0159e a kr\u00e1sn\u011b dopln\u00ed modern\u00ed, minimalistick\u00e9 i jemn\u011b \u017eensk\u00e9 aran\u017em\u00e1. Je ide\u00e1ln\u00ed volbou pro ty, kte\u0159\u00ed hledaj\u00ed dekoraci plnou nen\u00e1padn\u00e9ho p\u016fvabu, pom\u00e1haj\u00edc\u00ed vytvo\u0159it \u00fatulnou atmosf\u00e9ru a dodat prostoru jemn\u00fd um\u011bleck\u00fd akcent.<\/p>\n","protected":false},"excerpt":{"rendered":"<p>Pastelov\u00fd obraz na pl\u00e1tn\u011b s jemn\u00fdm motivem kv\u011btu v odst\u00ednech r\u016f\u017eov\u00e9, \u0161ed\u00e9 a b\u00edl\u00e9 vnese do interi\u00e9ru lehkost, klid a eleganci.<\/p>\n","protected":false},"featured_media":267087,"comment_status":"closed","ping_status":"closed","template":"","meta":[],"product_brand":[],"product_cat":[74,289,86,68,297,102,105,83,71,123],"product_tag":[702,698,277],"class_list":{"0":"post-303294","1":"product","2":"type-product","3":"status-publish","4":"has-post-thumbnail","6":"product_cat-hotel-cs","7":"product_cat-ilustrace","8":"product_cat-kancelar","9":"product_cat-loznice","10":"product_cat-malirsky","11":"product_cat-minimalisticky","12":"product_cat-moderni","13":"product_cat-obyvaci-pokoj","14":"product_cat-predsin","15":"product_cat-rostliny-a-kvetiny","16":"product_tag-horizontalni","17":"product_tag-moderni-obrazy","18":"product_tag-pastelove","19":"pa_size-finishing-30x20-standard-cs","20":"pa_size-finishing-30x20-na-italskem-platne","21":"pa_size-finishing-30x20-premium-print-cs","22":"pa_size-finishing-30x20-akusticky","23":"pa_size-finishing-60x40-standard-cs","24":"pa_size-finishing-60x40-na-italskem-platne","25":"pa_size-finishing-60x40-premium-print-cs","26":"pa_size-finishing-60x40-akusticky","27":"pa_size-finishing-60x40-v-prirodnim-drevenem-ramu","28":"pa_size-finishing-60x40-v-cernem-drevenem-ramu","29":"pa_size-finishing-90x60-standard-cs","30":"pa_size-finishing-90x60-na-italskem-platne","31":"pa_size-finishing-90x60-premium-print-cs","32":"pa_size-finishing-90x60-akusticky","33":"pa_size-finishing-90x60-v-prirodnim-drevenem-ramu","34":"pa_size-finishing-90x60-v-cernem-drevenem-ramu","35":"pa_size-finishing-120x80-standard-cs","36":"pa_size-finishing-120x80-na-italskem-platne","37":"pa_size-finishing-120x80-premium-print-cs","38":"pa_size-finishing-120x80-akusticky","39":"pa_size-finishing-120x80-v-prirodnim-drevenem-ramu","40":"pa_size-finishing-120x80-v-cernem-drevenem-ramu","42":"first","43":"instock","44":"purchasable","45":"product-type-variable","46":"has-default-attributes"},"aioseo_notices":[],"_links":{"self":[{"href":"https:\/\/interiorposter.com\/cs\/wp-json\/wp\/v2\/product\/303294","targetHints":{"allow":["GET"]}}],"collection":[{"href":"https:\/\/interiorposter.com\/cs\/wp-json\/wp\/v2\/product"}],"about":[{"href":"https:\/\/interiorposter.com\/cs\/wp-json\/wp\/v2\/types\/product"}],"replies":[{"embeddable":true,"href":"https:\/\/interiorposter.com\/cs\/wp-json\/wp\/v2\/comments?post=303294"}],"wp:featuredmedia":[{"embeddable":true,"href":"https:\/\/interiorposter.com\/cs\/wp-json\/wp\/v2\/media\/267087"}],"wp:attachment":[{"href":"https:\/\/interiorposter.com\/cs\/wp-json\/wp\/v2\/media?parent=303294"}],"wp:term":[{"taxonomy":"product_brand","embeddable":true,"href":"https:\/\/interiorposter.com\/cs\/wp-json\/wp\/v2\/product_brand?post=303294"},{"taxonomy":"product_cat","embeddable":true,"href":"https:\/\/interiorposter.com\/cs\/wp-json\/wp\/v2\/product_cat?post=303294"},{"taxonomy":"product_tag","embeddable":true,"href":"https:\/\/interiorposter.com\/cs\/wp-json\/wp\/v2\/product_tag?post=303294"}],"curies":[{"name":"wp","href":"https:\/\/api.w.org\/{rel}","templated":true}]}}