{"id":303209,"date":"2026-03-16T00:26:27","date_gmt":"2026-03-15T23:26:27","guid":{"rendered":"https:\/\/interiorposter.com\/product\/obraz-na-plotnie-abstrakcyjny-kwiat-w-kontrastach\/"},"modified":"2026-03-22T23:35:53","modified_gmt":"2026-03-22T22:35:53","slug":"obraz-na-plotnie-abstrakcyjny-kwiat-w-kontrastach","status":"publish","type":"product","link":"https:\/\/interiorposter.com\/cs\/product\/obraz-na-plotnie-abstrakcyjny-kwiat-w-kontrastach\/","title":{"rendered":"Obraz na pl\u00e1tn\u011b Abstraktn\u00ed kv\u011bt v kontrastn\u00edch t\u00f3nech"},"content":{"rendered":"<p>V\u00fdrazn\u00fd obraz na pl\u00e1tn\u011b s motivem abstraktn\u00ed kv\u011btiny zaujme siln\u00fdm kontrastem a modern\u00ed formou. Spojen\u00ed hlubok\u00e9 \u010dern\u00e9, jemn\u00e9 lomen\u00e9 b\u00edl\u00e9 a tepl\u00fdch b\u00e9\u017eovo zlat\u00fdch akcent\u016f vytv\u00e1\u0159\u00ed elegantn\u00ed kompozici, kter\u00e1 interi\u00e9ru dod\u00e1v\u00e1 charakter a stylovou energii. Tento obraz na st\u011bnu se skv\u011ble hod\u00ed do ob\u00fdvac\u00edho pokoje, lo\u017enice, kancel\u00e1\u0159e, hotelu nebo p\u0159eds\u00edn\u011b a stane se p\u016fsobiv\u00fdm dopl\u0148kem modern\u00edch i minimalistick\u00fdch aran\u017em\u00e1. Je to v\u00fdborn\u00e1 volba pro ty, kte\u0159\u00ed cht\u011bj\u00ed prostor o\u017eivit dekorac\u00ed s um\u011bleck\u00fdm n\u00e1bojem a nad\u010dasovou barevnost\u00ed.<\/p>\n","protected":false},"excerpt":{"rendered":"<p>Modern\u00ed obraz na pl\u00e1tn\u011b s abstraktn\u00ed kv\u011btinou v \u010dern\u00e9, lomen\u00e9 b\u00edl\u00e9 a b\u00e9\u017eovo zlat\u00fdch t\u00f3nech dod\u00e1 interi\u00e9ru eleganci a v\u00fdrazn\u00fd charakter.<\/p>\n","protected":false},"featured_media":266884,"comment_status":"closed","ping_status":"closed","template":"","meta":[],"product_brand":[],"product_cat":[95,99,74,86,68,297,102,105,83,71,123],"product_tag":[702,698,271,186],"class_list":{"0":"post-303209","1":"product","2":"type-product","3":"status-publish","4":"has-post-thumbnail","6":"product_cat-abstraktni","7":"product_cat-glamour-cs","8":"product_cat-hotel-cs","9":"product_cat-kancelar","10":"product_cat-loznice","11":"product_cat-malirsky","12":"product_cat-minimalisticky","13":"product_cat-moderni","14":"product_cat-obyvaci-pokoj","15":"product_cat-predsin","16":"product_cat-rostliny-a-kvetiny","17":"product_tag-horizontalni","18":"product_tag-moderni-obrazy","19":"product_tag-tmave","20":"product_tag-vicebarevny","21":"pa_size-finishing-30x20-standard-cs","22":"pa_size-finishing-30x20-na-italskem-platne","23":"pa_size-finishing-30x20-premium-print-cs","24":"pa_size-finishing-30x20-akusticky","25":"pa_size-finishing-60x40-standard-cs","26":"pa_size-finishing-60x40-na-italskem-platne","27":"pa_size-finishing-60x40-premium-print-cs","28":"pa_size-finishing-60x40-akusticky","29":"pa_size-finishing-60x40-v-prirodnim-drevenem-ramu","30":"pa_size-finishing-60x40-v-cernem-drevenem-ramu","31":"pa_size-finishing-90x60-standard-cs","32":"pa_size-finishing-90x60-na-italskem-platne","33":"pa_size-finishing-90x60-premium-print-cs","34":"pa_size-finishing-90x60-akusticky","35":"pa_size-finishing-90x60-v-prirodnim-drevenem-ramu","36":"pa_size-finishing-90x60-v-cernem-drevenem-ramu","37":"pa_size-finishing-120x80-standard-cs","38":"pa_size-finishing-120x80-na-italskem-platne","39":"pa_size-finishing-120x80-premium-print-cs","40":"pa_size-finishing-120x80-akusticky","41":"pa_size-finishing-120x80-v-prirodnim-drevenem-ramu","42":"pa_size-finishing-120x80-v-cernem-drevenem-ramu","44":"first","45":"instock","46":"purchasable","47":"product-type-variable","48":"has-default-attributes"},"aioseo_notices":[],"_links":{"self":[{"href":"https:\/\/interiorposter.com\/cs\/wp-json\/wp\/v2\/product\/303209","targetHints":{"allow":["GET"]}}],"collection":[{"href":"https:\/\/interiorposter.com\/cs\/wp-json\/wp\/v2\/product"}],"about":[{"href":"https:\/\/interiorposter.com\/cs\/wp-json\/wp\/v2\/types\/product"}],"replies":[{"embeddable":true,"href":"https:\/\/interiorposter.com\/cs\/wp-json\/wp\/v2\/comments?post=303209"}],"wp:featuredmedia":[{"embeddable":true,"href":"https:\/\/interiorposter.com\/cs\/wp-json\/wp\/v2\/media\/266884"}],"wp:attachment":[{"href":"https:\/\/interiorposter.com\/cs\/wp-json\/wp\/v2\/media?parent=303209"}],"wp:term":[{"taxonomy":"product_brand","embeddable":true,"href":"https:\/\/interiorposter.com\/cs\/wp-json\/wp\/v2\/product_brand?post=303209"},{"taxonomy":"product_cat","embeddable":true,"href":"https:\/\/interiorposter.com\/cs\/wp-json\/wp\/v2\/product_cat?post=303209"},{"taxonomy":"product_tag","embeddable":true,"href":"https:\/\/interiorposter.com\/cs\/wp-json\/wp\/v2\/product_tag?post=303209"}],"curies":[{"name":"wp","href":"https:\/\/api.w.org\/{rel}","templated":true}]}}