{"id":303126,"date":"2026-03-16T00:16:15","date_gmt":"2026-03-15T23:16:15","guid":{"rendered":"https:\/\/interiorposter.com\/product\/szeroki-obraz-na-plotnie-motyw-zlotych-kwiatow\/"},"modified":"2026-03-22T23:31:07","modified_gmt":"2026-03-22T22:31:07","slug":"szeroki-obraz-na-plotnie-motyw-zlotych-kwiatow","status":"publish","type":"product","link":"https:\/\/interiorposter.com\/cs\/product\/szeroki-obraz-na-plotnie-motyw-zlotych-kwiatow\/","title":{"rendered":"\u0160irok\u00fd obraz na pl\u00e1tn\u011b s motivem zlat\u00fdch kv\u011bt\u016f"},"content":{"rendered":"<p>Efektn\u00ed obraz na pl\u00e1tn\u011b v dlouh\u00e9m panoramatick\u00e9m form\u00e1tu zaujme eleganc\u00ed a dekorativn\u00edm proveden\u00edm. Motiv zlat\u00fdch kv\u011bt\u016f na pozad\u00ed hlubok\u00fdch hn\u011bd\u00fdch, \u0161ed\u00fdch t\u00f3n\u016f a strukturovan\u00fdch efekt\u016f vytv\u00e1\u0159\u00ed kompozici plnou stylu, lesku a vyt\u0159\u00edben\u00e9ho charakteru. Tento obraz na st\u011bnu vynikne zejm\u00e9na nad pohovkou, postel\u00ed, stolem nebo konzol\u00ed a kr\u00e1sn\u011b podtrhne styl ob\u00fdvac\u00edho pokoje, lo\u017enice, p\u0159eds\u00edn\u011b, hotelu nebo restaurace. Je ide\u00e1ln\u00ed volbou pro ty, kdo cht\u011bj\u00ed interi\u00e9ru dodat luxusn\u00ed akcent a dekoraci, kter\u00e1 p\u0159irozen\u011b p\u0159itahuje pozornost svou tmavou a elegantn\u00ed barevnost\u00ed.<\/p>\n","protected":false},"excerpt":{"rendered":"<p>Panoramatick\u00fd obraz na pl\u00e1tn\u011b se zlat\u00fdmi kv\u011bty v tmav\u00e9 a elegantn\u00ed barevnosti dod\u00e1 interi\u00e9ru styl a kr\u00e1sn\u011b ozdob\u00ed ob\u00fdvac\u00ed pokoj, lo\u017enici nebo hotel.<\/p>\n","protected":false},"featured_media":266478,"comment_status":"closed","ping_status":"closed","template":"","meta":[],"product_brand":[],"product_cat":[99,74,68,297,105,83,71,89,123],"product_tag":[702,698,915,271,186],"class_list":{"0":"post-303126","1":"product","2":"type-product","3":"status-publish","4":"has-post-thumbnail","6":"product_cat-glamour-cs","7":"product_cat-hotel-cs","8":"product_cat-loznice","9":"product_cat-malirsky","10":"product_cat-moderni","11":"product_cat-obyvaci-pokoj","12":"product_cat-predsin","13":"product_cat-restaurace","14":"product_cat-rostliny-a-kvetiny","15":"product_tag-horizontalni","16":"product_tag-moderni-obrazy","17":"product_tag-panoramaticke","18":"product_tag-tmave","19":"product_tag-vicebarevny","20":"pa_size-finishing-120x40-premium-print-cs","21":"pa_size-finishing-120x40-standard-cs","22":"pa_size-finishing-120x40-akusticky","23":"pa_size-finishing-120x40-na-italskem-platne","24":"pa_size-finishing-120x40-v-cernem-drevenem-ramu","25":"pa_size-finishing-120x40-v-prirodnim-drevenem-ramu","26":"pa_size-finishing-135x45-premium-print-cs","27":"pa_size-finishing-135x45-standard-cs","28":"pa_size-finishing-135x45-akusticky","29":"pa_size-finishing-135x45-na-italskem-platne","30":"pa_size-finishing-150x50-premium-print-cs","31":"pa_size-finishing-150x50-standard-cs","32":"pa_size-finishing-150x50-akusticky","33":"pa_size-finishing-150x50-na-italskem-platne","34":"pa_size-finishing-150x50-v-cernem-drevenem-ramu","35":"pa_size-finishing-150x50-v-prirodnim-drevenem-ramu","36":"pa_size-finishing-90x30-premium-print-cs","37":"pa_size-finishing-90x30-standard-cs","38":"pa_size-finishing-90x30-akustyczny-cs","39":"pa_size-finishing-90x30-na-italskem-platne","40":"pa_size-finishing-90x30-v-cernem-drevenem-ramu","41":"pa_size-finishing-90x30-v-prirodnim-drevenem-ramu","43":"first","44":"instock","45":"purchasable","46":"product-type-variable","47":"has-default-attributes"},"aioseo_notices":[],"_links":{"self":[{"href":"https:\/\/interiorposter.com\/cs\/wp-json\/wp\/v2\/product\/303126","targetHints":{"allow":["GET"]}}],"collection":[{"href":"https:\/\/interiorposter.com\/cs\/wp-json\/wp\/v2\/product"}],"about":[{"href":"https:\/\/interiorposter.com\/cs\/wp-json\/wp\/v2\/types\/product"}],"replies":[{"embeddable":true,"href":"https:\/\/interiorposter.com\/cs\/wp-json\/wp\/v2\/comments?post=303126"}],"wp:featuredmedia":[{"embeddable":true,"href":"https:\/\/interiorposter.com\/cs\/wp-json\/wp\/v2\/media\/266478"}],"wp:attachment":[{"href":"https:\/\/interiorposter.com\/cs\/wp-json\/wp\/v2\/media?parent=303126"}],"wp:term":[{"taxonomy":"product_brand","embeddable":true,"href":"https:\/\/interiorposter.com\/cs\/wp-json\/wp\/v2\/product_brand?post=303126"},{"taxonomy":"product_cat","embeddable":true,"href":"https:\/\/interiorposter.com\/cs\/wp-json\/wp\/v2\/product_cat?post=303126"},{"taxonomy":"product_tag","embeddable":true,"href":"https:\/\/interiorposter.com\/cs\/wp-json\/wp\/v2\/product_tag?post=303126"}],"curies":[{"name":"wp","href":"https:\/\/api.w.org\/{rel}","templated":true}]}}