{"id":303043,"date":"2026-03-15T23:56:52","date_gmt":"2026-03-15T22:56:52","guid":{"rendered":"https:\/\/interiorposter.com\/product\/obraz-na-plotnie-kwiat-w-pastelowych-barwach\/"},"modified":"2026-03-22T20:59:26","modified_gmt":"2026-03-22T19:59:26","slug":"obraz-na-plotnie-kwiat-w-pastelowych-barwach","status":"publish","type":"product","link":"https:\/\/interiorposter.com\/cs\/product\/obraz-na-plotnie-kwiat-w-pastelowych-barwach\/","title":{"rendered":"Obraz na pl\u00e1tn\u011b Kv\u011btina v pastelov\u00fdch barv\u00e1ch"},"content":{"rendered":"<p>Tento obraz na pl\u00e1tn\u011b okouzl\u00ed jednoduchost\u00ed formy a barvami, kter\u00e9 interi\u00e9r okam\u017eit\u011b z\u00fatuln\u00ed. Stylizovan\u00e1 kv\u011btina v pastelov\u00fdch odst\u00ednech zelen\u00e9, terakoty, oran\u017eov\u00e9 a b\u00e9\u017eov\u00e9 vnese do prostoru sv\u011b\u017eest, lehkost a jemn\u00fd um\u011bleck\u00fd n\u00e1dech. Je to dekorace, kter\u00e1 upout\u00e1 pohled, ale z\u00e1rove\u0148 nep\u016fsob\u00ed ru\u0161iv\u011b, a proto se skv\u011ble hod\u00ed do ob\u00fdvac\u00edho pokoje, lo\u017enice, p\u0159eds\u00edn\u011b, kancel\u00e1\u0159e i hotelov\u00e9ho interi\u00e9ru. Kr\u00e1sn\u011b podtrhne modern\u00ed i skandin\u00e1vsk\u00e9 aran\u017em\u00e1 a dod\u00e1 jim teplo, barvu a p\u0159\u00edjemnou energii. Pokud hled\u00e1te obraz na st\u011bnu, kter\u00fd prostor jemn\u011b o\u017eiv\u00ed a dod\u00e1 mu osobit\u00fd charakter, tento motiv bude v\u00fdbornou volbou.<\/p>\n","protected":false},"excerpt":{"rendered":"<p>Stylov\u00fd obraz na pl\u00e1tn\u011b s motivem kv\u011btiny v pastelov\u00fdch odst\u00ednech zelen\u00e9, b\u00e9\u017eov\u00e9 a terakoty kr\u00e1sn\u011b dopln\u00ed ob\u00fdvac\u00ed pokoj, lo\u017enici i modern\u00ed interi\u00e9ry.<\/p>\n","protected":false},"featured_media":265634,"comment_status":"closed","ping_status":"closed","template":"","meta":[],"product_brand":[],"product_cat":[74,289,86,68,102,105,83,71,123],"product_tag":[698,277,274,704],"class_list":{"0":"post-303043","1":"product","2":"type-product","3":"status-publish","4":"has-post-thumbnail","6":"product_cat-hotel-cs","7":"product_cat-ilustrace","8":"product_cat-kancelar","9":"product_cat-loznice","10":"product_cat-minimalisticky","11":"product_cat-moderni","12":"product_cat-obyvaci-pokoj","13":"product_cat-predsin","14":"product_cat-rostliny-a-kvetiny","15":"product_tag-moderni-obrazy","16":"product_tag-pastelove","17":"product_tag-svetle","18":"product_tag-vertikalni","19":"pa_size-finishing-20x30-standard-cs","20":"pa_size-finishing-20x30-na-italskem-platne","21":"pa_size-finishing-20x30-premium-print-cs","22":"pa_size-finishing-20x30-akusticky","23":"pa_size-finishing-40x60-standard-cs","24":"pa_size-finishing-40x60-na-italskem-platne","25":"pa_size-finishing-40x60-premium-print-cs","26":"pa_size-finishing-40x60-acoustic-cs","27":"pa_size-finishing-40x60-w-ramie-drewnianej-naturalnej-cs","28":"pa_size-finishing-40x60-v-cernem-drevenem-ramu","29":"pa_size-finishing-60x90-standard-cs","30":"pa_size-finishing-60x90-na-italskem-platne","31":"pa_size-finishing-60x90-premium-print-cs","32":"pa_size-finishing-60x90-akustyczny-cs","33":"pa_size-finishing-60x90-v-prirodnim-drevenem-ramu","34":"pa_size-finishing-60x90-v-cernem-drevenem-ramu","35":"pa_size-finishing-80x120-standard-cs","36":"pa_size-finishing-80x120-na-italskem-platne","37":"pa_size-finishing-80x120-premium-print-cs","38":"pa_size-finishing-80x120-akustyczny-cs","39":"pa_size-finishing-80x120-v-prirodnim-drevenem-ramu","40":"pa_size-finishing-80x120-v-cernem-drevenem-ramu","42":"first","43":"instock","44":"purchasable","45":"product-type-variable","46":"has-default-attributes"},"aioseo_notices":[],"_links":{"self":[{"href":"https:\/\/interiorposter.com\/cs\/wp-json\/wp\/v2\/product\/303043","targetHints":{"allow":["GET"]}}],"collection":[{"href":"https:\/\/interiorposter.com\/cs\/wp-json\/wp\/v2\/product"}],"about":[{"href":"https:\/\/interiorposter.com\/cs\/wp-json\/wp\/v2\/types\/product"}],"replies":[{"embeddable":true,"href":"https:\/\/interiorposter.com\/cs\/wp-json\/wp\/v2\/comments?post=303043"}],"wp:featuredmedia":[{"embeddable":true,"href":"https:\/\/interiorposter.com\/cs\/wp-json\/wp\/v2\/media\/265634"}],"wp:attachment":[{"href":"https:\/\/interiorposter.com\/cs\/wp-json\/wp\/v2\/media?parent=303043"}],"wp:term":[{"taxonomy":"product_brand","embeddable":true,"href":"https:\/\/interiorposter.com\/cs\/wp-json\/wp\/v2\/product_brand?post=303043"},{"taxonomy":"product_cat","embeddable":true,"href":"https:\/\/interiorposter.com\/cs\/wp-json\/wp\/v2\/product_cat?post=303043"},{"taxonomy":"product_tag","embeddable":true,"href":"https:\/\/interiorposter.com\/cs\/wp-json\/wp\/v2\/product_tag?post=303043"}],"curies":[{"name":"wp","href":"https:\/\/api.w.org\/{rel}","templated":true}]}}