{"id":28731,"date":"2025-06-22T15:19:34","date_gmt":"2025-06-22T13:19:34","guid":{"rendered":"https:\/\/interiorposter.com\/product\/obraz-na-plotnie-most-golden-gate-san-francisco\/"},"modified":"2025-12-15T01:02:47","modified_gmt":"2025-12-15T00:02:47","slug":"obraz-na-plotnie-most-golden-gate-san-francisco","status":"publish","type":"product","link":"https:\/\/interiorposter.com\/cs\/product\/obraz-na-plotnie-most-golden-gate-san-francisco\/","title":{"rendered":"Obraz na pl\u00e1tn\u011b: Most Golden Gate a oce\u00e1nsk\u00e9 vlny"},"content":{"rendered":"<p>Okouzlete se legend\u00e1rn\u00edm v\u00fdhledem na San Francisco d\u00edky obrazu &#8220;Panorama mostu Golden Gate&#8221;. Tato vysoce kvalitn\u00ed fotografie zachycuje ikonick\u00fd most v tepl\u00fdch \u010derveno-oran\u017eov\u00fdch odst\u00ednech osv\u011btlen\u00fdch podve\u010dern\u00edm sv\u011btlem. Pozad\u00ed zdob\u00ed rozbou\u0159en\u00e9 vody z\u00e1livu, skalnat\u00e9 pob\u0159e\u017e\u00ed a na obzoru se r\u00fdsuj\u00edc\u00ed hory, kter\u00e9 dod\u00e1vaj\u00ed kompozici hloubku a prostor.<\/p>\n<p>Obraz je v \u017eiv\u00fdch, v\u00edcebarevn\u00fdch t\u00f3nech, kter\u00e9 rozz\u00e1\u0159\u00ed ka\u017ed\u00fd interi\u00e9r.<\/p>\n<p>Tento modern\u00ed obraz s panoramatem je ide\u00e1ln\u00ed jako dekorace do ob\u00fdvac\u00edho pokoje, elegantn\u00ed kancel\u00e1\u0159e, hotelov\u00e9 haly nebo stylov\u00e9 p\u0159eds\u00edn\u011b. Jeho t\u00e9ma oslov\u00ed milovn\u00edky architektury, m\u011bstsk\u00fdch krajin a cestov\u00e1n\u00ed.<\/p>\n<p>P\u0159idejte sv\u00e9mu interi\u00e9ru kousek kalifornsk\u00e9 atmosf\u00e9ry \u2013 tento obraz na pl\u00e1tn\u011b je kombinac\u00ed klasiky, kvality a v\u00fdrazn\u00e9ho stylu.<\/p>\n","protected":false},"excerpt":{"rendered":"<p>Most Golden Gate v tepl\u00fdch barv\u00e1ch \u2013 modern\u00ed obraz na pl\u00e1tn\u011b, ide\u00e1ln\u00ed do ob\u00fdvac\u00edho pokoje, kancel\u00e1\u0159e, hotelu a p\u0159eds\u00edn\u011b.<\/p>\n","protected":false},"featured_media":64109,"comment_status":"open","ping_status":"closed","template":"","meta":[],"product_brand":[],"product_cat":[108,74,86,120,105,83,71],"product_tag":[702,186],"class_list":{"0":"post-28731","1":"product","2":"type-product","3":"status-publish","4":"has-post-thumbnail","6":"product_cat-fotografie","7":"product_cat-hotel-cs","8":"product_cat-kancelar","9":"product_cat-mesta-a-mosty","10":"product_cat-moderni","11":"product_cat-obyvaci-pokoj","12":"product_cat-predsin","13":"product_tag-horizontalni","14":"product_tag-vicebarevny","16":"first","17":"instock","18":"taxable","19":"shipping-taxable","20":"purchasable","21":"product-type-variable","22":"has-default-attributes"},"aioseo_notices":[],"_links":{"self":[{"href":"https:\/\/interiorposter.com\/cs\/wp-json\/wp\/v2\/product\/28731","targetHints":{"allow":["GET"]}}],"collection":[{"href":"https:\/\/interiorposter.com\/cs\/wp-json\/wp\/v2\/product"}],"about":[{"href":"https:\/\/interiorposter.com\/cs\/wp-json\/wp\/v2\/types\/product"}],"replies":[{"embeddable":true,"href":"https:\/\/interiorposter.com\/cs\/wp-json\/wp\/v2\/comments?post=28731"}],"wp:featuredmedia":[{"embeddable":true,"href":"https:\/\/interiorposter.com\/cs\/wp-json\/wp\/v2\/media\/64109"}],"wp:attachment":[{"href":"https:\/\/interiorposter.com\/cs\/wp-json\/wp\/v2\/media?parent=28731"}],"wp:term":[{"taxonomy":"product_brand","embeddable":true,"href":"https:\/\/interiorposter.com\/cs\/wp-json\/wp\/v2\/product_brand?post=28731"},{"taxonomy":"product_cat","embeddable":true,"href":"https:\/\/interiorposter.com\/cs\/wp-json\/wp\/v2\/product_cat?post=28731"},{"taxonomy":"product_tag","embeddable":true,"href":"https:\/\/interiorposter.com\/cs\/wp-json\/wp\/v2\/product_tag?post=28731"}],"curies":[{"name":"wp","href":"https:\/\/api.w.org\/{rel}","templated":true}]}}