{"id":281001,"date":"2026-03-21T00:26:13","date_gmt":"2026-03-20T23:26:13","guid":{"rendered":"https:\/\/interiorposter.com\/product\/obraz-na-plotnie-mglisty-pejzaz-z-ptakami\/"},"modified":"2026-03-21T01:11:35","modified_gmt":"2026-03-21T00:11:35","slug":"obraz-na-plotnie-mglisty-pejzaz-z-ptakami","status":"publish","type":"product","link":"https:\/\/interiorposter.com\/cs\/product\/obraz-na-plotnie-mglisty-pejzaz-z-ptakami\/","title":{"rendered":"Obraz na pl\u00e1tn\u011b Ml\u017en\u00e1 krajina s pt\u00e1ky"},"content":{"rendered":"<p>Tento obraz na pl\u00e1tn\u011b vnese do interi\u00e9ru atmosf\u00e9ru ticha, klidu a jemn\u00e9ho tajemstv\u00ed. Jemn\u011b rozost\u0159en\u00e1 krajina s vodn\u00ed hladinou, m\u011bkk\u00fdm sv\u011btlem a siluetami pt\u00e1k\u016f vytv\u00e1\u0159\u00ed p\u016fsobivou kompozici, kter\u00e1 podporuje uvoln\u011bn\u00ed a p\u0159\u00edjemn\u00e9 zklidn\u011bn\u00ed. Tlumen\u00e1, tmav\u0161\u00ed barevnost v odst\u00ednech n\u00e1mo\u0159nick\u00e9 mod\u0159i, \u0161ed\u00e9 a jemn\u011b b\u00e9\u017eov\u00e9 se skv\u011ble hod\u00ed do ob\u00fdvac\u00edho pokoje, lo\u017enice, pracovny, hotelu nebo p\u0159eds\u00edn\u011b. Je to elegantn\u00ed obraz na st\u011bnu pro ty, kte\u0159\u00ed oce\u0148uj\u00ed obrazy na pl\u00e1tn\u011b inspirovan\u00e9 p\u0159\u00edrodou, modern\u00ed obrazy do ob\u00fdvac\u00edho pokoje a nad\u010dasovou estetiku s emotivn\u00ed hloubkou.<\/p>\n","protected":false},"excerpt":{"rendered":"<p>Atmosf\u00e9rick\u00fd obraz na pl\u00e1tn\u011b s ml\u017enou krajinou, vodou a pt\u00e1ky v tlumen\u00e9 tmav\u00e9 barevnosti. Ide\u00e1ln\u00ed do ob\u00fdvac\u00edho pokoje, lo\u017enice a elegantn\u00edch interi\u00e9r\u016f.<\/p>\n","protected":false},"featured_media":274523,"comment_status":"closed","ping_status":"closed","template":"","meta":[],"product_brand":[],"product_cat":[74,86,135,68,297,105,141,83,71,111,254],"product_tag":[702,698,180,271],"class_list":{"0":"post-281001","1":"product","2":"type-product","3":"status-publish","4":"has-post-thumbnail","6":"product_cat-hotel-cs","7":"product_cat-kancelar","8":"product_cat-krajiny","9":"product_cat-loznice","10":"product_cat-malirsky","11":"product_cat-moderni","12":"product_cat-more-a-pobrezi","13":"product_cat-obyvaci-pokoj","14":"product_cat-predsin","15":"product_cat-skandinavsky","16":"product_cat-zvirata-a-priroda","17":"product_tag-horizontalni","18":"product_tag-moderni-obrazy","19":"product_tag-seda","20":"product_tag-tmave","21":"pa_size-finishing-30x20-standard-cs","22":"pa_size-finishing-30x20-na-italskem-platne","23":"pa_size-finishing-30x20-premium-print-cs","24":"pa_size-finishing-30x20-akusticky","25":"pa_size-finishing-60x40-standard-cs","26":"pa_size-finishing-60x40-na-italskem-platne","27":"pa_size-finishing-60x40-premium-print-cs","28":"pa_size-finishing-60x40-akusticky","29":"pa_size-finishing-60x40-v-prirodnim-drevenem-ramu","30":"pa_size-finishing-60x40-v-cernem-drevenem-ramu","31":"pa_size-finishing-90x60-standard-cs","32":"pa_size-finishing-90x60-na-italskem-platne","33":"pa_size-finishing-90x60-premium-print-cs","34":"pa_size-finishing-90x60-akusticky","35":"pa_size-finishing-90x60-v-prirodnim-drevenem-ramu","36":"pa_size-finishing-90x60-v-cernem-drevenem-ramu","37":"pa_size-finishing-120x80-standard-cs","38":"pa_size-finishing-120x80-na-italskem-platne","39":"pa_size-finishing-120x80-premium-print-cs","40":"pa_size-finishing-120x80-akusticky","41":"pa_size-finishing-120x80-v-prirodnim-drevenem-ramu","42":"pa_size-finishing-120x80-v-cernem-drevenem-ramu","44":"first","45":"instock","46":"purchasable","47":"product-type-variable","48":"has-default-attributes"},"aioseo_notices":[],"_links":{"self":[{"href":"https:\/\/interiorposter.com\/cs\/wp-json\/wp\/v2\/product\/281001","targetHints":{"allow":["GET"]}}],"collection":[{"href":"https:\/\/interiorposter.com\/cs\/wp-json\/wp\/v2\/product"}],"about":[{"href":"https:\/\/interiorposter.com\/cs\/wp-json\/wp\/v2\/types\/product"}],"replies":[{"embeddable":true,"href":"https:\/\/interiorposter.com\/cs\/wp-json\/wp\/v2\/comments?post=281001"}],"wp:featuredmedia":[{"embeddable":true,"href":"https:\/\/interiorposter.com\/cs\/wp-json\/wp\/v2\/media\/274523"}],"wp:attachment":[{"href":"https:\/\/interiorposter.com\/cs\/wp-json\/wp\/v2\/media?parent=281001"}],"wp:term":[{"taxonomy":"product_brand","embeddable":true,"href":"https:\/\/interiorposter.com\/cs\/wp-json\/wp\/v2\/product_brand?post=281001"},{"taxonomy":"product_cat","embeddable":true,"href":"https:\/\/interiorposter.com\/cs\/wp-json\/wp\/v2\/product_cat?post=281001"},{"taxonomy":"product_tag","embeddable":true,"href":"https:\/\/interiorposter.com\/cs\/wp-json\/wp\/v2\/product_tag?post=281001"}],"curies":[{"name":"wp","href":"https:\/\/api.w.org\/{rel}","templated":true}]}}