{"id":280736,"date":"2026-03-21T00:31:15","date_gmt":"2026-03-20T23:31:15","guid":{"rendered":"https:\/\/interiorposter.com\/product\/obraz-na-plotnie-geometryczna-architektura-w-bieli\/"},"modified":"2026-03-21T00:48:24","modified_gmt":"2026-03-20T23:48:24","slug":"obraz-na-plotnie-geometryczna-architektura-w-bieli","status":"publish","type":"product","link":"https:\/\/interiorposter.com\/cs\/product\/obraz-na-plotnie-geometryczna-architektura-w-bieli\/","title":{"rendered":"Obraz na pl\u00e1tn\u011b Geometrick\u00e1 architektura v b\u00edl\u00e9"},"content":{"rendered":"<p>Tento obraz na pl\u00e1tn\u011b upout\u00e1 pohled rytmem tvar\u016f, sv\u011btlem a elegantn\u00ed jednoduchost\u00ed modern\u00ed architektury. Opakuj\u00edc\u00ed se linie a jemn\u00e9 oblouky vytv\u00e1\u0159ej\u00ed efekt harmonie, kter\u00fd skv\u011ble podtrhne stylov\u00fd interi\u00e9r a dod\u00e1 mu uspo\u0159\u00e1dan\u00fd, designov\u00fd charakter. Sv\u011btl\u00e1, tlumen\u00e1, monochromatick\u00e1 barevnost v odst\u00ednech b\u00edl\u00e9 a \u0161ed\u00e9 z n\u011bj d\u011bl\u00e1 ide\u00e1ln\u00ed obraz do ob\u00fdvac\u00edho pokoje, pracovny, lo\u017enice, p\u0159eds\u00edn\u011b, hotelu nebo restaurace. Je to skv\u011bl\u00e1 volba pro ty, kte\u0159\u00ed oce\u0148uj\u00ed modern\u00ed obrazy na st\u011bnu, minimalismus a nad\u010dasovou estetiku.<\/p>\n","protected":false},"excerpt":{"rendered":"<p>Elegantn\u00ed obraz na pl\u00e1tn\u011b s motivem geometrick\u00e9 architektury ve sv\u011btl\u00fdch monochromatick\u00fdch t\u00f3nech. Ide\u00e1ln\u00ed do ob\u00fdvac\u00edho pokoje, pracovny a modern\u00edch interi\u00e9r\u016f.<\/p>\n","protected":false},"featured_media":276163,"comment_status":"closed","ping_status":"closed","template":"","meta":[],"product_brand":[],"product_cat":[108,210,74,132,86,68,102,105,83,71,89],"product_tag":[698,180,274,704],"class_list":{"0":"post-280736","1":"product","2":"type-product","3":"status-publish","4":"has-post-thumbnail","6":"product_cat-fotografie","7":"product_cat-geometricke","8":"product_cat-hotel-cs","9":"product_cat-industrialni","10":"product_cat-kancelar","11":"product_cat-loznice","12":"product_cat-minimalisticky","13":"product_cat-moderni","14":"product_cat-obyvaci-pokoj","15":"product_cat-predsin","16":"product_cat-restaurace","17":"product_tag-moderni-obrazy","18":"product_tag-seda","19":"product_tag-svetle","20":"product_tag-vertikalni","21":"pa_size-finishing-20x30-standard-cs","22":"pa_size-finishing-20x30-na-italskem-platne","23":"pa_size-finishing-20x30-premium-print-cs","24":"pa_size-finishing-20x30-akusticky","25":"pa_size-finishing-40x60-standard-cs","26":"pa_size-finishing-40x60-na-italskem-platne","27":"pa_size-finishing-40x60-premium-print-cs","28":"pa_size-finishing-40x60-acoustic-cs","29":"pa_size-finishing-40x60-w-ramie-drewnianej-naturalnej-cs","30":"pa_size-finishing-40x60-v-cernem-drevenem-ramu","31":"pa_size-finishing-60x90-standard-cs","32":"pa_size-finishing-60x90-na-italskem-platne","33":"pa_size-finishing-60x90-premium-print-cs","34":"pa_size-finishing-60x90-akustyczny-cs","35":"pa_size-finishing-60x90-v-prirodnim-drevenem-ramu","36":"pa_size-finishing-60x90-v-cernem-drevenem-ramu","37":"pa_size-finishing-80x120-standard-cs","38":"pa_size-finishing-80x120-na-italskem-platne","39":"pa_size-finishing-80x120-premium-print-cs","40":"pa_size-finishing-80x120-akustyczny-cs","41":"pa_size-finishing-80x120-v-prirodnim-drevenem-ramu","42":"pa_size-finishing-80x120-v-cernem-drevenem-ramu","44":"first","45":"instock","46":"purchasable","47":"product-type-variable","48":"has-default-attributes"},"aioseo_notices":[],"_links":{"self":[{"href":"https:\/\/interiorposter.com\/cs\/wp-json\/wp\/v2\/product\/280736","targetHints":{"allow":["GET"]}}],"collection":[{"href":"https:\/\/interiorposter.com\/cs\/wp-json\/wp\/v2\/product"}],"about":[{"href":"https:\/\/interiorposter.com\/cs\/wp-json\/wp\/v2\/types\/product"}],"replies":[{"embeddable":true,"href":"https:\/\/interiorposter.com\/cs\/wp-json\/wp\/v2\/comments?post=280736"}],"wp:featuredmedia":[{"embeddable":true,"href":"https:\/\/interiorposter.com\/cs\/wp-json\/wp\/v2\/media\/276163"}],"wp:attachment":[{"href":"https:\/\/interiorposter.com\/cs\/wp-json\/wp\/v2\/media?parent=280736"}],"wp:term":[{"taxonomy":"product_brand","embeddable":true,"href":"https:\/\/interiorposter.com\/cs\/wp-json\/wp\/v2\/product_brand?post=280736"},{"taxonomy":"product_cat","embeddable":true,"href":"https:\/\/interiorposter.com\/cs\/wp-json\/wp\/v2\/product_cat?post=280736"},{"taxonomy":"product_tag","embeddable":true,"href":"https:\/\/interiorposter.com\/cs\/wp-json\/wp\/v2\/product_tag?post=280736"}],"curies":[{"name":"wp","href":"https:\/\/api.w.org\/{rel}","templated":true}]}}