{"id":278622,"date":"2026-03-15T12:54:41","date_gmt":"2026-03-15T11:54:41","guid":{"rendered":"https:\/\/interiorposter.com\/product\/obraz-na-plotnie-zloty-pejzaz-w-orientalnym-stylu\/"},"modified":"2026-03-19T02:40:45","modified_gmt":"2026-03-19T01:40:45","slug":"obraz-na-plotnie-zloty-pejzaz-w-orientalnym-stylu","status":"publish","type":"product","link":"https:\/\/interiorposter.com\/cs\/product\/obraz-na-plotnie-zloty-pejzaz-w-orientalnym-stylu\/","title":{"rendered":"Obraz na pl\u00e1tn\u011b Zlat\u00e1 krajina v orient\u00e1ln\u00edm stylu"},"content":{"rendered":"<p>Jemn\u00e1 kompozice inspirovan\u00e1 orient\u00e1ln\u00ed krajinou okouzl\u00ed lehkost\u00ed, klidem a elegantn\u00edm zpracov\u00e1n\u00edm. Delik\u00e1tn\u00ed linie hor, zlat\u00e9 akcenty a sv\u011btl\u00e9, tlumen\u00e9 pozad\u00ed vytv\u00e1\u0159ej\u00ed harmonickou dekoraci na ze\u010f, kter\u00e1 vnese do interi\u00e9ru atmosf\u00e9ru zklidn\u011bn\u00ed a vyt\u0159\u00edben\u00e9ho stylu. Tento obraz na pl\u00e1tn\u011b je skv\u011blou volbou do ob\u00fdvac\u00edho pokoje, lo\u017enice, kancel\u00e1\u0159e, hotelu, restaurace i p\u0159eds\u00edn\u011b a dod\u00e1 prostoru jedine\u010dn\u00fd um\u011bleck\u00fd charakter. Sv\u011btl\u00e1 barevnost v odst\u00ednech b\u00edl\u00e9, b\u00e9\u017eov\u00e9, zlat\u00e9 a jemn\u011b pudrov\u00fdch t\u00f3n\u016f kr\u00e1sn\u011b projasn\u00ed st\u011bnu a podtrhne eleganci aran\u017em\u00e1.<\/p>\n","protected":false},"excerpt":{"rendered":"","protected":false},"featured_media":260702,"comment_status":"closed","ping_status":"closed","template":"","meta":[],"product_brand":[],"product_cat":[74,86,207,135,68,297,102,105,83,71,89],"product_tag":[702,698,274,186],"class_list":{"0":"post-278622","1":"product","2":"type-product","3":"status-publish","4":"has-post-thumbnail","6":"product_cat-hotel-cs","7":"product_cat-kancelar","8":"product_cat-konceptualni-umeni","9":"product_cat-krajiny","10":"product_cat-loznice","11":"product_cat-malirsky","12":"product_cat-minimalisticky","13":"product_cat-moderni","14":"product_cat-obyvaci-pokoj","15":"product_cat-predsin","16":"product_cat-restaurace","17":"product_tag-horizontalni","18":"product_tag-moderni-obrazy","19":"product_tag-svetle","20":"product_tag-vicebarevny","21":"pa_size-finishing-30x20-standard-cs","22":"pa_size-finishing-30x20-na-italskem-platne","23":"pa_size-finishing-30x20-premium-print-cs","24":"pa_size-finishing-30x20-akusticky","25":"pa_size-finishing-60x40-standard-cs","26":"pa_size-finishing-60x40-na-italskem-platne","27":"pa_size-finishing-60x40-premium-print-cs","28":"pa_size-finishing-60x40-akusticky","29":"pa_size-finishing-60x40-v-prirodnim-drevenem-ramu","30":"pa_size-finishing-60x40-v-cernem-drevenem-ramu","31":"pa_size-finishing-90x60-standard-cs","32":"pa_size-finishing-90x60-na-italskem-platne","33":"pa_size-finishing-90x60-premium-print-cs","34":"pa_size-finishing-90x60-akusticky","35":"pa_size-finishing-90x60-v-prirodnim-drevenem-ramu","36":"pa_size-finishing-90x60-v-cernem-drevenem-ramu","37":"pa_size-finishing-120x80-standard-cs","38":"pa_size-finishing-120x80-na-italskem-platne","39":"pa_size-finishing-120x80-premium-print-cs","40":"pa_size-finishing-120x80-akusticky","41":"pa_size-finishing-120x80-v-prirodnim-drevenem-ramu","42":"pa_size-finishing-120x80-v-cernem-drevenem-ramu","44":"first","45":"instock","46":"purchasable","47":"product-type-variable","48":"has-default-attributes"},"aioseo_notices":[],"_links":{"self":[{"href":"https:\/\/interiorposter.com\/cs\/wp-json\/wp\/v2\/product\/278622","targetHints":{"allow":["GET"]}}],"collection":[{"href":"https:\/\/interiorposter.com\/cs\/wp-json\/wp\/v2\/product"}],"about":[{"href":"https:\/\/interiorposter.com\/cs\/wp-json\/wp\/v2\/types\/product"}],"replies":[{"embeddable":true,"href":"https:\/\/interiorposter.com\/cs\/wp-json\/wp\/v2\/comments?post=278622"}],"wp:featuredmedia":[{"embeddable":true,"href":"https:\/\/interiorposter.com\/cs\/wp-json\/wp\/v2\/media\/260702"}],"wp:attachment":[{"href":"https:\/\/interiorposter.com\/cs\/wp-json\/wp\/v2\/media?parent=278622"}],"wp:term":[{"taxonomy":"product_brand","embeddable":true,"href":"https:\/\/interiorposter.com\/cs\/wp-json\/wp\/v2\/product_brand?post=278622"},{"taxonomy":"product_cat","embeddable":true,"href":"https:\/\/interiorposter.com\/cs\/wp-json\/wp\/v2\/product_cat?post=278622"},{"taxonomy":"product_tag","embeddable":true,"href":"https:\/\/interiorposter.com\/cs\/wp-json\/wp\/v2\/product_tag?post=278622"}],"curies":[{"name":"wp","href":"https:\/\/api.w.org\/{rel}","templated":true}]}}