{"id":278313,"date":"2026-03-15T03:50:41","date_gmt":"2026-03-15T02:50:41","guid":{"rendered":"https:\/\/interiorposter.com\/product\/obraz-na-plotnie-zlota-geometria-w-eleganckiej-formie\/"},"modified":"2026-03-19T02:19:48","modified_gmt":"2026-03-19T01:19:48","slug":"obraz-na-plotnie-zlota-geometria-w-eleganckiej-formie","status":"publish","type":"product","link":"https:\/\/interiorposter.com\/cs\/product\/obraz-na-plotnie-zlota-geometria-w-eleganckiej-formie\/","title":{"rendered":"Obraz na pl\u00e1tn\u011b Zlat\u00e1 geometrie v elegantn\u00ed form\u011b"},"content":{"rendered":"<p>Vyt\u0159\u00edben\u00e1 geometrick\u00e1 kompozice zaujme harmoni\u00ed lini\u00ed, jemn\u00fdm leskem a modern\u00ed eleganc\u00ed. Spojen\u00ed zlat\u00e9, b\u00edl\u00e9, \u0161ed\u00e9 a \u010dern\u00fdch akcent\u016f vytv\u00e1\u0159\u00ed luxusn\u00ed, a p\u0159itom vyv\u00e1\u017een\u00fd efekt, kter\u00fd kr\u00e1sn\u011b podtrhne charakter interi\u00e9ru. Tento obraz na pl\u00e1tn\u011b je skv\u011blou volbou do ob\u00fdvac\u00edho pokoje, lo\u017enice, kancel\u00e1\u0159e, hotelu, p\u0159eds\u00edn\u011b nebo stylov\u00e9 restaurace, kde prostoru dod\u00e1 noblesu a designov\u00fd v\u00fdraz. Je ide\u00e1ln\u00ed pro ty, kte\u0159\u00ed hledaj\u00ed modern\u00ed dekoraci na ze\u010f s geometrick\u00fdm uspo\u0159\u00e1d\u00e1n\u00edm a nad\u010dasovou barevnost\u00ed.<\/p>\n","protected":false},"excerpt":{"rendered":"","protected":false},"featured_media":239232,"comment_status":"closed","ping_status":"closed","template":"","meta":[],"product_brand":[],"product_cat":[95,210,99,74,86,68,102,105,83,71,89],"product_tag":[698,274,704],"class_list":{"0":"post-278313","1":"product","2":"type-product","3":"status-publish","4":"has-post-thumbnail","6":"product_cat-abstraktni","7":"product_cat-geometricke","8":"product_cat-glamour-cs","9":"product_cat-hotel-cs","10":"product_cat-kancelar","11":"product_cat-loznice","12":"product_cat-minimalisticky","13":"product_cat-moderni","14":"product_cat-obyvaci-pokoj","15":"product_cat-predsin","16":"product_cat-restaurace","17":"product_tag-moderni-obrazy","18":"product_tag-svetle","19":"product_tag-vertikalni","20":"pa_size-finishing-20x30-standard-cs","21":"pa_size-finishing-20x30-na-italskem-platne","22":"pa_size-finishing-20x30-premium-print-cs","23":"pa_size-finishing-20x30-akusticky","24":"pa_size-finishing-40x60-standard-cs","25":"pa_size-finishing-40x60-na-italskem-platne","26":"pa_size-finishing-40x60-premium-print-cs","27":"pa_size-finishing-40x60-acoustic-cs","28":"pa_size-finishing-40x60-w-ramie-drewnianej-naturalnej-cs","29":"pa_size-finishing-40x60-v-cernem-drevenem-ramu","30":"pa_size-finishing-60x90-standard-cs","31":"pa_size-finishing-60x90-na-italskem-platne","32":"pa_size-finishing-60x90-premium-print-cs","33":"pa_size-finishing-60x90-akustyczny-cs","34":"pa_size-finishing-60x90-v-prirodnim-drevenem-ramu","35":"pa_size-finishing-60x90-v-cernem-drevenem-ramu","36":"pa_size-finishing-80x120-standard-cs","37":"pa_size-finishing-80x120-na-italskem-platne","38":"pa_size-finishing-80x120-premium-print-cs","39":"pa_size-finishing-80x120-akustyczny-cs","40":"pa_size-finishing-80x120-v-prirodnim-drevenem-ramu","41":"pa_size-finishing-80x120-v-cernem-drevenem-ramu","43":"first","44":"instock","45":"purchasable","46":"product-type-variable","47":"has-default-attributes"},"aioseo_notices":[],"_links":{"self":[{"href":"https:\/\/interiorposter.com\/cs\/wp-json\/wp\/v2\/product\/278313","targetHints":{"allow":["GET"]}}],"collection":[{"href":"https:\/\/interiorposter.com\/cs\/wp-json\/wp\/v2\/product"}],"about":[{"href":"https:\/\/interiorposter.com\/cs\/wp-json\/wp\/v2\/types\/product"}],"replies":[{"embeddable":true,"href":"https:\/\/interiorposter.com\/cs\/wp-json\/wp\/v2\/comments?post=278313"}],"wp:featuredmedia":[{"embeddable":true,"href":"https:\/\/interiorposter.com\/cs\/wp-json\/wp\/v2\/media\/239232"}],"wp:attachment":[{"href":"https:\/\/interiorposter.com\/cs\/wp-json\/wp\/v2\/media?parent=278313"}],"wp:term":[{"taxonomy":"product_brand","embeddable":true,"href":"https:\/\/interiorposter.com\/cs\/wp-json\/wp\/v2\/product_brand?post=278313"},{"taxonomy":"product_cat","embeddable":true,"href":"https:\/\/interiorposter.com\/cs\/wp-json\/wp\/v2\/product_cat?post=278313"},{"taxonomy":"product_tag","embeddable":true,"href":"https:\/\/interiorposter.com\/cs\/wp-json\/wp\/v2\/product_tag?post=278313"}],"curies":[{"name":"wp","href":"https:\/\/api.w.org\/{rel}","templated":true}]}}