{"id":278216,"date":"2026-03-15T12:18:10","date_gmt":"2026-03-15T11:18:10","guid":{"rendered":"https:\/\/interiorposter.com\/product\/obraz-na-plotnie-abstrakcyjny-pejzaz-w-szlachetnych-barwach\/"},"modified":"2026-03-19T02:09:59","modified_gmt":"2026-03-19T01:09:59","slug":"obraz-na-plotnie-abstrakcyjny-pejzaz-w-szlachetnych-barwach","status":"publish","type":"product","link":"https:\/\/interiorposter.com\/cs\/product\/obraz-na-plotnie-abstrakcyjny-pejzaz-w-szlachetnych-barwach\/","title":{"rendered":"Obraz na pl\u00e1tn\u011b Abstraktn\u00ed krajina ve vzne\u0161en\u00fdch barv\u00e1ch"},"content":{"rendered":"<p>Abstrakce v mal\u00ed\u0159sk\u00e9m stylu inspirovan\u00e1 krajinou okouzl\u00ed hloubkou barev a elegantn\u00edm um\u011bleck\u00fdm v\u00fdrazem. Spojen\u00ed tyrkysov\u00e9, b\u00edl\u00e9, rezav\u011b hn\u011bd\u00e9, tlumen\u00e9 oran\u017eov\u00e9 a jemn\u00fdch fialov\u00fdch akcent\u016f vytv\u00e1\u0159\u00ed teplou a z\u00e1rove\u0148 vyt\u0159\u00edbenou kompozici, kter\u00e1 kr\u00e1sn\u011b podtrhne charakter interi\u00e9ru. Tento obraz na pl\u00e1tn\u011b se skv\u011ble hod\u00ed do ob\u00fdvac\u00edho pokoje, lo\u017enice, kancel\u00e1\u0159e, hotelu, restaurace i p\u0159eds\u00edn\u011b a dod\u00e1 prostoru styl i \u00fatulnou energii. Je to skv\u011bl\u00e1 volba pro ty, kte\u0159\u00ed oce\u0148uj\u00ed modern\u00ed dekorace na ze\u010f s mal\u00ed\u0159skou lehkost\u00ed a m\u00f3dn\u00ed barevnost\u00ed.<\/p>\n","protected":false},"excerpt":{"rendered":"","protected":false},"featured_media":259078,"comment_status":"closed","ping_status":"closed","template":"","meta":[],"product_brand":[],"product_cat":[95,74,86,207,135,68,297,105,83,71,89],"product_tag":[702,698,186],"class_list":{"0":"post-278216","1":"product","2":"type-product","3":"status-publish","4":"has-post-thumbnail","6":"product_cat-abstraktni","7":"product_cat-hotel-cs","8":"product_cat-kancelar","9":"product_cat-konceptualni-umeni","10":"product_cat-krajiny","11":"product_cat-loznice","12":"product_cat-malirsky","13":"product_cat-moderni","14":"product_cat-obyvaci-pokoj","15":"product_cat-predsin","16":"product_cat-restaurace","17":"product_tag-horizontalni","18":"product_tag-moderni-obrazy","19":"product_tag-vicebarevny","20":"pa_size-finishing-30x20-standard-cs","21":"pa_size-finishing-30x20-na-italskem-platne","22":"pa_size-finishing-30x20-premium-print-cs","23":"pa_size-finishing-30x20-akusticky","24":"pa_size-finishing-60x40-standard-cs","25":"pa_size-finishing-60x40-na-italskem-platne","26":"pa_size-finishing-60x40-premium-print-cs","27":"pa_size-finishing-60x40-akusticky","28":"pa_size-finishing-60x40-v-prirodnim-drevenem-ramu","29":"pa_size-finishing-60x40-v-cernem-drevenem-ramu","30":"pa_size-finishing-90x60-standard-cs","31":"pa_size-finishing-90x60-na-italskem-platne","32":"pa_size-finishing-90x60-premium-print-cs","33":"pa_size-finishing-90x60-akusticky","34":"pa_size-finishing-90x60-v-prirodnim-drevenem-ramu","35":"pa_size-finishing-90x60-v-cernem-drevenem-ramu","36":"pa_size-finishing-120x80-standard-cs","37":"pa_size-finishing-120x80-na-italskem-platne","38":"pa_size-finishing-120x80-premium-print-cs","39":"pa_size-finishing-120x80-akusticky","40":"pa_size-finishing-120x80-v-prirodnim-drevenem-ramu","41":"pa_size-finishing-120x80-v-cernem-drevenem-ramu","43":"first","44":"instock","45":"purchasable","46":"product-type-variable","47":"has-default-attributes"},"aioseo_notices":[],"_links":{"self":[{"href":"https:\/\/interiorposter.com\/cs\/wp-json\/wp\/v2\/product\/278216","targetHints":{"allow":["GET"]}}],"collection":[{"href":"https:\/\/interiorposter.com\/cs\/wp-json\/wp\/v2\/product"}],"about":[{"href":"https:\/\/interiorposter.com\/cs\/wp-json\/wp\/v2\/types\/product"}],"replies":[{"embeddable":true,"href":"https:\/\/interiorposter.com\/cs\/wp-json\/wp\/v2\/comments?post=278216"}],"wp:featuredmedia":[{"embeddable":true,"href":"https:\/\/interiorposter.com\/cs\/wp-json\/wp\/v2\/media\/259078"}],"wp:attachment":[{"href":"https:\/\/interiorposter.com\/cs\/wp-json\/wp\/v2\/media?parent=278216"}],"wp:term":[{"taxonomy":"product_brand","embeddable":true,"href":"https:\/\/interiorposter.com\/cs\/wp-json\/wp\/v2\/product_brand?post=278216"},{"taxonomy":"product_cat","embeddable":true,"href":"https:\/\/interiorposter.com\/cs\/wp-json\/wp\/v2\/product_cat?post=278216"},{"taxonomy":"product_tag","embeddable":true,"href":"https:\/\/interiorposter.com\/cs\/wp-json\/wp\/v2\/product_tag?post=278216"}],"curies":[{"name":"wp","href":"https:\/\/api.w.org\/{rel}","templated":true}]}}