{"id":278128,"date":"2026-03-15T09:35:50","date_gmt":"2026-03-15T08:35:50","guid":{"rendered":"https:\/\/interiorposter.com\/product\/obraz-na-plotnie-kolorowy-rytm-nowoczesnego-wnetrza\/"},"modified":"2026-03-19T01:48:31","modified_gmt":"2026-03-19T00:48:31","slug":"obraz-na-plotnie-kolorowy-rytm-nowoczesnego-wnetrza","status":"publish","type":"product","link":"https:\/\/interiorposter.com\/cs\/product\/obraz-na-plotnie-kolorowy-rytm-nowoczesnego-wnetrza\/","title":{"rendered":"Obraz na pl\u00e1tn\u011b Barevn\u00fd rytmus modern\u00edho interi\u00e9ru"},"content":{"rendered":"<p>Energick\u00e1 abstrakce s plynulou, vln\u00edc\u00ed se lini\u00ed zaujme intenzivn\u00edmi barvami a modern\u00edm charakterem. Spojen\u00ed r\u016f\u017eov\u00e9, fialov\u00e9, modr\u00e9, \u017elut\u00e9 a oran\u017eov\u00e9 vytv\u00e1\u0159\u00ed v\u00fdraznou a dynamickou kompozici, kter\u00e1 o\u017eiv\u00ed interi\u00e9r a dod\u00e1 mu designov\u00fd styl. Tento obraz na pl\u00e1tn\u011b se skv\u011ble hod\u00ed do ob\u00fdvac\u00edho pokoje, kancel\u00e1\u0159e, p\u0159eds\u00edn\u011b, hotelu nebo modern\u00ed restaurace, kde se stane v\u00fdrazn\u00fdm dekorativn\u00edm prvkem. Je to ide\u00e1ln\u00ed volba pro ty, kte\u0159\u00ed hledaj\u00ed modern\u00ed dekoraci na ze\u010f plnou barev, pohybu a kreativn\u00ed energie.<\/p>\n","protected":false},"excerpt":{"rendered":"<p>Modern\u00ed obraz na pl\u00e1tn\u011b s neonovou abstrakc\u00ed v intenzivn\u00edch barv\u00e1ch. V\u00fdrazn\u00e1 dekorace na ze\u010f do ob\u00fdvac\u00edho pokoje, kancel\u00e1\u0159e, p\u0159eds\u00edn\u011b nebo hotelu.<\/p>\n","protected":false},"featured_media":256117,"comment_status":"closed","ping_status":"closed","template":"","meta":[],"product_brand":[],"product_cat":[95,210,74,86,207,102,105,83,71,89],"product_tag":[698,704,186],"class_list":{"0":"post-278128","1":"product","2":"type-product","3":"status-publish","4":"has-post-thumbnail","6":"product_cat-abstraktni","7":"product_cat-geometricke","8":"product_cat-hotel-cs","9":"product_cat-kancelar","10":"product_cat-konceptualni-umeni","11":"product_cat-minimalisticky","12":"product_cat-moderni","13":"product_cat-obyvaci-pokoj","14":"product_cat-predsin","15":"product_cat-restaurace","16":"product_tag-moderni-obrazy","17":"product_tag-vertikalni","18":"product_tag-vicebarevny","19":"pa_size-finishing-20x30-standard-cs","20":"pa_size-finishing-20x30-na-italskem-platne","21":"pa_size-finishing-20x30-premium-print-cs","22":"pa_size-finishing-20x30-akusticky","23":"pa_size-finishing-40x60-standard-cs","24":"pa_size-finishing-40x60-na-italskem-platne","25":"pa_size-finishing-40x60-premium-print-cs","26":"pa_size-finishing-40x60-acoustic-cs","27":"pa_size-finishing-40x60-w-ramie-drewnianej-naturalnej-cs","28":"pa_size-finishing-40x60-v-cernem-drevenem-ramu","29":"pa_size-finishing-60x90-standard-cs","30":"pa_size-finishing-60x90-na-italskem-platne","31":"pa_size-finishing-60x90-premium-print-cs","32":"pa_size-finishing-60x90-akustyczny-cs","33":"pa_size-finishing-60x90-v-prirodnim-drevenem-ramu","34":"pa_size-finishing-60x90-v-cernem-drevenem-ramu","35":"pa_size-finishing-80x120-standard-cs","36":"pa_size-finishing-80x120-na-italskem-platne","37":"pa_size-finishing-80x120-premium-print-cs","38":"pa_size-finishing-80x120-akustyczny-cs","39":"pa_size-finishing-80x120-v-prirodnim-drevenem-ramu","40":"pa_size-finishing-80x120-v-cernem-drevenem-ramu","42":"first","43":"instock","44":"purchasable","45":"product-type-variable","46":"has-default-attributes"},"aioseo_notices":[],"_links":{"self":[{"href":"https:\/\/interiorposter.com\/cs\/wp-json\/wp\/v2\/product\/278128","targetHints":{"allow":["GET"]}}],"collection":[{"href":"https:\/\/interiorposter.com\/cs\/wp-json\/wp\/v2\/product"}],"about":[{"href":"https:\/\/interiorposter.com\/cs\/wp-json\/wp\/v2\/types\/product"}],"replies":[{"embeddable":true,"href":"https:\/\/interiorposter.com\/cs\/wp-json\/wp\/v2\/comments?post=278128"}],"wp:featuredmedia":[{"embeddable":true,"href":"https:\/\/interiorposter.com\/cs\/wp-json\/wp\/v2\/media\/256117"}],"wp:attachment":[{"href":"https:\/\/interiorposter.com\/cs\/wp-json\/wp\/v2\/media?parent=278128"}],"wp:term":[{"taxonomy":"product_brand","embeddable":true,"href":"https:\/\/interiorposter.com\/cs\/wp-json\/wp\/v2\/product_brand?post=278128"},{"taxonomy":"product_cat","embeddable":true,"href":"https:\/\/interiorposter.com\/cs\/wp-json\/wp\/v2\/product_cat?post=278128"},{"taxonomy":"product_tag","embeddable":true,"href":"https:\/\/interiorposter.com\/cs\/wp-json\/wp\/v2\/product_tag?post=278128"}],"curies":[{"name":"wp","href":"https:\/\/api.w.org\/{rel}","templated":true}]}}