{"id":277816,"date":"2026-03-16T08:48:06","date_gmt":"2026-03-16T07:48:06","guid":{"rendered":"https:\/\/interiorposter.com\/product\/obraz-na-plotnie-zen-kamienie-w-bezach-i-czerni\/"},"modified":"2026-03-19T01:37:11","modified_gmt":"2026-03-19T00:37:11","slug":"obraz-na-plotnie-zen-kamienie-w-bezach-i-czerni","status":"publish","type":"product","link":"https:\/\/interiorposter.com\/cs\/product\/obraz-na-plotnie-zen-kamienie-w-bezach-i-czerni\/","title":{"rendered":"Obraz na pl\u00e1tn\u011b Zen kameny v b\u00e9\u017eov\u00e9 a \u010dern\u00e9"},"content":{"rendered":"<p>Minimalistick\u00e1 kompozice inspirovan\u00e1 skl\u00e1dan\u00fdmi kameny vnese do interi\u00e9ru klid, rovnov\u00e1hu a modern\u00ed eleganci. Tento obraz na pl\u00e1tn\u011b skv\u011ble dopln\u00ed ob\u00fdvac\u00ed pokoj, lo\u017enici, kancel\u00e1\u0159, p\u0159eds\u00ed\u0148, hotel nebo stylovou restauraci. Sv\u011btl\u00e9 pozad\u00ed a tlumen\u00e1 paleta b\u00e9\u017eov\u00e9, \u0161ed\u00e9, b\u00edl\u00e9 a hlubok\u00e9 \u010dern\u00e9 p\u016fsob\u00ed lehce, a p\u0159itom v\u00fdrazn\u011b. Je to skv\u011bl\u00e1 volba pro milovn\u00edky harmonick\u00fdch interi\u00e9r\u016f, kte\u0159\u00ed hledaj\u00ed m\u00f3dn\u00ed dekoraci na ze\u010f s klidn\u00fdm, p\u0159\u00edrodn\u00edm a nad\u010dasov\u00fdm charakterem.<\/p>\n","protected":false},"excerpt":{"rendered":"","protected":false},"featured_media":267911,"comment_status":"closed","ping_status":"closed","template":"","meta":[],"product_brand":[],"product_cat":[95,210,74,289,86,68,102,105,83,71,89,111],"product_tag":[698,274,704,186],"class_list":{"0":"post-277816","1":"product","2":"type-product","3":"status-publish","4":"has-post-thumbnail","6":"product_cat-abstraktni","7":"product_cat-geometricke","8":"product_cat-hotel-cs","9":"product_cat-ilustrace","10":"product_cat-kancelar","11":"product_cat-loznice","12":"product_cat-minimalisticky","13":"product_cat-moderni","14":"product_cat-obyvaci-pokoj","15":"product_cat-predsin","16":"product_cat-restaurace","17":"product_cat-skandinavsky","18":"product_tag-moderni-obrazy","19":"product_tag-svetle","20":"product_tag-vertikalni","21":"product_tag-vicebarevny","22":"pa_size-finishing-20x30-standard-cs","23":"pa_size-finishing-20x30-na-italskem-platne","24":"pa_size-finishing-20x30-premium-print-cs","25":"pa_size-finishing-20x30-akusticky","26":"pa_size-finishing-40x60-standard-cs","27":"pa_size-finishing-40x60-na-italskem-platne","28":"pa_size-finishing-40x60-premium-print-cs","29":"pa_size-finishing-40x60-acoustic-cs","30":"pa_size-finishing-40x60-w-ramie-drewnianej-naturalnej-cs","31":"pa_size-finishing-40x60-v-cernem-drevenem-ramu","32":"pa_size-finishing-60x90-standard-cs","33":"pa_size-finishing-60x90-na-italskem-platne","34":"pa_size-finishing-60x90-premium-print-cs","35":"pa_size-finishing-60x90-akustyczny-cs","36":"pa_size-finishing-60x90-v-prirodnim-drevenem-ramu","37":"pa_size-finishing-60x90-v-cernem-drevenem-ramu","38":"pa_size-finishing-80x120-standard-cs","39":"pa_size-finishing-80x120-na-italskem-platne","40":"pa_size-finishing-80x120-premium-print-cs","41":"pa_size-finishing-80x120-akustyczny-cs","42":"pa_size-finishing-80x120-v-prirodnim-drevenem-ramu","43":"pa_size-finishing-80x120-v-cernem-drevenem-ramu","45":"first","46":"instock","47":"purchasable","48":"product-type-variable","49":"has-default-attributes"},"aioseo_notices":[],"_links":{"self":[{"href":"https:\/\/interiorposter.com\/cs\/wp-json\/wp\/v2\/product\/277816","targetHints":{"allow":["GET"]}}],"collection":[{"href":"https:\/\/interiorposter.com\/cs\/wp-json\/wp\/v2\/product"}],"about":[{"href":"https:\/\/interiorposter.com\/cs\/wp-json\/wp\/v2\/types\/product"}],"replies":[{"embeddable":true,"href":"https:\/\/interiorposter.com\/cs\/wp-json\/wp\/v2\/comments?post=277816"}],"wp:featuredmedia":[{"embeddable":true,"href":"https:\/\/interiorposter.com\/cs\/wp-json\/wp\/v2\/media\/267911"}],"wp:attachment":[{"href":"https:\/\/interiorposter.com\/cs\/wp-json\/wp\/v2\/media?parent=277816"}],"wp:term":[{"taxonomy":"product_brand","embeddable":true,"href":"https:\/\/interiorposter.com\/cs\/wp-json\/wp\/v2\/product_brand?post=277816"},{"taxonomy":"product_cat","embeddable":true,"href":"https:\/\/interiorposter.com\/cs\/wp-json\/wp\/v2\/product_cat?post=277816"},{"taxonomy":"product_tag","embeddable":true,"href":"https:\/\/interiorposter.com\/cs\/wp-json\/wp\/v2\/product_tag?post=277816"}],"curies":[{"name":"wp","href":"https:\/\/api.w.org\/{rel}","templated":true}]}}