{"id":277735,"date":"2026-03-16T00:21:36","date_gmt":"2026-03-15T23:21:36","guid":{"rendered":"https:\/\/interiorposter.com\/product\/obraz-na-plotnie-subtelne-kwiaty-na-blekitnym-tle\/"},"modified":"2026-03-19T01:27:27","modified_gmt":"2026-03-19T00:27:27","slug":"obraz-na-plotnie-subtelne-kwiaty-na-blekitnym-tle","status":"publish","type":"product","link":"https:\/\/interiorposter.com\/cs\/product\/obraz-na-plotnie-subtelne-kwiaty-na-blekitnym-tle\/","title":{"rendered":"Obraz na pl\u00e1tn\u011b Jemn\u00e9 kv\u011bty na modr\u00e9m pozad\u00ed"},"content":{"rendered":"<p>Jemn\u00e1 kompozice sv\u011btl\u00fdch kv\u011bt\u016f na klidn\u00e9m modr\u00e9m pozad\u00ed vnese do interi\u00e9ru lehkost, harmonii a elegantn\u00ed klid. Tento obraz na pl\u00e1tn\u011b se skv\u011ble hod\u00ed do ob\u00fdvac\u00edho pokoje, lo\u017enice, p\u0159eds\u00edn\u011b, hotelu, kancel\u00e1\u0159e i romanticky za\u0159\u00edzen\u00e9 restaurace. Sv\u011btl\u00e9 pastelov\u00e9 barvy s t\u00f3ny b\u00edl\u00e9, b\u00e9\u017eov\u00e9 a tlumen\u00e9 modr\u00e9 prostor opticky projasn\u00ed a vytvo\u0159\u00ed \u00fatulnou atmosf\u00e9ru. Je to skv\u011bl\u00e1 volba pro ty, kte\u0159\u00ed hledaj\u00ed stylovou dekoraci na ze\u010f, kter\u00e1 spojuje modern\u00ed estetiku s nad\u010dasov\u00fdm kv\u011btinov\u00fdm motivem.<\/p>\n","protected":false},"excerpt":{"rendered":"","protected":false},"featured_media":266681,"comment_status":"closed","ping_status":"closed","template":"","meta":[],"product_brand":[],"product_cat":[74,289,86,68,102,105,83,71,89,123,111],"product_tag":[702,698,277],"class_list":{"0":"post-277735","1":"product","2":"type-product","3":"status-publish","4":"has-post-thumbnail","6":"product_cat-hotel-cs","7":"product_cat-ilustrace","8":"product_cat-kancelar","9":"product_cat-loznice","10":"product_cat-minimalisticky","11":"product_cat-moderni","12":"product_cat-obyvaci-pokoj","13":"product_cat-predsin","14":"product_cat-restaurace","15":"product_cat-rostliny-a-kvetiny","16":"product_cat-skandinavsky","17":"product_tag-horizontalni","18":"product_tag-moderni-obrazy","19":"product_tag-pastelove","20":"pa_size-finishing-30x20-standard-cs","21":"pa_size-finishing-30x20-na-italskem-platne","22":"pa_size-finishing-30x20-premium-print-cs","23":"pa_size-finishing-30x20-akusticky","24":"pa_size-finishing-60x40-standard-cs","25":"pa_size-finishing-60x40-na-italskem-platne","26":"pa_size-finishing-60x40-premium-print-cs","27":"pa_size-finishing-60x40-akusticky","28":"pa_size-finishing-60x40-v-prirodnim-drevenem-ramu","29":"pa_size-finishing-60x40-v-cernem-drevenem-ramu","30":"pa_size-finishing-90x60-standard-cs","31":"pa_size-finishing-90x60-na-italskem-platne","32":"pa_size-finishing-90x60-premium-print-cs","33":"pa_size-finishing-90x60-akusticky","34":"pa_size-finishing-90x60-v-prirodnim-drevenem-ramu","35":"pa_size-finishing-90x60-v-cernem-drevenem-ramu","36":"pa_size-finishing-120x80-standard-cs","37":"pa_size-finishing-120x80-na-italskem-platne","38":"pa_size-finishing-120x80-premium-print-cs","39":"pa_size-finishing-120x80-akusticky","40":"pa_size-finishing-120x80-v-prirodnim-drevenem-ramu","41":"pa_size-finishing-120x80-v-cernem-drevenem-ramu","43":"first","44":"instock","45":"purchasable","46":"product-type-variable","47":"has-default-attributes"},"aioseo_notices":[],"_links":{"self":[{"href":"https:\/\/interiorposter.com\/cs\/wp-json\/wp\/v2\/product\/277735","targetHints":{"allow":["GET"]}}],"collection":[{"href":"https:\/\/interiorposter.com\/cs\/wp-json\/wp\/v2\/product"}],"about":[{"href":"https:\/\/interiorposter.com\/cs\/wp-json\/wp\/v2\/types\/product"}],"replies":[{"embeddable":true,"href":"https:\/\/interiorposter.com\/cs\/wp-json\/wp\/v2\/comments?post=277735"}],"wp:featuredmedia":[{"embeddable":true,"href":"https:\/\/interiorposter.com\/cs\/wp-json\/wp\/v2\/media\/266681"}],"wp:attachment":[{"href":"https:\/\/interiorposter.com\/cs\/wp-json\/wp\/v2\/media?parent=277735"}],"wp:term":[{"taxonomy":"product_brand","embeddable":true,"href":"https:\/\/interiorposter.com\/cs\/wp-json\/wp\/v2\/product_brand?post=277735"},{"taxonomy":"product_cat","embeddable":true,"href":"https:\/\/interiorposter.com\/cs\/wp-json\/wp\/v2\/product_cat?post=277735"},{"taxonomy":"product_tag","embeddable":true,"href":"https:\/\/interiorposter.com\/cs\/wp-json\/wp\/v2\/product_tag?post=277735"}],"curies":[{"name":"wp","href":"https:\/\/api.w.org\/{rel}","templated":true}]}}