{"id":277652,"date":"2026-03-15T23:37:40","date_gmt":"2026-03-15T22:37:40","guid":{"rendered":"https:\/\/interiorposter.com\/product\/obraz-na-plotnie-tropikalny-motyw-geometryczny\/"},"modified":"2026-03-17T14:37:35","modified_gmt":"2026-03-17T13:37:35","slug":"obraz-na-plotnie-tropikalny-motyw-geometryczny","status":"publish","type":"product","link":"https:\/\/interiorposter.com\/cs\/product\/obraz-na-plotnie-tropikalny-motyw-geometryczny\/","title":{"rendered":"Obraz na pl\u00e1tn\u011b Tropick\u00fd geometrick\u00fd motiv"},"content":{"rendered":"<p>Modern\u00ed obraz na pl\u00e1tn\u011b s tropick\u00fdm motivem spojuje n\u00e1ladovou krajinu s v\u00fdraznou geometri\u00ed a vytv\u00e1\u0159\u00ed dekoraci plnou hloubky a elegantn\u00edho charakteru. Kompozice inspirovan\u00e1 exotickou vegetac\u00ed a tropickou atmosf\u00e9rou zaujme tmavou barevnost\u00ed zalo\u017eenou na odst\u00ednech n\u00e1mo\u0159nick\u00e9 mod\u0159i, fialov\u00e9, b\u00edl\u00e9 a jemn\u00fdch t\u00f3nech zapadaj\u00edc\u00ed oblohy. Je to v\u00fdrazn\u00fd obraz do ob\u00fdvac\u00edho pokoje, lo\u017enice, kancel\u00e1\u0159e, hotelu nebo p\u0159eds\u00edn\u011b, kter\u00fd p\u0159itahuje pohled a vytv\u00e1\u0159\u00ed stylovou atmosf\u00e9ru. Skv\u011ble podtrhne charakter modern\u00edch, minimalistick\u00fdch a elegantn\u00edch interi\u00e9r\u016f s n\u00e1dechem exotiky.<\/p>\n","protected":false},"excerpt":{"rendered":"","protected":false},"featured_media":264790,"comment_status":"closed","ping_status":"closed","template":"","meta":[],"product_brand":[],"product_cat":[95,210,74,289,86,207,68,102,105,83,71,123],"product_tag":[698,271,704],"class_list":{"0":"post-277652","1":"product","2":"type-product","3":"status-publish","4":"has-post-thumbnail","6":"product_cat-abstraktni","7":"product_cat-geometricke","8":"product_cat-hotel-cs","9":"product_cat-ilustrace","10":"product_cat-kancelar","11":"product_cat-konceptualni-umeni","12":"product_cat-loznice","13":"product_cat-minimalisticky","14":"product_cat-moderni","15":"product_cat-obyvaci-pokoj","16":"product_cat-predsin","17":"product_cat-rostliny-a-kvetiny","18":"product_tag-moderni-obrazy","19":"product_tag-tmave","20":"product_tag-vertikalni","21":"pa_size-finishing-20x30-standard-cs","22":"pa_size-finishing-20x30-na-italskem-platne","23":"pa_size-finishing-20x30-premium-print-cs","24":"pa_size-finishing-20x30-akusticky","25":"pa_size-finishing-40x60-standard-cs","26":"pa_size-finishing-40x60-na-italskem-platne","27":"pa_size-finishing-40x60-premium-print-cs","28":"pa_size-finishing-40x60-acoustic-cs","29":"pa_size-finishing-40x60-w-ramie-drewnianej-naturalnej-cs","30":"pa_size-finishing-40x60-v-cernem-drevenem-ramu","31":"pa_size-finishing-60x90-standard-cs","32":"pa_size-finishing-60x90-na-italskem-platne","33":"pa_size-finishing-60x90-premium-print-cs","34":"pa_size-finishing-60x90-akustyczny-cs","35":"pa_size-finishing-60x90-v-prirodnim-drevenem-ramu","36":"pa_size-finishing-60x90-v-cernem-drevenem-ramu","37":"pa_size-finishing-80x120-standard-cs","38":"pa_size-finishing-80x120-na-italskem-platne","39":"pa_size-finishing-80x120-premium-print-cs","40":"pa_size-finishing-80x120-akustyczny-cs","41":"pa_size-finishing-80x120-v-prirodnim-drevenem-ramu","42":"pa_size-finishing-80x120-v-cernem-drevenem-ramu","44":"first","45":"instock","46":"purchasable","47":"product-type-variable","48":"has-default-attributes"},"aioseo_notices":[],"_links":{"self":[{"href":"https:\/\/interiorposter.com\/cs\/wp-json\/wp\/v2\/product\/277652","targetHints":{"allow":["GET"]}}],"collection":[{"href":"https:\/\/interiorposter.com\/cs\/wp-json\/wp\/v2\/product"}],"about":[{"href":"https:\/\/interiorposter.com\/cs\/wp-json\/wp\/v2\/types\/product"}],"replies":[{"embeddable":true,"href":"https:\/\/interiorposter.com\/cs\/wp-json\/wp\/v2\/comments?post=277652"}],"wp:featuredmedia":[{"embeddable":true,"href":"https:\/\/interiorposter.com\/cs\/wp-json\/wp\/v2\/media\/264790"}],"wp:attachment":[{"href":"https:\/\/interiorposter.com\/cs\/wp-json\/wp\/v2\/media?parent=277652"}],"wp:term":[{"taxonomy":"product_brand","embeddable":true,"href":"https:\/\/interiorposter.com\/cs\/wp-json\/wp\/v2\/product_brand?post=277652"},{"taxonomy":"product_cat","embeddable":true,"href":"https:\/\/interiorposter.com\/cs\/wp-json\/wp\/v2\/product_cat?post=277652"},{"taxonomy":"product_tag","embeddable":true,"href":"https:\/\/interiorposter.com\/cs\/wp-json\/wp\/v2\/product_tag?post=277652"}],"curies":[{"name":"wp","href":"https:\/\/api.w.org\/{rel}","templated":true}]}}