{"id":232020,"date":"2026-03-05T22:41:51","date_gmt":"2026-03-05T21:41:51","guid":{"rendered":"https:\/\/interiorposter.com\/product\/obraz-na-plotnie-koliber-w-egzotycznych-barwach\/"},"modified":"2026-03-06T14:52:09","modified_gmt":"2026-03-06T13:52:09","slug":"obraz-na-plotnie-koliber-w-egzotycznych-barwach","status":"publish","type":"product","link":"https:\/\/interiorposter.com\/cs\/product\/obraz-na-plotnie-koliber-w-egzotycznych-barwach\/","title":{"rendered":"Obraz na pl\u00e1tn\u011b Kolib\u0159\u00edk v exotick\u00fdch barv\u00e1ch"},"content":{"rendered":"<p>Tento obraz na pl\u00e1tn\u011b s motivem kolib\u0159\u00edka zaujme intenzivn\u00ed barevnost\u00ed a vnese do interi\u00e9ru energii, sv\u011b\u017eest i v\u00fdrazn\u011b dekorativn\u00ed charakter. Dynamick\u00e9 zachycen\u00ed pt\u00e1ka v letu v kombinaci s exotick\u00fdmi kv\u011bty vytv\u00e1\u0159\u00ed efekt pln\u00fd lehkosti, pohybu a p\u0159irozen\u00e9 kr\u00e1sy. Tepl\u00e1, syt\u00e1 barevnost v odst\u00ednech oran\u017eov\u00e9, \u010derven\u00e9, zelen\u00e9, zlat\u00e9 a hlubok\u00e9 modr\u00e9 p\u0159itahuje pozornost a d\u011bl\u00e1 z obrazu v\u00fdraznou ozdobu cel\u00e9ho prostoru. Je to ide\u00e1ln\u00ed volba do ob\u00fdvac\u00edho pokoje, lo\u017enice, kancel\u00e1\u0159e, hotelu nebo restaurace pro ty, kte\u0159\u00ed hledaj\u00ed p\u016fsobiv\u00e9 obrazy na st\u011bnu inspirovan\u00e9 p\u0159\u00edrodou a exotikou.<\/p>\n","protected":false},"excerpt":{"rendered":"<p>P\u016fsobiv\u00fd obraz na pl\u00e1tn\u011b s kolib\u0159\u00edkem a exotick\u00fdmi kv\u011bty v intenzivn\u00ed barevnosti. Skv\u011ble se hod\u00ed do ob\u00fdvac\u00edho pokoje, lo\u017enice, kancel\u00e1\u0159e nebo restaurace a dod\u00e1v\u00e1 interi\u00e9ru energii, sv\u011b\u017eest i jedine\u010dn\u00fd charakter.<\/p>\n","protected":false},"featured_media":230243,"comment_status":"open","ping_status":"closed","template":"","meta":[],"product_brand":[],"product_cat":[108,74,86,80,68,105,83,71,89,123,254],"product_tag":[702,186],"class_list":{"0":"post-232020","1":"product","2":"type-product","3":"status-publish","4":"has-post-thumbnail","6":"product_cat-fotografie","7":"product_cat-hotel-cs","8":"product_cat-kancelar","9":"product_cat-kuchyne","10":"product_cat-loznice","11":"product_cat-moderni","12":"product_cat-obyvaci-pokoj","13":"product_cat-predsin","14":"product_cat-restaurace","15":"product_cat-rostliny-a-kvetiny","16":"product_cat-zvirata-a-priroda","17":"product_tag-horizontalni","18":"product_tag-vicebarevny","20":"first","21":"instock","22":"taxable","23":"shipping-taxable","24":"purchasable","25":"product-type-variable","26":"has-default-attributes"},"aioseo_notices":[],"_links":{"self":[{"href":"https:\/\/interiorposter.com\/cs\/wp-json\/wp\/v2\/product\/232020","targetHints":{"allow":["GET"]}}],"collection":[{"href":"https:\/\/interiorposter.com\/cs\/wp-json\/wp\/v2\/product"}],"about":[{"href":"https:\/\/interiorposter.com\/cs\/wp-json\/wp\/v2\/types\/product"}],"replies":[{"embeddable":true,"href":"https:\/\/interiorposter.com\/cs\/wp-json\/wp\/v2\/comments?post=232020"}],"wp:featuredmedia":[{"embeddable":true,"href":"https:\/\/interiorposter.com\/cs\/wp-json\/wp\/v2\/media\/230243"}],"wp:attachment":[{"href":"https:\/\/interiorposter.com\/cs\/wp-json\/wp\/v2\/media?parent=232020"}],"wp:term":[{"taxonomy":"product_brand","embeddable":true,"href":"https:\/\/interiorposter.com\/cs\/wp-json\/wp\/v2\/product_brand?post=232020"},{"taxonomy":"product_cat","embeddable":true,"href":"https:\/\/interiorposter.com\/cs\/wp-json\/wp\/v2\/product_cat?post=232020"},{"taxonomy":"product_tag","embeddable":true,"href":"https:\/\/interiorposter.com\/cs\/wp-json\/wp\/v2\/product_tag?post=232020"}],"curies":[{"name":"wp","href":"https:\/\/api.w.org\/{rel}","templated":true}]}}