{"id":231971,"date":"2026-03-05T20:41:58","date_gmt":"2026-03-05T19:41:58","guid":{"rendered":"https:\/\/interiorposter.com\/product\/obraz-na-plotnie-mewy-w-delikatnej-akwareli\/"},"modified":"2026-03-06T14:39:12","modified_gmt":"2026-03-06T13:39:12","slug":"obraz-na-plotnie-mewy-w-delikatnej-akwareli","status":"publish","type":"product","link":"https:\/\/interiorposter.com\/cs\/product\/obraz-na-plotnie-mewy-w-delikatnej-akwareli\/","title":{"rendered":"Obraz na pl\u00e1tn\u011b Rackov\u00e9 v jemn\u00e9m akvarelu"},"content":{"rendered":"<p>Tento obraz na pl\u00e1tn\u011b s motivem let\u00edc\u00edch rack\u016f vnese do interi\u00e9ru lehkost, sv\u011b\u017eest a klidnou p\u0159\u00edmo\u0159skou atmosf\u00e9ru. Jemn\u00e1 akvarelov\u00e1 kompozice okouzl\u00ed svou lehkost\u00ed a vzdu\u0161nost\u00ed, d\u00edky \u010demu\u017e dekorace opticky projas\u0148uje prostor a dod\u00e1v\u00e1 mu harmonick\u00fd charakter. Sv\u011btl\u00e1 pastelov\u00e1 barevnost v odst\u00ednech b\u00edl\u00e9, modr\u00e9 a jemn\u011b \u0161ed\u00e9 se skv\u011ble hod\u00ed do modern\u00edch, skandin\u00e1vsk\u00fdch i minimalistick\u00fdch interi\u00e9r\u016f. Je to ide\u00e1ln\u00ed obraz do ob\u00fdvac\u00edho pokoje, lo\u017enice, p\u0159eds\u00edn\u011b, kancel\u00e1\u0159e nebo hotelu, zejm\u00e9na pro ty, kte\u0159\u00ed hledaj\u00ed elegantn\u00ed obrazy na st\u011bnu inspirovan\u00e9 p\u0159\u00edrodou a mo\u0159em.<\/p>\n","protected":false},"excerpt":{"rendered":"","protected":false},"featured_media":231968,"comment_status":"open","ping_status":"closed","template":"","meta":[],"product_brand":[],"product_cat":[74,289,86,68,297,102,141,83,71,111,254],"product_tag":[702,180,274],"class_list":{"0":"post-231971","1":"product","2":"type-product","3":"status-publish","4":"has-post-thumbnail","6":"product_cat-hotel-cs","7":"product_cat-ilustrace","8":"product_cat-kancelar","9":"product_cat-loznice","10":"product_cat-malirsky","11":"product_cat-minimalisticky","12":"product_cat-more-a-pobrezi","13":"product_cat-obyvaci-pokoj","14":"product_cat-predsin","15":"product_cat-skandinavsky","16":"product_cat-zvirata-a-priroda","17":"product_tag-horizontalni","18":"product_tag-seda","19":"product_tag-svetle","21":"first","22":"instock","23":"taxable","24":"shipping-taxable","25":"product-type-variable","26":"has-default-attributes"},"aioseo_notices":[],"_links":{"self":[{"href":"https:\/\/interiorposter.com\/cs\/wp-json\/wp\/v2\/product\/231971","targetHints":{"allow":["GET"]}}],"collection":[{"href":"https:\/\/interiorposter.com\/cs\/wp-json\/wp\/v2\/product"}],"about":[{"href":"https:\/\/interiorposter.com\/cs\/wp-json\/wp\/v2\/types\/product"}],"replies":[{"embeddable":true,"href":"https:\/\/interiorposter.com\/cs\/wp-json\/wp\/v2\/comments?post=231971"}],"wp:featuredmedia":[{"embeddable":true,"href":"https:\/\/interiorposter.com\/cs\/wp-json\/wp\/v2\/media\/231968"}],"wp:attachment":[{"href":"https:\/\/interiorposter.com\/cs\/wp-json\/wp\/v2\/media?parent=231971"}],"wp:term":[{"taxonomy":"product_brand","embeddable":true,"href":"https:\/\/interiorposter.com\/cs\/wp-json\/wp\/v2\/product_brand?post=231971"},{"taxonomy":"product_cat","embeddable":true,"href":"https:\/\/interiorposter.com\/cs\/wp-json\/wp\/v2\/product_cat?post=231971"},{"taxonomy":"product_tag","embeddable":true,"href":"https:\/\/interiorposter.com\/cs\/wp-json\/wp\/v2\/product_tag?post=231971"}],"curies":[{"name":"wp","href":"https:\/\/api.w.org\/{rel}","templated":true}]}}