{"id":231868,"date":"2026-03-05T22:13:17","date_gmt":"2026-03-05T21:13:17","guid":{"rendered":"https:\/\/interiorposter.com\/product\/obraz-na-plotnie-biale-konie-w-galopie\/"},"modified":"2026-03-06T14:25:05","modified_gmt":"2026-03-06T13:25:05","slug":"obraz-na-plotnie-biale-konie-w-galopie","status":"publish","type":"product","link":"https:\/\/interiorposter.com\/cs\/product\/obraz-na-plotnie-biale-konie-w-galopie\/","title":{"rendered":"Obraz na pl\u00e1tn\u011b B\u00edl\u00ed kon\u011b v trysku"},"content":{"rendered":"<p>Tento obraz na pl\u00e1tn\u011b s motivem b\u00edl\u00fdch kon\u00ed v trysku zaujme eleganc\u00ed, dynamikou a nad\u010dasov\u00fdm charakterem. Kompozice pln\u00e1 pohybu vytv\u00e1\u0159\u00ed dojem svobody a s\u00edly, a z\u00e1rove\u0148 vnese do interi\u00e9ru klid i u\u0161lechtil\u00fd styl. Sv\u011btl\u00e1, tlumen\u00e1 barevnost v odst\u00ednech b\u00edl\u00e9, \u0161ed\u00e9 a jemn\u00e9 b\u00e9\u017eov\u00e9 se skv\u011ble hod\u00ed do modern\u00edch, minimalistick\u00fdch i klasicky elegantn\u00edch interi\u00e9r\u016f. Je to p\u016fsobiv\u00e1 volba do ob\u00fdvac\u00edho pokoje, lo\u017enice, kancel\u00e1\u0159e, hotelu nebo restaurace, ide\u00e1ln\u00ed pro ty, kte\u0159\u00ed hledaj\u00ed stylov\u00e9 obrazy na st\u011bnu s v\u00fdrazn\u00fdm a z\u00e1rove\u0148 harmonick\u00fdm motivem.<\/p>\n","protected":false},"excerpt":{"rendered":"<p>Elegantn\u00ed obraz na pl\u00e1tn\u011b s b\u00edl\u00fdmi ko\u0148mi v trysku ve sv\u011btl\u00e9, tlumen\u00e9 barevnosti. Skv\u011ble se hod\u00ed do ob\u00fdvac\u00edho pokoje, lo\u017enice, kancel\u00e1\u0159e nebo hotelu a dod\u00e1v\u00e1 interi\u00e9ru dynamiku, lehkost i u\u0161lechtil\u00fd charakter.<\/p>\n","protected":false},"featured_media":228994,"comment_status":"open","ping_status":"closed","template":"","meta":[],"product_brand":[],"product_cat":[108,74,86,68,102,83,89,254],"product_tag":[702,180],"class_list":{"0":"post-231868","1":"product","2":"type-product","3":"status-publish","4":"has-post-thumbnail","6":"product_cat-fotografie","7":"product_cat-hotel-cs","8":"product_cat-kancelar","9":"product_cat-loznice","10":"product_cat-minimalisticky","11":"product_cat-obyvaci-pokoj","12":"product_cat-restaurace","13":"product_cat-zvirata-a-priroda","14":"product_tag-horizontalni","15":"product_tag-seda","17":"first","18":"instock","19":"taxable","20":"shipping-taxable","21":"purchasable","22":"product-type-variable","23":"has-default-attributes"},"aioseo_notices":[],"_links":{"self":[{"href":"https:\/\/interiorposter.com\/cs\/wp-json\/wp\/v2\/product\/231868","targetHints":{"allow":["GET"]}}],"collection":[{"href":"https:\/\/interiorposter.com\/cs\/wp-json\/wp\/v2\/product"}],"about":[{"href":"https:\/\/interiorposter.com\/cs\/wp-json\/wp\/v2\/types\/product"}],"replies":[{"embeddable":true,"href":"https:\/\/interiorposter.com\/cs\/wp-json\/wp\/v2\/comments?post=231868"}],"wp:featuredmedia":[{"embeddable":true,"href":"https:\/\/interiorposter.com\/cs\/wp-json\/wp\/v2\/media\/228994"}],"wp:attachment":[{"href":"https:\/\/interiorposter.com\/cs\/wp-json\/wp\/v2\/media?parent=231868"}],"wp:term":[{"taxonomy":"product_brand","embeddable":true,"href":"https:\/\/interiorposter.com\/cs\/wp-json\/wp\/v2\/product_brand?post=231868"},{"taxonomy":"product_cat","embeddable":true,"href":"https:\/\/interiorposter.com\/cs\/wp-json\/wp\/v2\/product_cat?post=231868"},{"taxonomy":"product_tag","embeddable":true,"href":"https:\/\/interiorposter.com\/cs\/wp-json\/wp\/v2\/product_tag?post=231868"}],"curies":[{"name":"wp","href":"https:\/\/api.w.org\/{rel}","templated":true}]}}