{"id":231813,"date":"2026-03-05T16:54:37","date_gmt":"2026-03-05T15:54:37","guid":{"rendered":"https:\/\/interiorposter.com\/product\/obraz-na-plotnie-abstrakcyjne-czerwone-maki-w-stylu-akwarelowym\/"},"modified":"2026-03-06T13:51:41","modified_gmt":"2026-03-06T12:51:41","slug":"obraz-na-plotnie-abstrakcyjne-czerwone-maki-w-stylu-akwarelowym","status":"publish","type":"product","link":"https:\/\/interiorposter.com\/cs\/product\/obraz-na-plotnie-abstrakcyjne-czerwone-maki-w-stylu-akwarelowym\/","title":{"rendered":"Obraz na pl\u00e1tn\u011b Abstraktn\u00ed \u010derven\u00e9 m\u00e1ky v akvarelov\u00e9m stylu"},"content":{"rendered":"<p>Tento obraz na pl\u00e1tn\u011b s motivem \u010derven\u00fdch m\u00e1k\u016f zaujme svou jemnou, um\u011bleckou formou a vnese do interi\u00e9ru lehkost spojenou s v\u00fdrazn\u00fdm barevn\u00fdm akcentem. Mal\u00ed\u0159sk\u00e1 kompozice inspirovan\u00e1 akvarelem citliv\u011b propojuje romantick\u00fd charakter kv\u011btin s modern\u00ed jednoduchost\u00ed, d\u00edky \u010demu\u017e dekorace p\u0159itahuje pozornost a kr\u00e1sn\u011b dopl\u0148uje cel\u00fd prostor. Sv\u011btl\u00e9 pozad\u00ed a tepl\u00e1 barevnost v odst\u00ednech \u010derven\u00e9, kr\u00e9mov\u00e9, r\u016f\u017eov\u00e9 a jemn\u011b \u0161ed\u00e9 zaji\u0161\u0165uj\u00ed, \u017ee obraz skv\u011ble vynikne v ob\u00fdvac\u00edm pokoji, lo\u017enici, p\u0159eds\u00edni, hotelu nebo restauraci. Je to stylov\u00e1 volba pro v\u0161echny, kdo oce\u0148uj\u00ed eleganci, lehkost a nad\u010dasov\u00e9 kv\u011btinov\u00e9 motivy.<\/p>\n","protected":false},"excerpt":{"rendered":"","protected":false},"featured_media":215271,"comment_status":"open","ping_status":"closed","template":"","meta":[],"product_brand":[],"product_cat":[74,289,68,297,83,71,89,123],"product_tag":[702,186],"class_list":{"0":"post-231813","1":"product","2":"type-product","3":"status-publish","4":"has-post-thumbnail","6":"product_cat-hotel-cs","7":"product_cat-ilustrace","8":"product_cat-loznice","9":"product_cat-malirsky","10":"product_cat-obyvaci-pokoj","11":"product_cat-predsin","12":"product_cat-restaurace","13":"product_cat-rostliny-a-kvetiny","14":"product_tag-horizontalni","15":"product_tag-vicebarevny","17":"first","18":"instock","19":"taxable","20":"shipping-taxable","21":"purchasable","22":"product-type-variable","23":"has-default-attributes"},"aioseo_notices":[],"_links":{"self":[{"href":"https:\/\/interiorposter.com\/cs\/wp-json\/wp\/v2\/product\/231813","targetHints":{"allow":["GET"]}}],"collection":[{"href":"https:\/\/interiorposter.com\/cs\/wp-json\/wp\/v2\/product"}],"about":[{"href":"https:\/\/interiorposter.com\/cs\/wp-json\/wp\/v2\/types\/product"}],"replies":[{"embeddable":true,"href":"https:\/\/interiorposter.com\/cs\/wp-json\/wp\/v2\/comments?post=231813"}],"wp:featuredmedia":[{"embeddable":true,"href":"https:\/\/interiorposter.com\/cs\/wp-json\/wp\/v2\/media\/215271"}],"wp:attachment":[{"href":"https:\/\/interiorposter.com\/cs\/wp-json\/wp\/v2\/media?parent=231813"}],"wp:term":[{"taxonomy":"product_brand","embeddable":true,"href":"https:\/\/interiorposter.com\/cs\/wp-json\/wp\/v2\/product_brand?post=231813"},{"taxonomy":"product_cat","embeddable":true,"href":"https:\/\/interiorposter.com\/cs\/wp-json\/wp\/v2\/product_cat?post=231813"},{"taxonomy":"product_tag","embeddable":true,"href":"https:\/\/interiorposter.com\/cs\/wp-json\/wp\/v2\/product_tag?post=231813"}],"curies":[{"name":"wp","href":"https:\/\/api.w.org\/{rel}","templated":true}]}}