{"id":231763,"date":"2026-03-05T21:43:21","date_gmt":"2026-03-05T20:43:21","guid":{"rendered":"https:\/\/interiorposter.com\/product\/obraz-na-plotnie-konie-w-malarskim-pedzie\/"},"modified":"2026-03-06T13:34:02","modified_gmt":"2026-03-06T12:34:02","slug":"obraz-na-plotnie-konie-w-malarskim-pedzie","status":"publish","type":"product","link":"https:\/\/interiorposter.com\/cs\/product\/obraz-na-plotnie-konie-w-malarskim-pedzie\/","title":{"rendered":"Obraz na pl\u00e1tn\u011b Kon\u011b v mal\u00ed\u0159sk\u00e9m pohybu"},"content":{"rendered":"<p>Tento obraz na pl\u00e1tn\u011b s dynamick\u00fdm motivem cv\u00e1laj\u00edc\u00edch kon\u00ed vnese do interi\u00e9ru energii, lehkost a um\u011bleck\u00fd v\u00fdraz. Mal\u00ed\u0159sk\u00e1 kompozice pln\u00e1 pohybu a jemn\u011b se prol\u00ednaj\u00edc\u00edch barev vytv\u00e1\u0159\u00ed p\u016fsobiv\u00fd efekt, kter\u00fd p\u0159itahuje pohled a dod\u00e1v\u00e1 prostoru jedine\u010dn\u00fd charakter. Sv\u011btl\u00e1 a tepl\u00e1 barevnost s akcenty b\u00edl\u00e9, zlat\u00e9, b\u00e9\u017eov\u00e9, modr\u00e9 a rezav\u00fdch t\u00f3n\u016f kr\u00e1sn\u011b o\u017eivuje interi\u00e9r a z\u00e1rove\u0148 si zachov\u00e1v\u00e1 elegantn\u00ed styl. Je to skv\u011bl\u00e1 volba do ob\u00fdvac\u00edho pokoje, lo\u017enice, kancel\u00e1\u0159e, hotelu nebo restaurace, zejm\u00e9na pro ty, kte\u0159\u00ed hledaj\u00ed modern\u00ed obrazy na st\u011bnu s v\u00fdrazn\u00fdm a z\u00e1rove\u0148 u\u0161lechtil\u00fdm motivem.<\/p>\n","protected":false},"excerpt":{"rendered":"<p>P\u016fsobiv\u00fd obraz na pl\u00e1tn\u011b s cv\u00e1laj\u00edc\u00edmi ko\u0148mi ve sv\u011btl\u00e9, tepl\u00e9 barevnosti. Skv\u011ble se hod\u00ed do ob\u00fdvac\u00edho pokoje, kancel\u00e1\u0159e nebo lo\u017enice a dod\u00e1v\u00e1 interi\u00e9ru energii, eleganci a um\u011bleckou lehkost.<\/p>\n","protected":false},"featured_media":227785,"comment_status":"open","ping_status":"closed","template":"","meta":[],"product_brand":[],"product_cat":[95,74,86,68,297,105,83,89,254],"product_tag":[702,186],"class_list":{"0":"post-231763","1":"product","2":"type-product","3":"status-publish","4":"has-post-thumbnail","6":"product_cat-abstraktni","7":"product_cat-hotel-cs","8":"product_cat-kancelar","9":"product_cat-loznice","10":"product_cat-malirsky","11":"product_cat-moderni","12":"product_cat-obyvaci-pokoj","13":"product_cat-restaurace","14":"product_cat-zvirata-a-priroda","15":"product_tag-horizontalni","16":"product_tag-vicebarevny","18":"first","19":"instock","20":"taxable","21":"shipping-taxable","22":"product-type-variable","23":"has-default-attributes"},"aioseo_notices":[],"_links":{"self":[{"href":"https:\/\/interiorposter.com\/cs\/wp-json\/wp\/v2\/product\/231763","targetHints":{"allow":["GET"]}}],"collection":[{"href":"https:\/\/interiorposter.com\/cs\/wp-json\/wp\/v2\/product"}],"about":[{"href":"https:\/\/interiorposter.com\/cs\/wp-json\/wp\/v2\/types\/product"}],"replies":[{"embeddable":true,"href":"https:\/\/interiorposter.com\/cs\/wp-json\/wp\/v2\/comments?post=231763"}],"wp:featuredmedia":[{"embeddable":true,"href":"https:\/\/interiorposter.com\/cs\/wp-json\/wp\/v2\/media\/227785"}],"wp:attachment":[{"href":"https:\/\/interiorposter.com\/cs\/wp-json\/wp\/v2\/media?parent=231763"}],"wp:term":[{"taxonomy":"product_brand","embeddable":true,"href":"https:\/\/interiorposter.com\/cs\/wp-json\/wp\/v2\/product_brand?post=231763"},{"taxonomy":"product_cat","embeddable":true,"href":"https:\/\/interiorposter.com\/cs\/wp-json\/wp\/v2\/product_cat?post=231763"},{"taxonomy":"product_tag","embeddable":true,"href":"https:\/\/interiorposter.com\/cs\/wp-json\/wp\/v2\/product_tag?post=231763"}],"curies":[{"name":"wp","href":"https:\/\/api.w.org\/{rel}","templated":true}]}}