{"id":231693,"date":"2026-03-05T21:15:53","date_gmt":"2026-03-05T20:15:53","guid":{"rendered":"https:\/\/interiorposter.com\/product\/obraz-na-plotnie-kot-z-hipnotyzujacym-spojrzeniem\/"},"modified":"2026-03-06T11:14:41","modified_gmt":"2026-03-06T10:14:41","slug":"obraz-na-plotnie-kot-z-hipnotyzujacym-spojrzeniem","status":"publish","type":"product","link":"https:\/\/interiorposter.com\/cs\/product\/obraz-na-plotnie-kot-z-hipnotyzujacym-spojrzeniem\/","title":{"rendered":"Obraz na pl\u00e1tn\u011b Ko\u010dka s hypnotick\u00fdm pohledem"},"content":{"rendered":"<p>Tento obraz na pl\u00e1tn\u011b s motivem ko\u010dky zaujme svou jemnou formou a p\u0159itahuje pozornost v\u00fdjime\u010dn\u011b hlubok\u00fdm, pronikav\u00fdm pohledem. Lehce mal\u00ed\u0159sk\u00e9 zpracov\u00e1n\u00ed, hebk\u00e1 srst a tlumen\u00e1 kompozice vn\u00e1\u0161ej\u00ed do interi\u00e9ru klid, \u00fatulnost a elegantn\u00ed akcent. Sv\u011btl\u00e1 barevnost v odst\u00ednech b\u00edl\u00e9, \u0161ed\u00e9, b\u00e9\u017eov\u00e9 a tepl\u00e9 hn\u011bd\u00e9 se skv\u011ble hod\u00ed do modern\u00edch, skandin\u00e1vsk\u00fdch i minimalistick\u00fdch prostor. Je to ide\u00e1ln\u00ed volba do ob\u00fdvac\u00edho pokoje, lo\u017enice, p\u0159eds\u00edn\u011b, kancel\u00e1\u0159e nebo hotelu, zejm\u00e9na pro ty, kte\u0159\u00ed hledaj\u00ed stylov\u00e9 obrazy na st\u011bnu se zv\u00ed\u0159ec\u00edm motivem.<\/p>\n","protected":false},"excerpt":{"rendered":"<p>Roztomil\u00fd obraz na pl\u00e1tn\u011b s ko\u010dkou ve sv\u011btl\u00e9, tlumen\u00e9 barevnosti. Skv\u011ble se hod\u00ed do ob\u00fdvac\u00edho pokoje, lo\u017enice, kancel\u00e1\u0159e nebo p\u0159eds\u00edn\u011b a dod\u00e1v\u00e1 interi\u00e9ru \u00fatulnost, klid a elegantn\u00ed charakter.<\/p>\n","protected":false},"featured_media":226669,"comment_status":"open","ping_status":"closed","template":"","meta":[],"product_brand":[],"product_cat":[74,86,65,80,68,297,102,105,83,71,89,111,254],"product_tag":[702,180,186],"class_list":{"0":"post-231693","1":"product","2":"type-product","3":"status-publish","4":"has-post-thumbnail","6":"product_cat-hotel-cs","7":"product_cat-kancelar","8":"product_cat-koupelna","9":"product_cat-kuchyne","10":"product_cat-loznice","11":"product_cat-malirsky","12":"product_cat-minimalisticky","13":"product_cat-moderni","14":"product_cat-obyvaci-pokoj","15":"product_cat-predsin","16":"product_cat-restaurace","17":"product_cat-skandinavsky","18":"product_cat-zvirata-a-priroda","19":"product_tag-horizontalni","20":"product_tag-seda","21":"product_tag-vicebarevny","23":"first","24":"instock","25":"taxable","26":"shipping-taxable","27":"purchasable","28":"product-type-variable","29":"has-default-attributes"},"aioseo_notices":[],"_links":{"self":[{"href":"https:\/\/interiorposter.com\/cs\/wp-json\/wp\/v2\/product\/231693","targetHints":{"allow":["GET"]}}],"collection":[{"href":"https:\/\/interiorposter.com\/cs\/wp-json\/wp\/v2\/product"}],"about":[{"href":"https:\/\/interiorposter.com\/cs\/wp-json\/wp\/v2\/types\/product"}],"replies":[{"embeddable":true,"href":"https:\/\/interiorposter.com\/cs\/wp-json\/wp\/v2\/comments?post=231693"}],"wp:featuredmedia":[{"embeddable":true,"href":"https:\/\/interiorposter.com\/cs\/wp-json\/wp\/v2\/media\/226669"}],"wp:attachment":[{"href":"https:\/\/interiorposter.com\/cs\/wp-json\/wp\/v2\/media?parent=231693"}],"wp:term":[{"taxonomy":"product_brand","embeddable":true,"href":"https:\/\/interiorposter.com\/cs\/wp-json\/wp\/v2\/product_brand?post=231693"},{"taxonomy":"product_cat","embeddable":true,"href":"https:\/\/interiorposter.com\/cs\/wp-json\/wp\/v2\/product_cat?post=231693"},{"taxonomy":"product_tag","embeddable":true,"href":"https:\/\/interiorposter.com\/cs\/wp-json\/wp\/v2\/product_tag?post=231693"}],"curies":[{"name":"wp","href":"https:\/\/api.w.org\/{rel}","templated":true}]}}