{"id":231640,"date":"2026-03-05T21:20:28","date_gmt":"2026-03-05T20:20:28","guid":{"rendered":"https:\/\/interiorposter.com\/product\/obraz-na-plotnie-ptaki-na-galezi-o-zmierzchu\/"},"modified":"2026-03-06T11:05:48","modified_gmt":"2026-03-06T10:05:48","slug":"obraz-na-plotnie-ptaki-na-galezi-o-zmierzchu","status":"publish","type":"product","link":"https:\/\/interiorposter.com\/cs\/product\/obraz-na-plotnie-ptaki-na-galezi-o-zmierzchu\/","title":{"rendered":"Obraz na pl\u00e1tn\u011b Pt\u00e1ci na v\u011btvi za soumraku"},"content":{"rendered":"<p>Tento obraz na pl\u00e1tn\u011b s romantick\u00fdm motivem dvou pt\u00e1k\u016f na v\u011btvi vytv\u00e1\u0159\u00ed v interi\u00e9ru klidnou, p\u016fsobivou atmosf\u00e9ru a zaujme svou jemnou formou. Kontrastn\u00ed siluety na pozad\u00ed m\u011bkk\u00e9, mal\u00ed\u0159sky lad\u011bn\u00e9 kompozice dod\u00e1vaj\u00ed dekoraci lehkost a eleganci a z\u00e1rove\u0148 vn\u00e1\u0161ej\u00ed do prostoru pocit tepla a bl\u00edzkosti. Pastelov\u00e1 barevnost v odst\u00ednech modr\u00e9, \u0161ed\u00e9, zelen\u00e9 a jemn\u011b r\u016f\u017eov\u00e9 se skv\u011ble hod\u00ed do modern\u00edch, skandin\u00e1vsk\u00fdch i minimalistick\u00fdch interi\u00e9r\u016f. Je to ide\u00e1ln\u00ed obraz do ob\u00fdvac\u00edho pokoje, lo\u017enice, p\u0159eds\u00edn\u011b, hotelu nebo kancel\u00e1\u0159e, zejm\u00e9na pro ty, kte\u0159\u00ed hledaj\u00ed stylov\u00e9 obrazy na st\u011bnu s motivem p\u0159\u00edrody.<\/p>\n","protected":false},"excerpt":{"rendered":"","protected":false},"featured_media":226855,"comment_status":"open","ping_status":"closed","template":"","meta":[],"product_brand":[],"product_cat":[74,289,86,68,297,102,83,71,111,254],"product_tag":[702,274,186],"class_list":{"0":"post-231640","1":"product","2":"type-product","3":"status-publish","4":"has-post-thumbnail","6":"product_cat-hotel-cs","7":"product_cat-ilustrace","8":"product_cat-kancelar","9":"product_cat-loznice","10":"product_cat-malirsky","11":"product_cat-minimalisticky","12":"product_cat-obyvaci-pokoj","13":"product_cat-predsin","14":"product_cat-skandinavsky","15":"product_cat-zvirata-a-priroda","16":"product_tag-horizontalni","17":"product_tag-svetle","18":"product_tag-vicebarevny","20":"first","21":"instock","22":"taxable","23":"shipping-taxable","24":"product-type-variable","25":"has-default-attributes"},"aioseo_notices":[],"_links":{"self":[{"href":"https:\/\/interiorposter.com\/cs\/wp-json\/wp\/v2\/product\/231640","targetHints":{"allow":["GET"]}}],"collection":[{"href":"https:\/\/interiorposter.com\/cs\/wp-json\/wp\/v2\/product"}],"about":[{"href":"https:\/\/interiorposter.com\/cs\/wp-json\/wp\/v2\/types\/product"}],"replies":[{"embeddable":true,"href":"https:\/\/interiorposter.com\/cs\/wp-json\/wp\/v2\/comments?post=231640"}],"wp:featuredmedia":[{"embeddable":true,"href":"https:\/\/interiorposter.com\/cs\/wp-json\/wp\/v2\/media\/226855"}],"wp:attachment":[{"href":"https:\/\/interiorposter.com\/cs\/wp-json\/wp\/v2\/media?parent=231640"}],"wp:term":[{"taxonomy":"product_brand","embeddable":true,"href":"https:\/\/interiorposter.com\/cs\/wp-json\/wp\/v2\/product_brand?post=231640"},{"taxonomy":"product_cat","embeddable":true,"href":"https:\/\/interiorposter.com\/cs\/wp-json\/wp\/v2\/product_cat?post=231640"},{"taxonomy":"product_tag","embeddable":true,"href":"https:\/\/interiorposter.com\/cs\/wp-json\/wp\/v2\/product_tag?post=231640"}],"curies":[{"name":"wp","href":"https:\/\/api.w.org\/{rel}","templated":true}]}}