{"id":231466,"date":"2026-03-05T20:48:44","date_gmt":"2026-03-05T19:48:44","guid":{"rendered":"https:\/\/interiorposter.com\/product\/obraz-na-plotnie-kot-z-uroczym-spojrzeniem\/"},"modified":"2026-03-06T10:48:58","modified_gmt":"2026-03-06T09:48:58","slug":"obraz-na-plotnie-kot-z-uroczym-spojrzeniem","status":"publish","type":"product","link":"https:\/\/interiorposter.com\/cs\/product\/obraz-na-plotnie-kot-z-uroczym-spojrzeniem\/","title":{"rendered":"Obraz na pl\u00e1tn\u011b Ko\u010dka s roztomil\u00fdm pohledem"},"content":{"rendered":"<p>Tento obraz na pl\u00e1tn\u011b s ko\u010dkou upout\u00e1 pozornost na prvn\u00ed pohled a vnese do interi\u00e9ru lehkost, teplo a jemn\u00fd n\u00e1dech humoru. Roztomil\u00fd pohled, hebk\u00e1 srst a neobvykl\u00e1 perspektiva dod\u00e1vaj\u00ed dekoraci osobit\u00fd charakter a o\u017eivuj\u00ed cel\u00fd prostor. Sv\u011btl\u00e1, tlumen\u00e1 barevnost v odst\u00ednech \u0161ed\u00e9, b\u00e9\u017eov\u00e9 a jemn\u011b hn\u011bd\u00e9 se skv\u011ble hod\u00ed do modern\u00edch, skandin\u00e1vsk\u00fdch i minimalistick\u00fdch interi\u00e9r\u016f. Je to skv\u011bl\u00e1 volba do ob\u00fdvac\u00edho pokoje, lo\u017enice, p\u0159eds\u00edn\u011b, kancel\u00e1\u0159e i \u00fatuln\u00fdch hotelov\u00fdch prostor. Ide\u00e1ln\u00ed pro milovn\u00edky zv\u00ed\u0159at a stylov\u00fdch obraz\u016f na st\u011bnu.<\/p>\n","protected":false},"excerpt":{"rendered":"<p>Roztomil\u00fd obraz na pl\u00e1tn\u011b s ko\u010dkou ve sv\u011btl\u00fdch, tlumen\u00fdch barv\u00e1ch. Skv\u011ble se hod\u00ed do ob\u00fdvac\u00edho pokoje, lo\u017enice, kancel\u00e1\u0159e nebo p\u0159eds\u00edn\u011b a dod\u00e1v\u00e1 interi\u00e9ru teplo, lehkost a p\u0159\u00edjemnou atmosf\u00e9ru.<\/p>\n","protected":false},"featured_media":225553,"comment_status":"open","ping_status":"closed","template":"","meta":[],"product_brand":[],"product_cat":[108,74,86,68,102,105,83,71,89,254],"product_tag":[702,186],"class_list":{"0":"post-231466","1":"product","2":"type-product","3":"status-publish","4":"has-post-thumbnail","6":"product_cat-fotografie","7":"product_cat-hotel-cs","8":"product_cat-kancelar","9":"product_cat-loznice","10":"product_cat-minimalisticky","11":"product_cat-moderni","12":"product_cat-obyvaci-pokoj","13":"product_cat-predsin","14":"product_cat-restaurace","15":"product_cat-zvirata-a-priroda","16":"product_tag-horizontalni","17":"product_tag-vicebarevny","19":"first","20":"instock","21":"taxable","22":"shipping-taxable","23":"purchasable","24":"product-type-variable","25":"has-default-attributes"},"aioseo_notices":[],"_links":{"self":[{"href":"https:\/\/interiorposter.com\/cs\/wp-json\/wp\/v2\/product\/231466","targetHints":{"allow":["GET"]}}],"collection":[{"href":"https:\/\/interiorposter.com\/cs\/wp-json\/wp\/v2\/product"}],"about":[{"href":"https:\/\/interiorposter.com\/cs\/wp-json\/wp\/v2\/types\/product"}],"replies":[{"embeddable":true,"href":"https:\/\/interiorposter.com\/cs\/wp-json\/wp\/v2\/comments?post=231466"}],"wp:featuredmedia":[{"embeddable":true,"href":"https:\/\/interiorposter.com\/cs\/wp-json\/wp\/v2\/media\/225553"}],"wp:attachment":[{"href":"https:\/\/interiorposter.com\/cs\/wp-json\/wp\/v2\/media?parent=231466"}],"wp:term":[{"taxonomy":"product_brand","embeddable":true,"href":"https:\/\/interiorposter.com\/cs\/wp-json\/wp\/v2\/product_brand?post=231466"},{"taxonomy":"product_cat","embeddable":true,"href":"https:\/\/interiorposter.com\/cs\/wp-json\/wp\/v2\/product_cat?post=231466"},{"taxonomy":"product_tag","embeddable":true,"href":"https:\/\/interiorposter.com\/cs\/wp-json\/wp\/v2\/product_tag?post=231466"}],"curies":[{"name":"wp","href":"https:\/\/api.w.org\/{rel}","templated":true}]}}