{"id":183504,"date":"2026-02-28T22:14:32","date_gmt":"2026-02-28T21:14:32","guid":{"rendered":"https:\/\/interiorposter.com\/product\/obraz-na-plotnie-zegar-vintage-w-abstrakcji\/"},"modified":"2026-03-02T03:27:34","modified_gmt":"2026-03-02T02:27:34","slug":"obraz-na-plotnie-zegar-vintage-w-abstrakcji","status":"publish","type":"product","link":"https:\/\/interiorposter.com\/cs\/product\/obraz-na-plotnie-zegar-vintage-w-abstrakcji\/","title":{"rendered":"Obraz na pl\u00e1tn\u011b Vintage hodiny v abstraktn\u00edm stylu"},"content":{"rendered":"<p>Dodejte interi\u00e9ru charakter a atmosf\u00e9ru, kter\u00e1 okam\u017eit\u011b upout\u00e1 pozornost. Tento obraz na pl\u00e1tn\u011b zobrazuje velk\u00e9 hodiny ve vintage stylu zasazen\u00e9 do expresivn\u00edho abstraktn\u00edho pozad\u00ed pln\u00e9ho struktury, patiny a dynamick\u00fdch barevn\u00fdch skvrn. Motiv \u010dasu kr\u00e1sn\u011b dotv\u00e1\u0159\u00ed n\u00e1ladu a hod\u00ed se do modern\u00edch i industri\u00e1ln\u00edch interi\u00e9r\u016f. Barevnost je tepl\u00e1 a v\u00fdrazn\u00e1: hn\u011bd\u00e9, zlat\u00e9 a b\u00e9\u017eov\u00e9 t\u00f3ny se spojuj\u00ed s \u010dernou, zat\u00edmco akcenty \u010derven\u00e9, oran\u017eov\u00e9 a modr\u00e9 kompozici o\u017eivuj\u00ed. Skv\u011bl\u00e1 dekorace na st\u011bnu do ob\u00fdvac\u00edho pokoje, kancel\u00e1\u0159e nebo p\u0159eds\u00edn\u011b, uplatn\u00ed se i v restauraci a hotelu jako nep\u0159ehl\u00e9dnuteln\u00fd prvek, kter\u00fd prostoru dod\u00e1 styl.<\/p>\n","protected":false},"excerpt":{"rendered":"<p>Vintage hodiny na pl\u00e1tn\u011b v expresivn\u00ed abstrakci. Tepl\u00e9 hn\u011bd\u00e9 a zlat\u00e9 t\u00f3ny s \u010derven\u00fdmi akcenty jako v\u00fdrazn\u00e1 dekorace do ob\u00fdvac\u00edho pokoje a kancel\u00e1\u0159e.<\/p>\n","protected":false},"featured_media":179851,"comment_status":"open","ping_status":"closed","template":"","meta":[],"product_brand":[],"product_cat":[95,210,74,289,86,207,68,297,105,83,71,89],"product_tag":[702,186],"class_list":{"0":"post-183504","1":"product","2":"type-product","3":"status-publish","4":"has-post-thumbnail","6":"product_cat-abstraktni","7":"product_cat-geometricke","8":"product_cat-hotel-cs","9":"product_cat-ilustrace","10":"product_cat-kancelar","11":"product_cat-konceptualni-umeni","12":"product_cat-loznice","13":"product_cat-malirsky","14":"product_cat-moderni","15":"product_cat-obyvaci-pokoj","16":"product_cat-predsin","17":"product_cat-restaurace","18":"product_tag-horizontalni","19":"product_tag-vicebarevny","21":"first","22":"instock","23":"taxable","24":"shipping-taxable","25":"purchasable","26":"product-type-variable","27":"has-default-attributes"},"aioseo_notices":[],"_links":{"self":[{"href":"https:\/\/interiorposter.com\/cs\/wp-json\/wp\/v2\/product\/183504","targetHints":{"allow":["GET"]}}],"collection":[{"href":"https:\/\/interiorposter.com\/cs\/wp-json\/wp\/v2\/product"}],"about":[{"href":"https:\/\/interiorposter.com\/cs\/wp-json\/wp\/v2\/types\/product"}],"replies":[{"embeddable":true,"href":"https:\/\/interiorposter.com\/cs\/wp-json\/wp\/v2\/comments?post=183504"}],"wp:featuredmedia":[{"embeddable":true,"href":"https:\/\/interiorposter.com\/cs\/wp-json\/wp\/v2\/media\/179851"}],"wp:attachment":[{"href":"https:\/\/interiorposter.com\/cs\/wp-json\/wp\/v2\/media?parent=183504"}],"wp:term":[{"taxonomy":"product_brand","embeddable":true,"href":"https:\/\/interiorposter.com\/cs\/wp-json\/wp\/v2\/product_brand?post=183504"},{"taxonomy":"product_cat","embeddable":true,"href":"https:\/\/interiorposter.com\/cs\/wp-json\/wp\/v2\/product_cat?post=183504"},{"taxonomy":"product_tag","embeddable":true,"href":"https:\/\/interiorposter.com\/cs\/wp-json\/wp\/v2\/product_tag?post=183504"}],"curies":[{"name":"wp","href":"https:\/\/api.w.org\/{rel}","templated":true}]}}