{"id":183452,"date":"2026-02-28T22:10:23","date_gmt":"2026-02-28T21:10:23","guid":{"rendered":"https:\/\/interiorposter.com\/product\/obraz-na-plotnie-ara-w-locie-energia-koloru\/"},"modified":"2026-03-02T03:21:02","modified_gmt":"2026-03-02T02:21:02","slug":"obraz-na-plotnie-ara-w-locie-energia-koloru","status":"publish","type":"product","link":"https:\/\/interiorposter.com\/cs\/product\/obraz-na-plotnie-ara-w-locie-energia-koloru\/","title":{"rendered":"Obraz na pl\u00e1tn\u011b Ara v letu energie barev"},"content":{"rendered":"<p>Dodejte interi\u00e9ru energii a v\u00fdrazn\u00fd wow efekt. Tento obraz na pl\u00e1tn\u011b zachycuje aru v letu v dynamick\u00e9m okam\u017eiku, kdy rozta\u017een\u00e1 k\u0159\u00eddla vytv\u00e1\u0159ej\u00ed p\u016fsobivou siluetu na pozad\u00ed hlubok\u00e9 n\u00e1mo\u0159nick\u00e9 mod\u0159i. Kompozice zaujme kontrastem a pohybem, proto skv\u011ble zapadne do modern\u00edch aran\u017em\u00e1. Barevnost je intenzivn\u00ed: syt\u00e9 modr\u00e9 a tyrkysov\u00e9 t\u00f3ny se poj\u00ed s tepl\u00fdmi \u017elut\u00fdmi a zlat\u00fdmi odst\u00edny, zat\u00edmco za pt\u00e1kem se rozpl\u00fdv\u00e1 barevn\u00e1 stopa, kter\u00e1 zv\u00fdraz\u0148uje dynamiku z\u00e1b\u011bru. Ide\u00e1ln\u00ed dekorace na st\u011bnu do ob\u00fdvac\u00edho pokoje, kancel\u00e1\u0159e nebo p\u0159eds\u00edn\u011b, hod\u00ed se i do hotelu a restaurace jako v\u00fdrazn\u00fd prvek.<\/p>\n","protected":false},"excerpt":{"rendered":"<p>Obraz na pl\u00e1tn\u011b s arou v letu na tmav\u011b modr\u00e9m pozad\u00ed. Syt\u00e9 modr\u00e9 a zlat\u00e9 t\u00f3ny s barevnou stopou vytvo\u0159\u00ed modern\u00ed dekoraci do ob\u00fdvac\u00edho pokoje a kancel\u00e1\u0159e.<\/p>\n","protected":false},"featured_media":179665,"comment_status":"open","ping_status":"closed","template":"","meta":[],"product_brand":[],"product_cat":[95,108,99,74,289,86,207,68,105,83,71,89,254],"product_tag":[702,271,186],"class_list":{"0":"post-183452","1":"product","2":"type-product","3":"status-publish","4":"has-post-thumbnail","6":"product_cat-abstraktni","7":"product_cat-fotografie","8":"product_cat-glamour-cs","9":"product_cat-hotel-cs","10":"product_cat-ilustrace","11":"product_cat-kancelar","12":"product_cat-konceptualni-umeni","13":"product_cat-loznice","14":"product_cat-moderni","15":"product_cat-obyvaci-pokoj","16":"product_cat-predsin","17":"product_cat-restaurace","18":"product_cat-zvirata-a-priroda","19":"product_tag-horizontalni","20":"product_tag-tmave","21":"product_tag-vicebarevny","23":"first","24":"instock","25":"taxable","26":"shipping-taxable","27":"purchasable","28":"product-type-variable","29":"has-default-attributes"},"aioseo_notices":[],"_links":{"self":[{"href":"https:\/\/interiorposter.com\/cs\/wp-json\/wp\/v2\/product\/183452","targetHints":{"allow":["GET"]}}],"collection":[{"href":"https:\/\/interiorposter.com\/cs\/wp-json\/wp\/v2\/product"}],"about":[{"href":"https:\/\/interiorposter.com\/cs\/wp-json\/wp\/v2\/types\/product"}],"replies":[{"embeddable":true,"href":"https:\/\/interiorposter.com\/cs\/wp-json\/wp\/v2\/comments?post=183452"}],"wp:featuredmedia":[{"embeddable":true,"href":"https:\/\/interiorposter.com\/cs\/wp-json\/wp\/v2\/media\/179665"}],"wp:attachment":[{"href":"https:\/\/interiorposter.com\/cs\/wp-json\/wp\/v2\/media?parent=183452"}],"wp:term":[{"taxonomy":"product_brand","embeddable":true,"href":"https:\/\/interiorposter.com\/cs\/wp-json\/wp\/v2\/product_brand?post=183452"},{"taxonomy":"product_cat","embeddable":true,"href":"https:\/\/interiorposter.com\/cs\/wp-json\/wp\/v2\/product_cat?post=183452"},{"taxonomy":"product_tag","embeddable":true,"href":"https:\/\/interiorposter.com\/cs\/wp-json\/wp\/v2\/product_tag?post=183452"}],"curies":[{"name":"wp","href":"https:\/\/api.w.org\/{rel}","templated":true}]}}