{"id":183396,"date":"2026-02-28T22:08:18","date_gmt":"2026-02-28T21:08:18","guid":{"rendered":"https:\/\/interiorposter.com\/product\/obraz-na-plotnie-abstrakcja-barwny-przelom\/"},"modified":"2026-03-02T03:10:00","modified_gmt":"2026-03-02T02:10:00","slug":"obraz-na-plotnie-abstrakcja-barwny-przelom","status":"publish","type":"product","link":"https:\/\/interiorposter.com\/cs\/product\/obraz-na-plotnie-abstrakcja-barwny-przelom\/","title":{"rendered":"Obraz na pl\u00e1tn\u011b Abstrakce Barevn\u00fd pr\u016flom"},"content":{"rendered":"<p>Dodejte interi\u00e9ru energii a um\u011bleckou odvahu. Tento obraz na pl\u00e1tn\u011b je expresivn\u00ed abstrakce s v\u00fdraznou strukturou, od\u011brkami a dynamick\u00fdmi tahy, kter\u00e9 vytv\u00e1\u0159ej\u00ed dojem pohybu a hloubky. Kompozice stoj\u00ed na siln\u00e9m kontrastu: tmav\u00e9 grafitov\u00e9 a \u010dern\u00e9 t\u00f3ny se potk\u00e1vaj\u00ed s b\u00e9\u017eovou a lomenou b\u00edlou, zat\u00edmco pruh fialov\u00e9 a magenty s n\u00e1dechem oran\u017eov\u00e9 tvo\u0159\u00ed p\u016fsobiv\u00fd st\u0159edobod. Skv\u011ble se hod\u00ed jako dekorace na st\u011bnu do ob\u00fdvac\u00edho pokoje, kancel\u00e1\u0159e nebo lo\u017enice, uplatn\u00ed se tak\u00e9 v hotelu, restauraci i p\u0159eds\u00edni jako modern\u00ed v\u00fdrazn\u00fd prvek. P\u0159itahuje pohled a podtrhne styl prostoru.<\/p>\n","protected":false},"excerpt":{"rendered":"<p>Expresivn\u00ed abstrakce na pl\u00e1tn\u011b s \u010dernou, b\u00e9\u017eovou a v\u00fdrazn\u00fdm pruhem fialov\u00e9 a magenty. Nep\u0159ehl\u00e9dnuteln\u00fd obraz do ob\u00fdvac\u00edho pokoje, kancel\u00e1\u0159e i lo\u017enice.<\/p>\n","protected":false},"featured_media":183393,"comment_status":"open","ping_status":"closed","template":"","meta":[],"product_brand":[],"product_cat":[95,210,74,86,207,68,297,105,83,71,89],"product_tag":[702,186],"class_list":{"0":"post-183396","1":"product","2":"type-product","3":"status-publish","4":"has-post-thumbnail","6":"product_cat-abstraktni","7":"product_cat-geometricke","8":"product_cat-hotel-cs","9":"product_cat-kancelar","10":"product_cat-konceptualni-umeni","11":"product_cat-loznice","12":"product_cat-malirsky","13":"product_cat-moderni","14":"product_cat-obyvaci-pokoj","15":"product_cat-predsin","16":"product_cat-restaurace","17":"product_tag-horizontalni","18":"product_tag-vicebarevny","20":"first","21":"instock","22":"taxable","23":"shipping-taxable","24":"purchasable","25":"product-type-variable","26":"has-default-attributes"},"aioseo_notices":[],"_links":{"self":[{"href":"https:\/\/interiorposter.com\/cs\/wp-json\/wp\/v2\/product\/183396","targetHints":{"allow":["GET"]}}],"collection":[{"href":"https:\/\/interiorposter.com\/cs\/wp-json\/wp\/v2\/product"}],"about":[{"href":"https:\/\/interiorposter.com\/cs\/wp-json\/wp\/v2\/types\/product"}],"replies":[{"embeddable":true,"href":"https:\/\/interiorposter.com\/cs\/wp-json\/wp\/v2\/comments?post=183396"}],"wp:featuredmedia":[{"embeddable":true,"href":"https:\/\/interiorposter.com\/cs\/wp-json\/wp\/v2\/media\/183393"}],"wp:attachment":[{"href":"https:\/\/interiorposter.com\/cs\/wp-json\/wp\/v2\/media?parent=183396"}],"wp:term":[{"taxonomy":"product_brand","embeddable":true,"href":"https:\/\/interiorposter.com\/cs\/wp-json\/wp\/v2\/product_brand?post=183396"},{"taxonomy":"product_cat","embeddable":true,"href":"https:\/\/interiorposter.com\/cs\/wp-json\/wp\/v2\/product_cat?post=183396"},{"taxonomy":"product_tag","embeddable":true,"href":"https:\/\/interiorposter.com\/cs\/wp-json\/wp\/v2\/product_tag?post=183396"}],"curies":[{"name":"wp","href":"https:\/\/api.w.org\/{rel}","templated":true}]}}