{"id":183320,"date":"2026-02-28T22:02:08","date_gmt":"2026-02-28T21:02:08","guid":{"rendered":"https:\/\/interiorposter.com\/product\/obraz-na-plotnie-abstrakcja-niebieski-marmur\/"},"modified":"2026-03-02T02:47:08","modified_gmt":"2026-03-02T01:47:08","slug":"obraz-na-plotnie-abstrakcja-niebieski-marmur","status":"publish","type":"product","link":"https:\/\/interiorposter.com\/cs\/product\/obraz-na-plotnie-abstrakcja-niebieski-marmur\/","title":{"rendered":"Obraz na pl\u00e1tn\u011b Abstraktn\u00ed modr\u00fd mramor"},"content":{"rendered":"<p>Vneste do interi\u00e9ru chladnou eleganci a modern\u00ed klid. Tento obraz na pl\u00e1tn\u011b zobrazuje abstrakci inspirovanou strukturou mramoru a plynul\u00fdmi p\u0159echody barev, kter\u00e9 vytv\u00e1\u0159ej\u00ed dojem hloubky i lehkosti. Kompozice p\u016fsob\u00ed dynamicky, a p\u0159itom harmonicky, tak\u017ee skv\u011ble dopln\u00ed modern\u00ed i minimalistick\u00e9 interi\u00e9ry. Barevnost je chladn\u00e1: odst\u00edny modr\u00e9 a n\u00e1mo\u0159nick\u00e9 mod\u0159i se propojuj\u00ed s b\u00edlou a jemn\u00fdmi \u0161ed\u00fdmi t\u00f3ny a vytv\u00e1\u0159ej\u00ed sv\u011b\u017e\u00ed, elegantn\u00ed atmosf\u00e9ru. Ide\u00e1ln\u00ed dekorace na st\u011bnu do ob\u00fdvac\u00edho pokoje, lo\u017enice nebo kancel\u00e1\u0159e, hod\u00ed se i do hotelu \u010di p\u0159eds\u00edn\u011b jako stylov\u00fd prvek.<\/p>\n","protected":false},"excerpt":{"rendered":"<p>Abstraktn\u00ed obraz na pl\u00e1tn\u011b v modr\u00fdch t\u00f3nech s b\u00edlou a \u0161edou, inspirovan\u00fd mramorem. Elegantn\u00ed dekorace na st\u011bnu do ob\u00fdvac\u00edho pokoje a kancel\u00e1\u0159e.<\/p>\n","protected":false},"featured_media":183297,"comment_status":"open","ping_status":"closed","template":"","meta":[],"product_brand":[],"product_cat":[95,210,74,86,207,68,102,105,83,71,89],"product_tag":[702,274,186],"class_list":{"0":"post-183320","1":"product","2":"type-product","3":"status-publish","4":"has-post-thumbnail","6":"product_cat-abstraktni","7":"product_cat-geometricke","8":"product_cat-hotel-cs","9":"product_cat-kancelar","10":"product_cat-konceptualni-umeni","11":"product_cat-loznice","12":"product_cat-minimalisticky","13":"product_cat-moderni","14":"product_cat-obyvaci-pokoj","15":"product_cat-predsin","16":"product_cat-restaurace","17":"product_tag-horizontalni","18":"product_tag-svetle","19":"product_tag-vicebarevny","21":"first","22":"instock","23":"taxable","24":"shipping-taxable","25":"product-type-variable","26":"has-default-attributes"},"aioseo_notices":[],"_links":{"self":[{"href":"https:\/\/interiorposter.com\/cs\/wp-json\/wp\/v2\/product\/183320","targetHints":{"allow":["GET"]}}],"collection":[{"href":"https:\/\/interiorposter.com\/cs\/wp-json\/wp\/v2\/product"}],"about":[{"href":"https:\/\/interiorposter.com\/cs\/wp-json\/wp\/v2\/types\/product"}],"replies":[{"embeddable":true,"href":"https:\/\/interiorposter.com\/cs\/wp-json\/wp\/v2\/comments?post=183320"}],"wp:featuredmedia":[{"embeddable":true,"href":"https:\/\/interiorposter.com\/cs\/wp-json\/wp\/v2\/media\/183297"}],"wp:attachment":[{"href":"https:\/\/interiorposter.com\/cs\/wp-json\/wp\/v2\/media?parent=183320"}],"wp:term":[{"taxonomy":"product_brand","embeddable":true,"href":"https:\/\/interiorposter.com\/cs\/wp-json\/wp\/v2\/product_brand?post=183320"},{"taxonomy":"product_cat","embeddable":true,"href":"https:\/\/interiorposter.com\/cs\/wp-json\/wp\/v2\/product_cat?post=183320"},{"taxonomy":"product_tag","embeddable":true,"href":"https:\/\/interiorposter.com\/cs\/wp-json\/wp\/v2\/product_tag?post=183320"}],"curies":[{"name":"wp","href":"https:\/\/api.w.org\/{rel}","templated":true}]}}