{"id":183196,"date":"2026-02-28T21:57:16","date_gmt":"2026-02-28T20:57:16","guid":{"rendered":"https:\/\/interiorposter.com\/product\/obraz-na-plotnie-abstrakcja-z-lisciem-w-zlocie\/"},"modified":"2026-03-02T02:31:21","modified_gmt":"2026-03-02T01:31:21","slug":"obraz-na-plotnie-abstrakcja-z-lisciem-w-zlocie","status":"publish","type":"product","link":"https:\/\/interiorposter.com\/cs\/product\/obraz-na-plotnie-abstrakcja-z-lisciem-w-zlocie\/","title":{"rendered":"Obraz na pl\u00e1tn\u011b Abstrakce se zlat\u00fdm listem"},"content":{"rendered":"<p>Dodejte interi\u00e9ru eleganci a lehkost v modern\u00edm stylu. Tento obraz na pl\u00e1tn\u011b kombinuje abstraktn\u00ed tvary s rostlinn\u00fdm motivem listu a vytv\u00e1\u0159\u00ed m\u00f3dn\u00ed, dekorativn\u00ed kompozici. V pozad\u00ed se objevuj\u00ed grafick\u00e9 te\u010dky a kontrastn\u00ed tvary, kter\u00e9 dod\u00e1vaj\u00ed celku rytmus a designov\u00fd charakter. Barevnost je tlumen\u00e1 a elegantn\u00ed: b\u00edl\u00e1 a mramorov\u011b \u0161ed\u00e9 t\u00f3ny dopl\u0148uje hlubok\u00e1 \u010dern\u00e1, zat\u00edmco zlat\u00fd list p\u0159in\u00e1\u0161\u00ed tepl\u00fd glamour akcent. Skv\u011ble se hod\u00ed jako dekorace na st\u011bnu do ob\u00fdvac\u00edho pokoje, lo\u017enice i kancel\u00e1\u0159e, uplatn\u00ed se tak\u00e9 v p\u0159eds\u00edni, hotelu \u010di restauraci. Dekorace, kter\u00e1 p\u016fsob\u00ed stylov\u011b a p\u0159itahuje pohledy.<\/p>\n","protected":false},"excerpt":{"rendered":"<p>Modern\u00ed abstrakce na pl\u00e1tn\u011b s \u010dernou, mramorov\u011b \u0161edou a zlat\u00fdm listem. Elegantn\u00ed dekorace na st\u011bnu do ob\u00fdvac\u00edho pokoje a lo\u017enice.<\/p>\n","protected":false},"featured_media":183193,"comment_status":"open","ping_status":"closed","template":"","meta":[],"product_brand":[],"product_cat":[95,210,99,74,86,207,68,102,105,83,71,89,123],"product_tag":[702,274,186],"class_list":{"0":"post-183196","1":"product","2":"type-product","3":"status-publish","4":"has-post-thumbnail","6":"product_cat-abstraktni","7":"product_cat-geometricke","8":"product_cat-glamour-cs","9":"product_cat-hotel-cs","10":"product_cat-kancelar","11":"product_cat-konceptualni-umeni","12":"product_cat-loznice","13":"product_cat-minimalisticky","14":"product_cat-moderni","15":"product_cat-obyvaci-pokoj","16":"product_cat-predsin","17":"product_cat-restaurace","18":"product_cat-rostliny-a-kvetiny","19":"product_tag-horizontalni","20":"product_tag-svetle","21":"product_tag-vicebarevny","23":"first","24":"instock","25":"taxable","26":"shipping-taxable","27":"product-type-variable","28":"has-default-attributes"},"aioseo_notices":[],"_links":{"self":[{"href":"https:\/\/interiorposter.com\/cs\/wp-json\/wp\/v2\/product\/183196","targetHints":{"allow":["GET"]}}],"collection":[{"href":"https:\/\/interiorposter.com\/cs\/wp-json\/wp\/v2\/product"}],"about":[{"href":"https:\/\/interiorposter.com\/cs\/wp-json\/wp\/v2\/types\/product"}],"replies":[{"embeddable":true,"href":"https:\/\/interiorposter.com\/cs\/wp-json\/wp\/v2\/comments?post=183196"}],"wp:featuredmedia":[{"embeddable":true,"href":"https:\/\/interiorposter.com\/cs\/wp-json\/wp\/v2\/media\/183193"}],"wp:attachment":[{"href":"https:\/\/interiorposter.com\/cs\/wp-json\/wp\/v2\/media?parent=183196"}],"wp:term":[{"taxonomy":"product_brand","embeddable":true,"href":"https:\/\/interiorposter.com\/cs\/wp-json\/wp\/v2\/product_brand?post=183196"},{"taxonomy":"product_cat","embeddable":true,"href":"https:\/\/interiorposter.com\/cs\/wp-json\/wp\/v2\/product_cat?post=183196"},{"taxonomy":"product_tag","embeddable":true,"href":"https:\/\/interiorposter.com\/cs\/wp-json\/wp\/v2\/product_tag?post=183196"}],"curies":[{"name":"wp","href":"https:\/\/api.w.org\/{rel}","templated":true}]}}