{"id":183133,"date":"2026-02-28T21:49:11","date_gmt":"2026-02-28T20:49:11","guid":{"rendered":"https:\/\/interiorposter.com\/product\/obraz-na-plotnie-abstrakcyjny-profil-kobiety-w-dymie\/"},"modified":"2026-03-02T02:18:31","modified_gmt":"2026-03-02T01:18:31","slug":"obraz-na-plotnie-abstrakcyjny-profil-kobiety-w-dymie","status":"publish","type":"product","link":"https:\/\/interiorposter.com\/cs\/product\/obraz-na-plotnie-abstrakcyjny-profil-kobiety-w-dymie\/","title":{"rendered":"Obraz na pl\u00e1tn\u011b Abstraktn\u00ed \u017eensk\u00fd profil v kou\u0159i"},"content":{"rendered":"<p>Dodejte interi\u00e9ru tajemstv\u00ed a eleganci v modern\u00edm pojet\u00ed. Tento obraz na pl\u00e1tn\u011b zobrazuje abstraktn\u00ed \u017eensk\u00fd profil vytvo\u0159en\u00fd z lehk\u00fdch, vln\u00edc\u00edch se pruh\u016f, kter\u00e9 p\u016fsob\u00ed jako jemn\u00fd kou\u0159. Kompozice je minimalistick\u00e1 a velmi stylov\u00e1, tak\u017ee zaujme detailem, a p\u0159itom z\u016fst\u00e1v\u00e1 decentn\u00ed. Barevnost je \u010dernob\u00edl\u00e1: hlubok\u00e1 \u010dern\u00e1 plynule p\u0159ech\u00e1z\u00ed do m\u011bkk\u00fdch \u0161ed\u00ed na sv\u011btl\u00e9m pozad\u00ed a vytv\u00e1\u0159\u00ed v\u00fdrazn\u00fd kontrast. Skv\u011ble se hod\u00ed jako dekorace na st\u011bnu do ob\u00fdvac\u00edho pokoje, lo\u017enice nebo kancel\u00e1\u0159e, vynikne i v hotelu, restauraci \u010di p\u0159eds\u00edni. Dekorace, kter\u00e1 podtrhne charakter prostoru.<\/p>\n","protected":false},"excerpt":{"rendered":"<p>\u010cernob\u00edl\u00fd obraz na pl\u00e1tn\u011b s abstraktn\u00edm \u017eensk\u00fdm profilem v jemn\u00fdch, plynouc\u00edch pruz\u00edch. Elegantn\u00ed dekorace na st\u011bnu do ob\u00fdvac\u00edho pokoje, lo\u017enice i kancel\u00e1\u0159e.<\/p>\n","protected":false},"featured_media":183130,"comment_status":"open","ping_status":"closed","template":"","meta":[],"product_brand":[],"product_cat":[95,99,74,86,207,303,68,102,105,83,71,89],"product_tag":[702,180,274],"class_list":{"0":"post-183133","1":"product","2":"type-product","3":"status-publish","4":"has-post-thumbnail","6":"product_cat-abstraktni","7":"product_cat-glamour-cs","8":"product_cat-hotel-cs","9":"product_cat-kancelar","10":"product_cat-konceptualni-umeni","11":"product_cat-lide","12":"product_cat-loznice","13":"product_cat-minimalisticky","14":"product_cat-moderni","15":"product_cat-obyvaci-pokoj","16":"product_cat-predsin","17":"product_cat-restaurace","18":"product_tag-horizontalni","19":"product_tag-seda","20":"product_tag-svetle","22":"first","23":"instock","24":"taxable","25":"shipping-taxable","26":"product-type-variable","27":"has-default-attributes"},"aioseo_notices":[],"_links":{"self":[{"href":"https:\/\/interiorposter.com\/cs\/wp-json\/wp\/v2\/product\/183133","targetHints":{"allow":["GET"]}}],"collection":[{"href":"https:\/\/interiorposter.com\/cs\/wp-json\/wp\/v2\/product"}],"about":[{"href":"https:\/\/interiorposter.com\/cs\/wp-json\/wp\/v2\/types\/product"}],"replies":[{"embeddable":true,"href":"https:\/\/interiorposter.com\/cs\/wp-json\/wp\/v2\/comments?post=183133"}],"wp:featuredmedia":[{"embeddable":true,"href":"https:\/\/interiorposter.com\/cs\/wp-json\/wp\/v2\/media\/183130"}],"wp:attachment":[{"href":"https:\/\/interiorposter.com\/cs\/wp-json\/wp\/v2\/media?parent=183133"}],"wp:term":[{"taxonomy":"product_brand","embeddable":true,"href":"https:\/\/interiorposter.com\/cs\/wp-json\/wp\/v2\/product_brand?post=183133"},{"taxonomy":"product_cat","embeddable":true,"href":"https:\/\/interiorposter.com\/cs\/wp-json\/wp\/v2\/product_cat?post=183133"},{"taxonomy":"product_tag","embeddable":true,"href":"https:\/\/interiorposter.com\/cs\/wp-json\/wp\/v2\/product_tag?post=183133"}],"curies":[{"name":"wp","href":"https:\/\/api.w.org\/{rel}","templated":true}]}}