{"id":183053,"date":"2026-02-28T21:47:08","date_gmt":"2026-02-28T20:47:08","guid":{"rendered":"https:\/\/interiorposter.com\/product\/obraz-na-plotnie-abstrakcyjna-podroz-ku-czerwonemu-sloncu\/"},"modified":"2026-03-02T02:08:50","modified_gmt":"2026-03-02T01:08:50","slug":"obraz-na-plotnie-abstrakcyjna-podroz-ku-czerwonemu-sloncu","status":"publish","type":"product","link":"https:\/\/interiorposter.com\/cs\/product\/obraz-na-plotnie-abstrakcyjna-podroz-ku-czerwonemu-sloncu\/","title":{"rendered":"Obraz na pl\u00e1tn\u011b Abstraktn\u00ed cesta k \u010derven\u00e9mu slunci"},"content":{"rendered":"<p>Vneste do interi\u00e9ru klid a \u0161petku sn\u011bn\u00ed. Tento obraz na pl\u00e1tn\u011b zobrazuje fantazijn\u00ed krajinu v akvarelov\u00e9m stylu: m\u011bkk\u00e9, vln\u00edc\u00ed se tvary skal, jemn\u00e9 odrazy na vod\u011b a drobn\u00e9 siluety strom\u016f a pt\u00e1k\u016f, kter\u00e9 vytv\u00e1\u0159ej\u00ed jedine\u010dnou atmosf\u00e9ru. Barevnost je sv\u011btl\u00e1 a pastelov\u00e1: chladn\u00e9 modr\u00e9 a \u0161ed\u00e9 t\u00f3ny se m\u00eds\u00ed s b\u00e9\u017eovou a tepl\u00fdmi m\u011bd\u011bn\u011b rezav\u00fdmi akcenty, zat\u00edmco \u010derven\u00e9 slunce dod\u00e1v\u00e1 v\u00fdrazn\u00fd st\u0159edobod. Skv\u011ble se hod\u00ed jako dekorace na st\u011bnu do ob\u00fdvac\u00edho pokoje, lo\u017enice nebo kancel\u00e1\u0159e, kr\u00e1sn\u011b vynikne i v hotelu \u010di p\u0159eds\u00edni. Dekorace, kter\u00e1 prostor zklidn\u00ed a zaujme detaily.<\/p>\n","protected":false},"excerpt":{"rendered":"<p>Pastelov\u00fd obraz na pl\u00e1tn\u011b s krajinou v akvarelov\u00e9m stylu, pt\u00e1ky a \u010derven\u00fdm sluncem. Jemn\u00e1 dekorace na st\u011bnu do ob\u00fdvac\u00edho pokoje, lo\u017enice i kancel\u00e1\u0159e.<\/p>\n","protected":false},"featured_media":183046,"comment_status":"open","ping_status":"closed","template":"","meta":[],"product_brand":[],"product_cat":[95,74,86,207,135,68,102,105,141,83,71,89,254],"product_tag":[702,277,274,186],"class_list":{"0":"post-183053","1":"product","2":"type-product","3":"status-publish","4":"has-post-thumbnail","6":"product_cat-abstraktni","7":"product_cat-hotel-cs","8":"product_cat-kancelar","9":"product_cat-konceptualni-umeni","10":"product_cat-krajiny","11":"product_cat-loznice","12":"product_cat-minimalisticky","13":"product_cat-moderni","14":"product_cat-more-a-pobrezi","15":"product_cat-obyvaci-pokoj","16":"product_cat-predsin","17":"product_cat-restaurace","18":"product_cat-zvirata-a-priroda","19":"product_tag-horizontalni","20":"product_tag-pastelove","21":"product_tag-svetle","22":"product_tag-vicebarevny","24":"first","25":"instock","26":"taxable","27":"shipping-taxable","28":"product-type-variable","29":"has-default-attributes"},"aioseo_notices":[],"_links":{"self":[{"href":"https:\/\/interiorposter.com\/cs\/wp-json\/wp\/v2\/product\/183053","targetHints":{"allow":["GET"]}}],"collection":[{"href":"https:\/\/interiorposter.com\/cs\/wp-json\/wp\/v2\/product"}],"about":[{"href":"https:\/\/interiorposter.com\/cs\/wp-json\/wp\/v2\/types\/product"}],"replies":[{"embeddable":true,"href":"https:\/\/interiorposter.com\/cs\/wp-json\/wp\/v2\/comments?post=183053"}],"wp:featuredmedia":[{"embeddable":true,"href":"https:\/\/interiorposter.com\/cs\/wp-json\/wp\/v2\/media\/183046"}],"wp:attachment":[{"href":"https:\/\/interiorposter.com\/cs\/wp-json\/wp\/v2\/media?parent=183053"}],"wp:term":[{"taxonomy":"product_brand","embeddable":true,"href":"https:\/\/interiorposter.com\/cs\/wp-json\/wp\/v2\/product_brand?post=183053"},{"taxonomy":"product_cat","embeddable":true,"href":"https:\/\/interiorposter.com\/cs\/wp-json\/wp\/v2\/product_cat?post=183053"},{"taxonomy":"product_tag","embeddable":true,"href":"https:\/\/interiorposter.com\/cs\/wp-json\/wp\/v2\/product_tag?post=183053"}],"curies":[{"name":"wp","href":"https:\/\/api.w.org\/{rel}","templated":true}]}}