{"id":182941,"date":"2026-02-28T21:45:04","date_gmt":"2026-02-28T20:45:04","guid":{"rendered":"https:\/\/interiorposter.com\/product\/obraz-na-plotnie-minimalistyczna-abstrakcja-z-rozem\/"},"modified":"2026-03-02T01:51:32","modified_gmt":"2026-03-02T00:51:32","slug":"obraz-na-plotnie-minimalistyczna-abstrakcja-z-rozem","status":"publish","type":"product","link":"https:\/\/interiorposter.com\/cs\/product\/obraz-na-plotnie-minimalistyczna-abstrakcja-z-rozem\/","title":{"rendered":"Obraz na pl\u00e1tn\u011b Minimalistick\u00e1 abstrakce s r\u016f\u017eovou"},"content":{"rendered":"<p>Jemn\u00fd detail, kter\u00fd ud\u011bl\u00e1 rozd\u00edl. Tento obraz na pl\u00e1tn\u011b je minimalistick\u00e1 abstrakce postaven\u00e1 na jednoduch\u00fdch taz\u00edch a lehk\u00e9 struktu\u0159e, d\u00edky nim\u017e z\u00edsk\u00e1 interi\u00e9r elegantn\u00ed, modern\u00ed rytmus. Barevnost je sv\u011btl\u00e1 a tlumen\u00e1: \u010dist\u00e1 b\u00edl\u00e1 se propojuje s pudrov\u011b r\u016f\u017eovou, \u0161ed\u00fdmi t\u00f3ny a kontrastn\u00ed \u010dernou v podob\u011b v\u00fdrazn\u00e9ho tahu. Tato kompozice se skv\u011ble hod\u00ed jako dekorace na st\u011bnu do ob\u00fdvac\u00edho pokoje, lo\u017enice nebo kancel\u00e1\u0159e, uplatn\u00ed se i v p\u0159eds\u00edni, hotelu \u010di restauraci, kde z\u00e1le\u017e\u00ed na stylu a lehkosti. Dekorace, kter\u00e1 prostor zklidn\u00ed a podtrhne dobr\u00fd vkus.<\/p>\n","protected":false},"excerpt":{"rendered":"<p>Minimalistick\u00fd obraz na pl\u00e1tn\u011b s pudrov\u011b r\u016f\u017eovou, b\u00edlou, \u0161edou a \u010dernou. Elegantn\u00ed dekorace na st\u011bnu do ob\u00fdvac\u00edho pokoje, lo\u017enice i kancel\u00e1\u0159e.<\/p>\n","protected":false},"featured_media":178515,"comment_status":"open","ping_status":"closed","template":"","meta":[],"product_brand":[],"product_cat":[95,210,74,86,207,68,297,102,105,83,71,89,111],"product_tag":[702,180,274,186],"class_list":{"0":"post-182941","1":"product","2":"type-product","3":"status-publish","4":"has-post-thumbnail","6":"product_cat-abstraktni","7":"product_cat-geometricke","8":"product_cat-hotel-cs","9":"product_cat-kancelar","10":"product_cat-konceptualni-umeni","11":"product_cat-loznice","12":"product_cat-malirsky","13":"product_cat-minimalisticky","14":"product_cat-moderni","15":"product_cat-obyvaci-pokoj","16":"product_cat-predsin","17":"product_cat-restaurace","18":"product_cat-skandinavsky","19":"product_tag-horizontalni","20":"product_tag-seda","21":"product_tag-svetle","22":"product_tag-vicebarevny","24":"first","25":"instock","26":"taxable","27":"shipping-taxable","28":"product-type-variable","29":"has-default-attributes"},"aioseo_notices":[],"_links":{"self":[{"href":"https:\/\/interiorposter.com\/cs\/wp-json\/wp\/v2\/product\/182941","targetHints":{"allow":["GET"]}}],"collection":[{"href":"https:\/\/interiorposter.com\/cs\/wp-json\/wp\/v2\/product"}],"about":[{"href":"https:\/\/interiorposter.com\/cs\/wp-json\/wp\/v2\/types\/product"}],"replies":[{"embeddable":true,"href":"https:\/\/interiorposter.com\/cs\/wp-json\/wp\/v2\/comments?post=182941"}],"wp:featuredmedia":[{"embeddable":true,"href":"https:\/\/interiorposter.com\/cs\/wp-json\/wp\/v2\/media\/178515"}],"wp:attachment":[{"href":"https:\/\/interiorposter.com\/cs\/wp-json\/wp\/v2\/media?parent=182941"}],"wp:term":[{"taxonomy":"product_brand","embeddable":true,"href":"https:\/\/interiorposter.com\/cs\/wp-json\/wp\/v2\/product_brand?post=182941"},{"taxonomy":"product_cat","embeddable":true,"href":"https:\/\/interiorposter.com\/cs\/wp-json\/wp\/v2\/product_cat?post=182941"},{"taxonomy":"product_tag","embeddable":true,"href":"https:\/\/interiorposter.com\/cs\/wp-json\/wp\/v2\/product_tag?post=182941"}],"curies":[{"name":"wp","href":"https:\/\/api.w.org\/{rel}","templated":true}]}}