{"id":182873,"date":"2026-02-28T21:41:01","date_gmt":"2026-02-28T20:41:01","guid":{"rendered":"https:\/\/interiorposter.com\/product\/obraz-na-plotnie-gory-w-stylu-akwareli-w-blekitach\/"},"modified":"2026-03-02T01:42:11","modified_gmt":"2026-03-02T00:42:11","slug":"obraz-na-plotnie-gory-w-stylu-akwareli-w-blekitach","status":"publish","type":"product","link":"https:\/\/interiorposter.com\/cs\/product\/obraz-na-plotnie-gory-w-stylu-akwareli-w-blekitach\/","title":{"rendered":"Obraz na pl\u00e1tn\u011b Hory v akvarelov\u00e9m stylu v modr\u00fdch t\u00f3nech"},"content":{"rendered":"<p>Vneste do interi\u00e9ru n\u00e1dech prostoru a klid p\u0159\u00edrody. Tento obraz na pl\u00e1tn\u011b zobrazuje horskou krajinu v akvarelov\u00e9m stylu, s lehk\u00fdm oparem a jemn\u00fdmi barevn\u00fdmi p\u0159echody, kter\u00e9 vytv\u00e1\u0159ej\u00ed uklid\u0148uj\u00edc\u00ed, modern\u00ed atmosf\u00e9ru. Barevnost je chladn\u00e1 a tlumen\u00e1: odst\u00edny modr\u00e9 a n\u00e1mo\u0159nick\u00e9 mod\u0159i se propojuj\u00ed se sv\u011btle \u0161edou a nen\u00e1padn\u00fdmi pudrov\u011b r\u016f\u017eov\u00fdmi akcenty na vrcholc\u00edch. Skv\u011ble se hod\u00ed jako dekorace na st\u011bnu do ob\u00fdvac\u00edho pokoje, lo\u017enice nebo kancel\u00e1\u0159e, v\u00fdborn\u011b zapadne i do hotelu \u010di p\u0159eds\u00edn\u011b, kde m\u00e1 navodit harmonii. Dekorace, kter\u00e1 p\u016fsob\u00ed lehce a kr\u00e1sn\u011b dopln\u00ed sv\u011btl\u00e9 interi\u00e9ry.<\/p>\n","protected":false},"excerpt":{"rendered":"<p>Obraz na pl\u00e1tn\u011b s horskou krajinou v akvarelov\u00e9m stylu v modr\u00fdch t\u00f3nech a s jemn\u00fdm n\u00e1dechem r\u016f\u017eov\u00e9. Klidn\u00e1 dekorace do ob\u00fdvac\u00edho pokoje a lo\u017enice.<\/p>\n","protected":false},"featured_media":178329,"comment_status":"open","ping_status":"closed","template":"","meta":[],"product_brand":[],"product_cat":[74,86,207,135,68,297,102,105,83,71,89,111],"product_tag":[702,186],"class_list":{"0":"post-182873","1":"product","2":"type-product","3":"status-publish","4":"has-post-thumbnail","6":"product_cat-hotel-cs","7":"product_cat-kancelar","8":"product_cat-konceptualni-umeni","9":"product_cat-krajiny","10":"product_cat-loznice","11":"product_cat-malirsky","12":"product_cat-minimalisticky","13":"product_cat-moderni","14":"product_cat-obyvaci-pokoj","15":"product_cat-predsin","16":"product_cat-restaurace","17":"product_cat-skandinavsky","18":"product_tag-horizontalni","19":"product_tag-vicebarevny","21":"first","22":"instock","23":"taxable","24":"shipping-taxable","25":"purchasable","26":"product-type-variable","27":"has-default-attributes"},"aioseo_notices":[],"_links":{"self":[{"href":"https:\/\/interiorposter.com\/cs\/wp-json\/wp\/v2\/product\/182873","targetHints":{"allow":["GET"]}}],"collection":[{"href":"https:\/\/interiorposter.com\/cs\/wp-json\/wp\/v2\/product"}],"about":[{"href":"https:\/\/interiorposter.com\/cs\/wp-json\/wp\/v2\/types\/product"}],"replies":[{"embeddable":true,"href":"https:\/\/interiorposter.com\/cs\/wp-json\/wp\/v2\/comments?post=182873"}],"wp:featuredmedia":[{"embeddable":true,"href":"https:\/\/interiorposter.com\/cs\/wp-json\/wp\/v2\/media\/178329"}],"wp:attachment":[{"href":"https:\/\/interiorposter.com\/cs\/wp-json\/wp\/v2\/media?parent=182873"}],"wp:term":[{"taxonomy":"product_brand","embeddable":true,"href":"https:\/\/interiorposter.com\/cs\/wp-json\/wp\/v2\/product_brand?post=182873"},{"taxonomy":"product_cat","embeddable":true,"href":"https:\/\/interiorposter.com\/cs\/wp-json\/wp\/v2\/product_cat?post=182873"},{"taxonomy":"product_tag","embeddable":true,"href":"https:\/\/interiorposter.com\/cs\/wp-json\/wp\/v2\/product_tag?post=182873"}],"curies":[{"name":"wp","href":"https:\/\/api.w.org\/{rel}","templated":true}]}}