{"id":182817,"date":"2026-02-28T21:36:50","date_gmt":"2026-02-28T20:36:50","guid":{"rendered":"https:\/\/interiorposter.com\/product\/obraz-na-plotnie-akwarelowa-abstrakcja-w-rozach\/"},"modified":"2026-03-02T01:33:30","modified_gmt":"2026-03-02T00:33:30","slug":"obraz-na-plotnie-akwarelowa-abstrakcja-w-rozach","status":"publish","type":"product","link":"https:\/\/interiorposter.com\/cs\/product\/obraz-na-plotnie-akwarelowa-abstrakcja-w-rozach\/","title":{"rendered":"Obraz na pl\u00e1tn\u011b Akvarelov\u00e1 abstrakce v r\u016f\u017eov\u00fdch t\u00f3nech"},"content":{"rendered":"<p>O\u017eivte interi\u00e9r barvami a lehkost\u00ed um\u011bn\u00ed. Tento obraz na pl\u00e1tn\u011b je akvarelov\u00e1 abstrakce s dynamick\u00fdmi c\u00e1kanci a jemn\u00fdmi barevn\u00fdmi plochami, kter\u00e9 p\u016fsob\u00ed svobodn\u011b a energicky. Barevnost je sv\u011btl\u00e1 a v\u00edcebarevn\u00e1: v\u00fdrazn\u00e9 r\u016f\u017eov\u00e9 a malinov\u00e9 t\u00f3ny se m\u00eds\u00ed s chladn\u00fdmi modr\u00fdmi a \u0161ed\u00fdmi odst\u00edny, zat\u00edmco tepl\u00e9 zlat\u00e9, b\u00e9\u017eov\u00e9 a nen\u00e1padn\u00fd n\u00e1dech zelen\u00e9 dod\u00e1vaj\u00ed kompozici hloubku. Skv\u011ble se hod\u00ed jako dekorace na st\u011bnu do ob\u00fdvac\u00edho pokoje, lo\u017enice nebo kancel\u00e1\u0159e, uplatn\u00ed se i v hotelu, restauraci \u010di p\u0159eds\u00edni, kdy\u017e chcete prostoru dodat charakter. V\u00fdrazn\u00fd prvek, kter\u00fd p\u0159it\u00e1hne pohled a zlep\u0161\u00ed n\u00e1ladu.<\/p>\n","protected":false},"excerpt":{"rendered":"<p>Akvarelov\u00e1 abstrakce na pl\u00e1tn\u011b s r\u016f\u017eov\u00fdmi, modr\u00fdmi a zlat\u00fdmi akcenty. Energick\u00e1 dekorace na st\u011bnu do ob\u00fdvac\u00edho pokoje, lo\u017enice i kancel\u00e1\u0159e.<\/p>\n","protected":false},"featured_media":178143,"comment_status":"open","ping_status":"closed","template":"","meta":[],"product_brand":[],"product_cat":[95,74,86,207,68,297,105,83,71,89],"product_tag":[702,186],"class_list":{"0":"post-182817","1":"product","2":"type-product","3":"status-publish","4":"has-post-thumbnail","6":"product_cat-abstraktni","7":"product_cat-hotel-cs","8":"product_cat-kancelar","9":"product_cat-konceptualni-umeni","10":"product_cat-loznice","11":"product_cat-malirsky","12":"product_cat-moderni","13":"product_cat-obyvaci-pokoj","14":"product_cat-predsin","15":"product_cat-restaurace","16":"product_tag-horizontalni","17":"product_tag-vicebarevny","19":"first","20":"instock","21":"taxable","22":"shipping-taxable","23":"purchasable","24":"product-type-variable","25":"has-default-attributes"},"aioseo_notices":[],"_links":{"self":[{"href":"https:\/\/interiorposter.com\/cs\/wp-json\/wp\/v2\/product\/182817","targetHints":{"allow":["GET"]}}],"collection":[{"href":"https:\/\/interiorposter.com\/cs\/wp-json\/wp\/v2\/product"}],"about":[{"href":"https:\/\/interiorposter.com\/cs\/wp-json\/wp\/v2\/types\/product"}],"replies":[{"embeddable":true,"href":"https:\/\/interiorposter.com\/cs\/wp-json\/wp\/v2\/comments?post=182817"}],"wp:featuredmedia":[{"embeddable":true,"href":"https:\/\/interiorposter.com\/cs\/wp-json\/wp\/v2\/media\/178143"}],"wp:attachment":[{"href":"https:\/\/interiorposter.com\/cs\/wp-json\/wp\/v2\/media?parent=182817"}],"wp:term":[{"taxonomy":"product_brand","embeddable":true,"href":"https:\/\/interiorposter.com\/cs\/wp-json\/wp\/v2\/product_brand?post=182817"},{"taxonomy":"product_cat","embeddable":true,"href":"https:\/\/interiorposter.com\/cs\/wp-json\/wp\/v2\/product_cat?post=182817"},{"taxonomy":"product_tag","embeddable":true,"href":"https:\/\/interiorposter.com\/cs\/wp-json\/wp\/v2\/product_tag?post=182817"}],"curies":[{"name":"wp","href":"https:\/\/api.w.org\/{rel}","templated":true}]}}