{"id":182644,"date":"2026-02-28T21:29:55","date_gmt":"2026-02-28T20:29:55","guid":{"rendered":"https:\/\/interiorposter.com\/product\/obraz-na-plotnie-pastelowa-abstrakcja-w-cieplych-barwach\/"},"modified":"2026-03-02T01:10:07","modified_gmt":"2026-03-02T00:10:07","slug":"obraz-na-plotnie-pastelowa-abstrakcja-w-cieplych-barwach","status":"publish","type":"product","link":"https:\/\/interiorposter.com\/cs\/product\/obraz-na-plotnie-pastelowa-abstrakcja-w-cieplych-barwach\/","title":{"rendered":"Obraz na pl\u00e1tn\u011b Pastelov\u00e1 abstrakce v tepl\u00fdch barv\u00e1ch"},"content":{"rendered":"<p>Projasn\u011bte interi\u00e9r lehkost\u00ed a barvami. Tento obraz na pl\u00e1tn\u011b je pastelov\u00e1 abstrakce s plynul\u00fdmi akvarelov\u00fdmi p\u0159echody, kter\u00e9 vytv\u00e1\u0159ej\u00ed jemn\u00fd a klidn\u00fd dojem. Barevnost je sv\u011btl\u00e1 a tepl\u00e1: pudrov\u00e9 r\u016f\u017eov\u00e9, broskvov\u011b oran\u017eov\u00e9 a zlatav\u011b \u017elut\u00e9 t\u00f3ny se prol\u00ednaj\u00ed s jemn\u00fdmi b\u00e9\u017eov\u00fdmi a nen\u00e1padnou stopou chladn\u00e9 modr\u00e9. D\u00edky t\u00e9to rovnov\u00e1ze se kompozice hod\u00ed do modern\u00edch i \u00fatuln\u011bj\u0161\u00edch aran\u017em\u00e1. Skv\u011ble se uplatn\u00ed jako dekorace na st\u011bnu do ob\u00fdvac\u00edho pokoje, lo\u017enice, p\u0159eds\u00edn\u011b nebo kancel\u00e1\u0159e, hod\u00ed se i do hotelu a restaurace, kde m\u00e1 vytv\u00e1\u0159et p\u0159\u00edjemnou atmosf\u00e9ru. Obraz, kter\u00fd prostoru dod\u00e1 harmonii a sv\u011b\u017eest.<\/p>\n","protected":false},"excerpt":{"rendered":"<p>Pastelov\u00e1 abstrakce na pl\u00e1tn\u011b v tepl\u00fdch r\u016f\u017eov\u00fdch, broskvov\u00fdch a \u017elut\u00fdch t\u00f3nech s n\u00e1dechem modr\u00e9. Lehk\u00e1 dekorace na st\u011bnu do ob\u00fdvac\u00edho pokoje a lo\u017enice.<\/p>\n","protected":false},"featured_media":182641,"comment_status":"open","ping_status":"closed","template":"","meta":[],"product_brand":[],"product_cat":[95,74,86,207,68,297,105,83,71,89],"product_tag":[702,274,186],"class_list":{"0":"post-182644","1":"product","2":"type-product","3":"status-publish","4":"has-post-thumbnail","6":"product_cat-abstraktni","7":"product_cat-hotel-cs","8":"product_cat-kancelar","9":"product_cat-konceptualni-umeni","10":"product_cat-loznice","11":"product_cat-malirsky","12":"product_cat-moderni","13":"product_cat-obyvaci-pokoj","14":"product_cat-predsin","15":"product_cat-restaurace","16":"product_tag-horizontalni","17":"product_tag-svetle","18":"product_tag-vicebarevny","20":"first","21":"instock","22":"taxable","23":"shipping-taxable","24":"purchasable","25":"product-type-variable","26":"has-default-attributes"},"aioseo_notices":[],"_links":{"self":[{"href":"https:\/\/interiorposter.com\/cs\/wp-json\/wp\/v2\/product\/182644","targetHints":{"allow":["GET"]}}],"collection":[{"href":"https:\/\/interiorposter.com\/cs\/wp-json\/wp\/v2\/product"}],"about":[{"href":"https:\/\/interiorposter.com\/cs\/wp-json\/wp\/v2\/types\/product"}],"replies":[{"embeddable":true,"href":"https:\/\/interiorposter.com\/cs\/wp-json\/wp\/v2\/comments?post=182644"}],"wp:featuredmedia":[{"embeddable":true,"href":"https:\/\/interiorposter.com\/cs\/wp-json\/wp\/v2\/media\/182641"}],"wp:attachment":[{"href":"https:\/\/interiorposter.com\/cs\/wp-json\/wp\/v2\/media?parent=182644"}],"wp:term":[{"taxonomy":"product_brand","embeddable":true,"href":"https:\/\/interiorposter.com\/cs\/wp-json\/wp\/v2\/product_brand?post=182644"},{"taxonomy":"product_cat","embeddable":true,"href":"https:\/\/interiorposter.com\/cs\/wp-json\/wp\/v2\/product_cat?post=182644"},{"taxonomy":"product_tag","embeddable":true,"href":"https:\/\/interiorposter.com\/cs\/wp-json\/wp\/v2\/product_tag?post=182644"}],"curies":[{"name":"wp","href":"https:\/\/api.w.org\/{rel}","templated":true}]}}