{"id":182432,"date":"2025-11-12T15:13:32","date_gmt":"2025-11-12T14:13:32","guid":{"rendered":"https:\/\/interiorposter.com\/product\/plakat-zlote-liscie-na-bieli-elegancja-glamour\/"},"modified":"2026-03-02T00:54:09","modified_gmt":"2026-03-01T23:54:09","slug":"plakat-zlote-liscie-na-bieli-elegancja-glamour","status":"publish","type":"product","link":"https:\/\/interiorposter.com\/cs\/product\/plakat-zlote-liscie-na-bieli-elegancja-glamour\/","title":{"rendered":"Plak\u00e1t zlat\u00e9 listy na b\u00edl\u00e9 glamour elegance"},"content":{"rendered":"<p>Zlat\u00e9 listy rozpt\u00fdlen\u00e9 na sv\u011btl\u00e9m pozad\u00ed vytv\u00e1\u0159ej\u00ed lehkou elegantn\u00ed dekoraci na ze\u010f, kter\u00e1 dod\u00e1 interi\u00e9ru lesk a \u00fatuln\u00e9 teplo. Jemn\u00e9, t\u00e9m\u011b\u0159 pr\u016fsvitn\u00e9 tvary se prol\u00ednaj\u00ed s metalick\u00fdmi akcenty, tak\u017ee celek p\u016fsob\u00ed subtiln\u011b a p\u0159esto zanech\u00e1 dojem. Sv\u011btl\u00e1 paleta b\u00edl\u00e9, b\u00e9\u017eov\u00e9 a zlat\u00e9 kr\u00e1sn\u011b projasn\u00ed prostor a hod\u00ed se do modern\u00edch aran\u017em\u00e1 i do stylu glamour. Skv\u011bl\u00e1 volba jako dekorace na ze\u010f do ob\u00fdvac\u00edho pokoje, kdy\u017e chcete zv\u00fdraznit st\u011bnu bez p\u0159ehnanosti, z\u00e1rove\u0148 se plak\u00e1t v\u00fdborn\u011b hod\u00ed do lo\u017enice, p\u0159eds\u00edn\u011b a kancel\u00e1\u0159e. V hotelu nebo restauraci navod\u00ed propracovanou pr\u00e9miovou atmosf\u00e9ru. Tato v\u00fdzdoba st\u011bn se kr\u00e1sn\u011b kombinuje s mramorem, d\u0159evem i mosazn\u00fdmi dopl\u0148ky.<\/p>\n","protected":false},"excerpt":{"rendered":"<p>Zlat\u00e9 listy na sv\u011btl\u00e9m pozad\u00ed ve stylu glamour. Jemn\u00fd plak\u00e1t, kter\u00fd projasn\u00ed interi\u00e9r a dod\u00e1 mu elegantn\u00ed lesk.<\/p>\n","protected":false},"featured_media":123130,"comment_status":"open","ping_status":"closed","template":"","meta":[],"product_brand":[],"product_cat":[99,74,86,207,68,297,102,105,83,71,89,123],"product_tag":[277,274,704,186],"class_list":{"0":"post-182432","1":"product","2":"type-product","3":"status-publish","4":"has-post-thumbnail","6":"product_cat-glamour-cs","7":"product_cat-hotel-cs","8":"product_cat-kancelar","9":"product_cat-konceptualni-umeni","10":"product_cat-loznice","11":"product_cat-malirsky","12":"product_cat-minimalisticky","13":"product_cat-moderni","14":"product_cat-obyvaci-pokoj","15":"product_cat-predsin","16":"product_cat-restaurace","17":"product_cat-rostliny-a-kvetiny","18":"product_tag-pastelove","19":"product_tag-svetle","20":"product_tag-vertikalni","21":"product_tag-vicebarevny","23":"first","24":"instock","25":"taxable","26":"shipping-taxable","27":"purchasable","28":"product-type-variable","29":"has-default-attributes"},"aioseo_notices":[],"_links":{"self":[{"href":"https:\/\/interiorposter.com\/cs\/wp-json\/wp\/v2\/product\/182432","targetHints":{"allow":["GET"]}}],"collection":[{"href":"https:\/\/interiorposter.com\/cs\/wp-json\/wp\/v2\/product"}],"about":[{"href":"https:\/\/interiorposter.com\/cs\/wp-json\/wp\/v2\/types\/product"}],"replies":[{"embeddable":true,"href":"https:\/\/interiorposter.com\/cs\/wp-json\/wp\/v2\/comments?post=182432"}],"wp:featuredmedia":[{"embeddable":true,"href":"https:\/\/interiorposter.com\/cs\/wp-json\/wp\/v2\/media\/123130"}],"wp:attachment":[{"href":"https:\/\/interiorposter.com\/cs\/wp-json\/wp\/v2\/media?parent=182432"}],"wp:term":[{"taxonomy":"product_brand","embeddable":true,"href":"https:\/\/interiorposter.com\/cs\/wp-json\/wp\/v2\/product_brand?post=182432"},{"taxonomy":"product_cat","embeddable":true,"href":"https:\/\/interiorposter.com\/cs\/wp-json\/wp\/v2\/product_cat?post=182432"},{"taxonomy":"product_tag","embeddable":true,"href":"https:\/\/interiorposter.com\/cs\/wp-json\/wp\/v2\/product_tag?post=182432"}],"curies":[{"name":"wp","href":"https:\/\/api.w.org\/{rel}","templated":true}]}}