{"id":182230,"date":"2025-11-12T15:26:58","date_gmt":"2025-11-12T14:26:58","guid":{"rendered":"https:\/\/interiorposter.com\/product\/plakat-kwiaty-glamour-turkus-i-zloto-na-bieli\/"},"modified":"2026-03-02T00:31:44","modified_gmt":"2026-03-01T23:31:44","slug":"plakat-kwiaty-glamour-turkus-i-zloto-na-bieli","status":"publish","type":"product","link":"https:\/\/interiorposter.com\/cs\/product\/plakat-kwiaty-glamour-turkus-i-zloto-na-bieli\/","title":{"rendered":"Plak\u00e1t kv\u011bty glamour tyrkys a zlato na b\u00edl\u00e9"},"content":{"rendered":"<p>P\u016fsobiv\u00e1 kv\u011btinov\u00e1 kompozice ve stylu glamour spojuje tyrkys, pudrovou r\u016f\u017eovou a hlubokou \u0161edou s elegantn\u00edmi zlat\u00fdmi liniemi. V\u00fdrazn\u00fd st\u0159edov\u00fd kv\u011bt p\u0159itahuje pozornost a jemn\u00e9 okv\u011btn\u00ed l\u00edstky se zlat\u00fdmi detaily dod\u00e1vaj\u00ed luxusn\u00ed lesk i um\u011bleckou hloubku. Sv\u011btl\u00e1 barevnost s tyrkysem a zlatem kr\u00e1sn\u011b projasn\u00ed st\u011bnu a vytvo\u0159\u00ed \u00fatulnou, propracovanou atmosf\u00e9ru. Skv\u011bl\u00e1 volba jako dekorace na ze\u010f do ob\u00fdvac\u00edho pokoje, kdy\u017e chcete zv\u00fdraznit charakter interi\u00e9ru, z\u00e1rove\u0148 se plak\u00e1t hod\u00ed do lo\u017enice, p\u0159eds\u00edn\u011b i kancel\u00e1\u0159e. V hotelu nebo restauraci navod\u00ed pr\u00e9miov\u00fd dojem a dod\u00e1 prostoru eleganci. Motiv se hod\u00ed do modern\u00edch, glamour i minimalistick\u00fdch interi\u00e9r\u016f, kde rozhoduje stylov\u00e1 v\u00fdzdoba st\u011bn.<\/p>\n","protected":false},"excerpt":{"rendered":"<p>Tyrkysov\u00e9 kv\u011bty se zlat\u00fdmi detaily ve stylu glamour. Elegantn\u00ed plak\u00e1t do ob\u00fdv\u00e1ku nebo lo\u017enice, kter\u00fd dod\u00e1 barvu a luxusn\u00ed lesk.<\/p>\n","protected":false},"featured_media":123964,"comment_status":"open","ping_status":"closed","template":"","meta":[],"product_brand":[],"product_cat":[95,99,74,86,207,68,297,105,83,71,89,123],"product_tag":[704,186],"class_list":{"0":"post-182230","1":"product","2":"type-product","3":"status-publish","4":"has-post-thumbnail","6":"product_cat-abstraktni","7":"product_cat-glamour-cs","8":"product_cat-hotel-cs","9":"product_cat-kancelar","10":"product_cat-konceptualni-umeni","11":"product_cat-loznice","12":"product_cat-malirsky","13":"product_cat-moderni","14":"product_cat-obyvaci-pokoj","15":"product_cat-predsin","16":"product_cat-restaurace","17":"product_cat-rostliny-a-kvetiny","18":"product_tag-vertikalni","19":"product_tag-vicebarevny","21":"first","22":"instock","23":"taxable","24":"shipping-taxable","25":"product-type-variable","26":"has-default-attributes"},"aioseo_notices":[],"_links":{"self":[{"href":"https:\/\/interiorposter.com\/cs\/wp-json\/wp\/v2\/product\/182230","targetHints":{"allow":["GET"]}}],"collection":[{"href":"https:\/\/interiorposter.com\/cs\/wp-json\/wp\/v2\/product"}],"about":[{"href":"https:\/\/interiorposter.com\/cs\/wp-json\/wp\/v2\/types\/product"}],"replies":[{"embeddable":true,"href":"https:\/\/interiorposter.com\/cs\/wp-json\/wp\/v2\/comments?post=182230"}],"wp:featuredmedia":[{"embeddable":true,"href":"https:\/\/interiorposter.com\/cs\/wp-json\/wp\/v2\/media\/123964"}],"wp:attachment":[{"href":"https:\/\/interiorposter.com\/cs\/wp-json\/wp\/v2\/media?parent=182230"}],"wp:term":[{"taxonomy":"product_brand","embeddable":true,"href":"https:\/\/interiorposter.com\/cs\/wp-json\/wp\/v2\/product_brand?post=182230"},{"taxonomy":"product_cat","embeddable":true,"href":"https:\/\/interiorposter.com\/cs\/wp-json\/wp\/v2\/product_cat?post=182230"},{"taxonomy":"product_tag","embeddable":true,"href":"https:\/\/interiorposter.com\/cs\/wp-json\/wp\/v2\/product_tag?post=182230"}],"curies":[{"name":"wp","href":"https:\/\/api.w.org\/{rel}","templated":true}]}}