{"id":182031,"date":"2025-11-12T15:58:57","date_gmt":"2025-11-12T14:58:57","guid":{"rendered":"https:\/\/interiorposter.com\/product\/plakat-zlote-liscie-glamour-na-jasnym-tle\/"},"modified":"2026-03-02T00:22:00","modified_gmt":"2026-03-01T23:22:00","slug":"plakat-zlote-liscie-glamour-na-jasnym-tle","status":"publish","type":"product","link":"https:\/\/interiorposter.com\/cs\/product\/plakat-zlote-liscie-glamour-na-jasnym-tle\/","title":{"rendered":"Plak\u00e1t zlat\u00e9 listy glamour na sv\u011btl\u00e9m pozad\u00ed"},"content":{"rendered":"<p>Zlat\u00e9 listy na sv\u011btl\u00e9m, jemn\u011b mal\u00ed\u0159sk\u00e9m pozad\u00ed vytv\u00e1\u0159ej\u00ed dekoraci na ze\u010f, kter\u00e1 interi\u00e9r okam\u017eit\u011b zatepl\u00ed a dod\u00e1 mu elegantn\u00ed lesk. M\u011bkk\u00e9 p\u0159echody b\u00e9\u017eov\u00e9, b\u00edl\u00e9 a sv\u011btle \u0161ed\u00e9 podtrhuj\u00ed kovov\u00fd charakter zlata a dynamick\u00e9 uspo\u0159\u00e1d\u00e1n\u00ed list\u016f p\u0159in\u00e1\u0161\u00ed do prostoru lehkost i n\u00e1znak pohybu. Skv\u011bl\u00e1 volba jako dekorace na ze\u010f do ob\u00fdvac\u00edho pokoje, kdy\u017e chcete pr\u00e9miov\u00fd dojem a \u00fatulnou atmosf\u00e9ru, hod\u00ed se tak\u00e9 do lo\u017enice, p\u0159eds\u00edn\u011b a kancel\u00e1\u0159e. V hotelu nebo restauraci podtrhne propracovan\u00fd styl a vytvo\u0159\u00ed klidnou, luxusn\u00ed n\u00e1ladu. Sv\u011btl\u00e1 barevnost se zlat\u00fdmi akcenty se kr\u00e1sn\u011b kombinuje s mramorem, d\u0159evem i mosazn\u00fdmi detaily a p\u0159in\u00e1\u0161\u00ed stylovou v\u00fdzdobu st\u011bn.<\/p>\n","protected":false},"excerpt":{"rendered":"<p>Zlat\u00e9 listy na sv\u011btl\u00e9m pozad\u00ed ve stylu glamour. Elegantn\u00ed plak\u00e1t, kter\u00fd projasn\u00ed prostor a dod\u00e1 mu teplo i noblesu.<\/p>\n","protected":false},"featured_media":126057,"comment_status":"open","ping_status":"closed","template":"","meta":[],"product_brand":[],"product_cat":[99,74,86,207,68,297,102,105,83,71,89,123],"product_tag":[180,274,704,186],"class_list":{"0":"post-182031","1":"product","2":"type-product","3":"status-publish","4":"has-post-thumbnail","6":"product_cat-glamour-cs","7":"product_cat-hotel-cs","8":"product_cat-kancelar","9":"product_cat-konceptualni-umeni","10":"product_cat-loznice","11":"product_cat-malirsky","12":"product_cat-minimalisticky","13":"product_cat-moderni","14":"product_cat-obyvaci-pokoj","15":"product_cat-predsin","16":"product_cat-restaurace","17":"product_cat-rostliny-a-kvetiny","18":"product_tag-seda","19":"product_tag-svetle","20":"product_tag-vertikalni","21":"product_tag-vicebarevny","23":"first","24":"instock","25":"taxable","26":"shipping-taxable","27":"purchasable","28":"product-type-variable","29":"has-default-attributes"},"aioseo_notices":[],"_links":{"self":[{"href":"https:\/\/interiorposter.com\/cs\/wp-json\/wp\/v2\/product\/182031","targetHints":{"allow":["GET"]}}],"collection":[{"href":"https:\/\/interiorposter.com\/cs\/wp-json\/wp\/v2\/product"}],"about":[{"href":"https:\/\/interiorposter.com\/cs\/wp-json\/wp\/v2\/types\/product"}],"replies":[{"embeddable":true,"href":"https:\/\/interiorposter.com\/cs\/wp-json\/wp\/v2\/comments?post=182031"}],"wp:featuredmedia":[{"embeddable":true,"href":"https:\/\/interiorposter.com\/cs\/wp-json\/wp\/v2\/media\/126057"}],"wp:attachment":[{"href":"https:\/\/interiorposter.com\/cs\/wp-json\/wp\/v2\/media?parent=182031"}],"wp:term":[{"taxonomy":"product_brand","embeddable":true,"href":"https:\/\/interiorposter.com\/cs\/wp-json\/wp\/v2\/product_brand?post=182031"},{"taxonomy":"product_cat","embeddable":true,"href":"https:\/\/interiorposter.com\/cs\/wp-json\/wp\/v2\/product_cat?post=182031"},{"taxonomy":"product_tag","embeddable":true,"href":"https:\/\/interiorposter.com\/cs\/wp-json\/wp\/v2\/product_tag?post=182031"}],"curies":[{"name":"wp","href":"https:\/\/api.w.org\/{rel}","templated":true}]}}