{"id":181835,"date":"2025-11-12T16:03:32","date_gmt":"2025-11-12T15:03:32","guid":{"rendered":"https:\/\/interiorposter.com\/product\/plakat-zloty-lisc-glamour-w-jasnych-bezach\/"},"modified":"2026-03-02T00:07:06","modified_gmt":"2026-03-01T23:07:06","slug":"plakat-zloty-lisc-glamour-w-jasnych-bezach","status":"publish","type":"product","link":"https:\/\/interiorposter.com\/cs\/product\/plakat-zloty-lisc-glamour-w-jasnych-bezach\/","title":{"rendered":"Plak\u00e1t zlat\u00fd list glamour ve sv\u011btl\u00fdch b\u00e9\u017eov\u00fdch t\u00f3nech"},"content":{"rendered":"<p>Jemn\u00fd motiv zlat\u00e9ho listu na sv\u011btl\u00e9m pozad\u00ed vytv\u00e1\u0159\u00ed elegantn\u00ed dekoraci na ze\u010f s v\u00fdrazn\u00fdm n\u00e1dechem luxusu. Pr\u016fsvitn\u00e1 struktura listu a subtiln\u00ed \u017eilkov\u00e1n\u00ed p\u016fsob\u00ed lehce, zat\u00edmco zlat\u00e9 textury dod\u00e1vaj\u00ed hloubku a teplo. Sv\u011btl\u00e1 paleta b\u00e9\u017eov\u00e9, b\u00edl\u00e9 a zlat\u00e9 projasn\u00ed interi\u00e9r a snadno se kombinuje s mramorem, d\u0159evem i mosazn\u00fdmi dopl\u0148ky. Skv\u011bl\u00e1 volba jako dekorace na ze\u010f do ob\u00fdvac\u00edho pokoje, kdy\u017e chcete pr\u00e9miov\u00fd dojem bez p\u0159ehnanosti, hod\u00ed se tak\u00e9 do lo\u017enice, p\u0159eds\u00edn\u011b a kancel\u00e1\u0159e. V hotelu nebo restauraci podtrhne elegantn\u00ed charakter aran\u017em\u00e1 a vytvo\u0159\u00ed klidnou, propracovanou atmosf\u00e9ru. Tato v\u00fdzdoba st\u011bny p\u0159itahuje pohled, a p\u0159itom z\u016fst\u00e1v\u00e1 jemn\u00e1 a nad\u010dasov\u00e1.<\/p>\n","protected":false},"excerpt":{"rendered":"<p>Zlat\u00fd list na sv\u011btl\u00e9m pozad\u00ed ve stylu glamour. Jemn\u00fd plak\u00e1t do ob\u00fdv\u00e1ku nebo lo\u017enice, kter\u00fd dod\u00e1 interi\u00e9ru lesk a eleganci.<\/p>\n","protected":false},"featured_media":126196,"comment_status":"open","ping_status":"closed","template":"","meta":[],"product_brand":[],"product_cat":[99,74,86,68,138,297,102,105,83,71,89,123],"product_tag":[277,274,704,186],"class_list":{"0":"post-181835","1":"product","2":"type-product","3":"status-publish","4":"has-post-thumbnail","6":"product_cat-glamour-cs","7":"product_cat-hotel-cs","8":"product_cat-kancelar","9":"product_cat-loznice","10":"product_cat-makro","11":"product_cat-malirsky","12":"product_cat-minimalisticky","13":"product_cat-moderni","14":"product_cat-obyvaci-pokoj","15":"product_cat-predsin","16":"product_cat-restaurace","17":"product_cat-rostliny-a-kvetiny","18":"product_tag-pastelove","19":"product_tag-svetle","20":"product_tag-vertikalni","21":"product_tag-vicebarevny","23":"first","24":"instock","25":"taxable","26":"shipping-taxable","27":"product-type-variable","28":"has-default-attributes"},"aioseo_notices":[],"_links":{"self":[{"href":"https:\/\/interiorposter.com\/cs\/wp-json\/wp\/v2\/product\/181835","targetHints":{"allow":["GET"]}}],"collection":[{"href":"https:\/\/interiorposter.com\/cs\/wp-json\/wp\/v2\/product"}],"about":[{"href":"https:\/\/interiorposter.com\/cs\/wp-json\/wp\/v2\/types\/product"}],"replies":[{"embeddable":true,"href":"https:\/\/interiorposter.com\/cs\/wp-json\/wp\/v2\/comments?post=181835"}],"wp:featuredmedia":[{"embeddable":true,"href":"https:\/\/interiorposter.com\/cs\/wp-json\/wp\/v2\/media\/126196"}],"wp:attachment":[{"href":"https:\/\/interiorposter.com\/cs\/wp-json\/wp\/v2\/media?parent=181835"}],"wp:term":[{"taxonomy":"product_brand","embeddable":true,"href":"https:\/\/interiorposter.com\/cs\/wp-json\/wp\/v2\/product_brand?post=181835"},{"taxonomy":"product_cat","embeddable":true,"href":"https:\/\/interiorposter.com\/cs\/wp-json\/wp\/v2\/product_cat?post=181835"},{"taxonomy":"product_tag","embeddable":true,"href":"https:\/\/interiorposter.com\/cs\/wp-json\/wp\/v2\/product_tag?post=181835"}],"curies":[{"name":"wp","href":"https:\/\/api.w.org\/{rel}","templated":true}]}}