{"id":181630,"date":"2025-11-12T16:11:59","date_gmt":"2025-11-12T15:11:59","guid":{"rendered":"https:\/\/interiorposter.com\/product\/plakat-liscie-w-turkusie-i-zlocie-malarska-abstrakcja\/"},"modified":"2026-03-01T23:57:22","modified_gmt":"2026-03-01T22:57:22","slug":"plakat-liscie-w-turkusie-i-zlocie-malarska-abstrakcja","status":"publish","type":"product","link":"https:\/\/interiorposter.com\/cs\/product\/plakat-liscie-w-turkusie-i-zlocie-malarska-abstrakcja\/","title":{"rendered":"Plak\u00e1t tyrkysov\u00e9 a zlat\u00e9 listy mal\u00ed\u0159sk\u00e1 abstrakce"},"content":{"rendered":"<p>Kompozice list\u016f v mal\u00ed\u0159sk\u00e9m stylu zaujme spojen\u00edm tyrkysu, medov\u011b zlat\u00fdch t\u00f3n\u016f a tepl\u00fdch b\u00e9\u017eov\u00fdch odst\u00edn\u016f a vytv\u00e1\u0159\u00ed dojem elegantn\u00ed um\u011bleck\u00e9 dekorace. V\u00fdrazn\u00e9 kontury a jemn\u00e9 \u017eilkov\u00e1n\u00ed dod\u00e1vaj\u00ed hloubku, p\u0159itom celek z\u016fst\u00e1v\u00e1 lehk\u00fd a harmonick\u00fd. Skv\u011bl\u00e1 volba jako dekorace na ze\u010f do ob\u00fdvac\u00edho pokoje, kdy\u017e chcete interi\u00e9ru p\u0159idat barvu a styl bez vizu\u00e1ln\u00edho chaosu. Plak\u00e1t se kr\u00e1sn\u011b hod\u00ed tak\u00e9 do lo\u017enice, p\u0159eds\u00edn\u011b a kancel\u00e1\u0159e, a v hotelu nebo restauraci podtrhne propracovan\u00fd charakter aran\u017em\u00e1. Sv\u011btl\u00e1 barevnost s tyrkysem a zlat\u00fdmi t\u00f3ny se v\u00fdborn\u011b kombinuje se d\u0159evem, \u010dernou, b\u00edlou i mosazn\u00fdmi dopl\u0148ky a p\u0159in\u00e1\u0161\u00ed stylovou v\u00fdzdobu st\u011bn, kter\u00e1 p\u0159itahuje pohled a zatepl\u00ed prostor.<\/p>\n","protected":false},"excerpt":{"rendered":"<p>Tyrkysov\u00e9 a zlat\u00e9 listy v mal\u00ed\u0159sk\u00e9m stylu. Plak\u00e1t, kter\u00fd o\u017eiv\u00ed ob\u00fdv\u00e1k nebo lo\u017enici a dod\u00e1 interi\u00e9ru elegantn\u00ed charakter.<\/p>\n","protected":false},"featured_media":126752,"comment_status":"open","ping_status":"closed","template":"","meta":[],"product_brand":[],"product_cat":[95,99,74,86,207,68,297,105,83,71,89,123],"product_tag":[704,186],"class_list":{"0":"post-181630","1":"product","2":"type-product","3":"status-publish","4":"has-post-thumbnail","6":"product_cat-abstraktni","7":"product_cat-glamour-cs","8":"product_cat-hotel-cs","9":"product_cat-kancelar","10":"product_cat-konceptualni-umeni","11":"product_cat-loznice","12":"product_cat-malirsky","13":"product_cat-moderni","14":"product_cat-obyvaci-pokoj","15":"product_cat-predsin","16":"product_cat-restaurace","17":"product_cat-rostliny-a-kvetiny","18":"product_tag-vertikalni","19":"product_tag-vicebarevny","21":"first","22":"instock","23":"taxable","24":"shipping-taxable","25":"purchasable","26":"product-type-variable","27":"has-default-attributes"},"aioseo_notices":[],"_links":{"self":[{"href":"https:\/\/interiorposter.com\/cs\/wp-json\/wp\/v2\/product\/181630","targetHints":{"allow":["GET"]}}],"collection":[{"href":"https:\/\/interiorposter.com\/cs\/wp-json\/wp\/v2\/product"}],"about":[{"href":"https:\/\/interiorposter.com\/cs\/wp-json\/wp\/v2\/types\/product"}],"replies":[{"embeddable":true,"href":"https:\/\/interiorposter.com\/cs\/wp-json\/wp\/v2\/comments?post=181630"}],"wp:featuredmedia":[{"embeddable":true,"href":"https:\/\/interiorposter.com\/cs\/wp-json\/wp\/v2\/media\/126752"}],"wp:attachment":[{"href":"https:\/\/interiorposter.com\/cs\/wp-json\/wp\/v2\/media?parent=181630"}],"wp:term":[{"taxonomy":"product_brand","embeddable":true,"href":"https:\/\/interiorposter.com\/cs\/wp-json\/wp\/v2\/product_brand?post=181630"},{"taxonomy":"product_cat","embeddable":true,"href":"https:\/\/interiorposter.com\/cs\/wp-json\/wp\/v2\/product_cat?post=181630"},{"taxonomy":"product_tag","embeddable":true,"href":"https:\/\/interiorposter.com\/cs\/wp-json\/wp\/v2\/product_tag?post=181630"}],"curies":[{"name":"wp","href":"https:\/\/api.w.org\/{rel}","templated":true}]}}