{"id":181437,"date":"2025-11-12T16:29:58","date_gmt":"2025-11-12T15:29:58","guid":{"rendered":"https:\/\/interiorposter.com\/product\/plakat-transparentne-liscie-szaro-zielone-z-miedzianym-tonem\/"},"modified":"2026-03-01T23:39:42","modified_gmt":"2026-03-01T22:39:42","slug":"plakat-transparentne-liscie-szaro-zielone-z-miedzianym-tonem","status":"publish","type":"product","link":"https:\/\/interiorposter.com\/cs\/product\/plakat-transparentne-liscie-szaro-zielone-z-miedzianym-tonem\/","title":{"rendered":"Plak\u00e1t transparentn\u00ed \u0161edo zelen\u00e9 listy s m\u011bd\u011bn\u00fdm t\u00f3nem"},"content":{"rendered":"<p>Modern\u00ed kompozice dvou transparentn\u00edch list\u016f zaujme lehkost\u00ed a jemn\u00fdm detailem drobn\u00fdch \u017eilek. \u0160edo zelen\u00e1 paleta dod\u00e1v\u00e1 motivu klidn\u00fd p\u0159\u00edrodn\u00ed charakter a tepl\u00fd m\u011bd\u011bn\u00fd t\u00f3n p\u0159in\u00e1\u0161\u00ed elegantn\u00ed kontrast i pocit propracovan\u00e9ho detailu. Sv\u011btl\u00e9 pozad\u00ed pom\u00e1h\u00e1 plak\u00e1tu projasnit st\u011bnu a snadno zapadnout do r\u016fzn\u00fdch interi\u00e9r\u016f od minimalistick\u00fdch po skandin\u00e1vsk\u00e9. Je to skv\u011bl\u00e1 volba jako dekorace na ze\u010f do ob\u00fdvac\u00edho pokoje, z\u00e1rove\u0148 se kr\u00e1sn\u011b hod\u00ed do lo\u017enice, p\u0159eds\u00edn\u011b i kancel\u00e1\u0159e, kde p\u0159in\u00e1\u0161\u00ed harmonii a vizu\u00e1ln\u00ed po\u0159\u00e1dek. V hotelu nebo restauraci podpo\u0159\u00ed decentn\u00ed pr\u00e9miovou atmosf\u00e9ru a dod\u00e1 prostoru sv\u011b\u017e\u00ed, sofistikovan\u00fd dojem. Sv\u011btl\u00e1 barevnost s odst\u00edny \u0161edo zelen\u00e9 a m\u011bdi se perfektn\u011b kombinuje se d\u0159evem, b\u00edlou i \u010dern\u00fdmi detaily a vytv\u00e1\u0159\u00ed nad\u010dasovou v\u00fdzdobu st\u011bn.<\/p>\n","protected":false},"excerpt":{"rendered":"<p>Transparentn\u00ed listy v \u0161edo zelen\u00fdch t\u00f3nech s m\u011bd\u011bn\u00fdm akcentem. Elegantn\u00ed plak\u00e1t do ob\u00fdv\u00e1ku, lo\u017enice nebo kancel\u00e1\u0159e, kter\u00fd interi\u00e9r zklidn\u00ed a projasn\u00ed.<\/p>\n","protected":false},"featured_media":127864,"comment_status":"open","ping_status":"closed","template":"","meta":[],"product_brand":[],"product_cat":[74,289,86,68,138,102,105,83,71,89,123,111],"product_tag":[274,704,186],"class_list":{"0":"post-181437","1":"product","2":"type-product","3":"status-publish","4":"has-post-thumbnail","6":"product_cat-hotel-cs","7":"product_cat-ilustrace","8":"product_cat-kancelar","9":"product_cat-loznice","10":"product_cat-makro","11":"product_cat-minimalisticky","12":"product_cat-moderni","13":"product_cat-obyvaci-pokoj","14":"product_cat-predsin","15":"product_cat-restaurace","16":"product_cat-rostliny-a-kvetiny","17":"product_cat-skandinavsky","18":"product_tag-svetle","19":"product_tag-vertikalni","20":"product_tag-vicebarevny","22":"first","23":"instock","24":"taxable","25":"shipping-taxable","26":"purchasable","27":"product-type-variable","28":"has-default-attributes"},"aioseo_notices":[],"_links":{"self":[{"href":"https:\/\/interiorposter.com\/cs\/wp-json\/wp\/v2\/product\/181437","targetHints":{"allow":["GET"]}}],"collection":[{"href":"https:\/\/interiorposter.com\/cs\/wp-json\/wp\/v2\/product"}],"about":[{"href":"https:\/\/interiorposter.com\/cs\/wp-json\/wp\/v2\/types\/product"}],"replies":[{"embeddable":true,"href":"https:\/\/interiorposter.com\/cs\/wp-json\/wp\/v2\/comments?post=181437"}],"wp:featuredmedia":[{"embeddable":true,"href":"https:\/\/interiorposter.com\/cs\/wp-json\/wp\/v2\/media\/127864"}],"wp:attachment":[{"href":"https:\/\/interiorposter.com\/cs\/wp-json\/wp\/v2\/media?parent=181437"}],"wp:term":[{"taxonomy":"product_brand","embeddable":true,"href":"https:\/\/interiorposter.com\/cs\/wp-json\/wp\/v2\/product_brand?post=181437"},{"taxonomy":"product_cat","embeddable":true,"href":"https:\/\/interiorposter.com\/cs\/wp-json\/wp\/v2\/product_cat?post=181437"},{"taxonomy":"product_tag","embeddable":true,"href":"https:\/\/interiorposter.com\/cs\/wp-json\/wp\/v2\/product_tag?post=181437"}],"curies":[{"name":"wp","href":"https:\/\/api.w.org\/{rel}","templated":true}]}}