{"id":181241,"date":"2025-11-12T01:21:44","date_gmt":"2025-11-12T00:21:44","guid":{"rendered":"https:\/\/interiorposter.com\/product\/plakat-pastelowe-dmuchawce-fotografia-z-bokeh\/"},"modified":"2026-03-01T22:47:28","modified_gmt":"2026-03-01T21:47:28","slug":"plakat-pastelowe-dmuchawce-fotografia-z-bokeh","status":"publish","type":"product","link":"https:\/\/interiorposter.com\/cs\/product\/plakat-pastelowe-dmuchawce-fotografia-z-bokeh\/","title":{"rendered":"Plak\u00e1t pastelov\u00e9 pampeli\u0161ky fotografie s bokeh"},"content":{"rendered":"<p>Vzdu\u0161n\u00e1 fotografie pampeli\u0161ek zachycen\u00e1 v m\u011bkk\u00e9m sv\u011btle vytv\u00e1\u0159\u00ed pocit lehkosti a klidu. Nad\u00fdchan\u00e9 b\u00edl\u00e9 chm\u00fd\u0159\u00ed jemn\u011b kontrastuje s pastelov\u00fdm pozad\u00edm v chladn\u00fdch t\u00f3nech m\u00e1ty a \u0161edi a decentn\u00ed rozost\u0159en\u00ed bokeh dod\u00e1v\u00e1 hloubku i romantickou n\u00e1ladu. Skv\u011bl\u00e1 volba jako dekorace na ze\u010f do ob\u00fdvac\u00edho pokoje, kdy\u017e chcete do interi\u00e9ru vn\u00e9st klid a prostor, hod\u00ed se tak\u00e9 do lo\u017enice, p\u0159eds\u00edn\u011b, kancel\u00e1\u0159e nebo hotelu. V restauraci vytvo\u0159\u00ed \u00fatulnou atmosf\u00e9ru a podtrhne elegantn\u00ed charakter prostoru. Minimalistick\u00e1 barevnost se snadno kombinuje se d\u0159evem, b\u00edlou a sv\u011btl\u00fdmi textiliemi a p\u0159in\u00e1\u0161\u00ed nad\u010dasovou v\u00fdzdobu st\u011bn.<\/p>\n","protected":false},"excerpt":{"rendered":"<p>Pastelov\u00e9 pampeli\u0161ky v m\u011bkk\u00e9m sv\u011btle a s bokeh. Lehk\u00fd plak\u00e1t, kter\u00fd zklidn\u00ed interi\u00e9r a slu\u0161\u00ed ob\u00fdv\u00e1ku i lo\u017enici.<\/p>\n","protected":false},"featured_media":68323,"comment_status":"open","ping_status":"closed","template":"","meta":[],"product_brand":[],"product_cat":[108,74,86,68,138,102,83,71,89,123],"product_tag":[277,274,704,186],"class_list":{"0":"post-181241","1":"product","2":"type-product","3":"status-publish","4":"has-post-thumbnail","6":"product_cat-fotografie","7":"product_cat-hotel-cs","8":"product_cat-kancelar","9":"product_cat-loznice","10":"product_cat-makro","11":"product_cat-minimalisticky","12":"product_cat-obyvaci-pokoj","13":"product_cat-predsin","14":"product_cat-restaurace","15":"product_cat-rostliny-a-kvetiny","16":"product_tag-pastelove","17":"product_tag-svetle","18":"product_tag-vertikalni","19":"product_tag-vicebarevny","21":"first","22":"instock","23":"taxable","24":"shipping-taxable","25":"purchasable","26":"product-type-variable","27":"has-default-attributes"},"aioseo_notices":[],"_links":{"self":[{"href":"https:\/\/interiorposter.com\/cs\/wp-json\/wp\/v2\/product\/181241","targetHints":{"allow":["GET"]}}],"collection":[{"href":"https:\/\/interiorposter.com\/cs\/wp-json\/wp\/v2\/product"}],"about":[{"href":"https:\/\/interiorposter.com\/cs\/wp-json\/wp\/v2\/types\/product"}],"replies":[{"embeddable":true,"href":"https:\/\/interiorposter.com\/cs\/wp-json\/wp\/v2\/comments?post=181241"}],"wp:featuredmedia":[{"embeddable":true,"href":"https:\/\/interiorposter.com\/cs\/wp-json\/wp\/v2\/media\/68323"}],"wp:attachment":[{"href":"https:\/\/interiorposter.com\/cs\/wp-json\/wp\/v2\/media?parent=181241"}],"wp:term":[{"taxonomy":"product_brand","embeddable":true,"href":"https:\/\/interiorposter.com\/cs\/wp-json\/wp\/v2\/product_brand?post=181241"},{"taxonomy":"product_cat","embeddable":true,"href":"https:\/\/interiorposter.com\/cs\/wp-json\/wp\/v2\/product_cat?post=181241"},{"taxonomy":"product_tag","embeddable":true,"href":"https:\/\/interiorposter.com\/cs\/wp-json\/wp\/v2\/product_tag?post=181241"}],"curies":[{"name":"wp","href":"https:\/\/api.w.org\/{rel}","templated":true}]}}