{"id":181046,"date":"2025-11-12T16:29:58","date_gmt":"2025-11-12T15:29:58","guid":{"rendered":"https:\/\/interiorposter.com\/product\/plakat-czarno-bialy-lisc-ginkgo-minimalistyczny\/"},"modified":"2026-03-01T22:30:36","modified_gmt":"2026-03-01T21:30:36","slug":"plakat-czarno-bialy-lisc-ginkgo-minimalistyczny","status":"publish","type":"product","link":"https:\/\/interiorposter.com\/cs\/product\/plakat-czarno-bialy-lisc-ginkgo-minimalistyczny\/","title":{"rendered":"Minimalistick\u00fd plak\u00e1t \u010dernob\u00edl\u00fd list ginkgo"},"content":{"rendered":"<p>Velmi lehk\u00fd plak\u00e1t s motivem listu ginkgo v \u010dern\u00e9 a b\u00edl\u00e9 zaujme vzdu\u0161nou, t\u00e9m\u011b\u0159 pr\u016fsvitnou strukturou a jemnou kresbou \u017eilek. Minimalistick\u00e1 forma dod\u00e1 interi\u00e9ru eleganci a vizu\u00e1ln\u00ed po\u0159\u00e1dek a sv\u011btl\u00e9 pozad\u00ed prostor opticky zv\u011bt\u0161\u00ed a zklidn\u00ed. Skv\u011bl\u00e1 volba jako dekorace na ze\u010f do ob\u00fdvac\u00edho pokoje, kdy\u017e chcete modern\u00ed akcent bez ru\u0161iv\u00fdch prvk\u016f, hod\u00ed se tak\u00e9 do lo\u017enice, p\u0159eds\u00edn\u011b a kancel\u00e1\u0159e. V hotelu nebo restauraci podtrhne vyt\u0159\u00edben\u00fd styl a vytvo\u0159\u00ed klidnou pr\u00e9miovou atmosf\u00e9ru. Monochromatick\u00e1 barevnost se snadno kombinuje se d\u0159evem, betonem i \u010dern\u00fdmi detaily a p\u0159in\u00e1\u0161\u00ed nad\u010dasovou v\u00fdzdobu st\u011bn.<\/p>\n","protected":false},"excerpt":{"rendered":"<p>\u010cernob\u00edl\u00fd list ginkgo v minimalistick\u00e9m stylu. Jemn\u00fd plak\u00e1t do ob\u00fdv\u00e1ku, lo\u017enice nebo kancel\u00e1\u0159e, kter\u00fd dod\u00e1 interi\u00e9ru klidnou eleganci.<\/p>\n","protected":false},"featured_media":128078,"comment_status":"open","ping_status":"closed","template":"","meta":[],"product_brand":[],"product_cat":[210,74,86,207,68,138,102,105,83,71,89,123,111],"product_tag":[180,704],"class_list":{"0":"post-181046","1":"product","2":"type-product","3":"status-publish","4":"has-post-thumbnail","6":"product_cat-geometricke","7":"product_cat-hotel-cs","8":"product_cat-kancelar","9":"product_cat-konceptualni-umeni","10":"product_cat-loznice","11":"product_cat-makro","12":"product_cat-minimalisticky","13":"product_cat-moderni","14":"product_cat-obyvaci-pokoj","15":"product_cat-predsin","16":"product_cat-restaurace","17":"product_cat-rostliny-a-kvetiny","18":"product_cat-skandinavsky","19":"product_tag-seda","20":"product_tag-vertikalni","22":"first","23":"instock","24":"taxable","25":"shipping-taxable","26":"purchasable","27":"product-type-variable","28":"has-default-attributes"},"aioseo_notices":[],"_links":{"self":[{"href":"https:\/\/interiorposter.com\/cs\/wp-json\/wp\/v2\/product\/181046","targetHints":{"allow":["GET"]}}],"collection":[{"href":"https:\/\/interiorposter.com\/cs\/wp-json\/wp\/v2\/product"}],"about":[{"href":"https:\/\/interiorposter.com\/cs\/wp-json\/wp\/v2\/types\/product"}],"replies":[{"embeddable":true,"href":"https:\/\/interiorposter.com\/cs\/wp-json\/wp\/v2\/comments?post=181046"}],"wp:featuredmedia":[{"embeddable":true,"href":"https:\/\/interiorposter.com\/cs\/wp-json\/wp\/v2\/media\/128078"}],"wp:attachment":[{"href":"https:\/\/interiorposter.com\/cs\/wp-json\/wp\/v2\/media?parent=181046"}],"wp:term":[{"taxonomy":"product_brand","embeddable":true,"href":"https:\/\/interiorposter.com\/cs\/wp-json\/wp\/v2\/product_brand?post=181046"},{"taxonomy":"product_cat","embeddable":true,"href":"https:\/\/interiorposter.com\/cs\/wp-json\/wp\/v2\/product_cat?post=181046"},{"taxonomy":"product_tag","embeddable":true,"href":"https:\/\/interiorposter.com\/cs\/wp-json\/wp\/v2\/product_tag?post=181046"}],"curies":[{"name":"wp","href":"https:\/\/api.w.org\/{rel}","templated":true}]}}