{"id":180994,"date":"2026-02-28T21:23:50","date_gmt":"2026-02-28T20:23:50","guid":{"rendered":"https:\/\/interiorposter.com\/product\/obraz-na-plotnie-abstrakcyjna-panorama-w-szarosciach\/"},"modified":"2026-03-01T22:12:14","modified_gmt":"2026-03-01T21:12:14","slug":"obraz-na-plotnie-abstrakcyjna-panorama-w-szarosciach","status":"publish","type":"product","link":"https:\/\/interiorposter.com\/cs\/product\/obraz-na-plotnie-abstrakcyjna-panorama-w-szarosciach\/","title":{"rendered":"Obraz na pl\u00e1tn\u011b Abstraktn\u00ed panorama v \u0161ed\u00fdch t\u00f3nech"},"content":{"rendered":"<p>Vsa\u010fte na elegantn\u00ed abstrakci, kter\u00e1 interi\u00e9r zklidn\u00ed a dod\u00e1 mu vyt\u0159\u00edben\u00fd styl. Tento obraz na pl\u00e1tn\u011b p\u0159ipom\u00edn\u00e1 m\u011bstsk\u00e9 panorama slo\u017een\u00e9 z vertik\u00e1ln\u00edch tvar\u016f, se jemn\u00fdm efektem st\u00e9kaj\u00edc\u00ed barvy, kter\u00fd kompozici dod\u00e1v\u00e1 v\u00fdraz. Barevnost je sv\u011btl\u00e1 a tlumen\u00e1: lomen\u00e1 b\u00edl\u00e1 a \u0161ed\u00e9 t\u00f3ny p\u0159ech\u00e1zej\u00ed do hlub\u0161\u00edho grafitu a \u010dern\u00e9, \u010d\u00edm\u017e vznik\u00e1 vyv\u00e1\u017een\u00fd kontrast. Skv\u011ble se hod\u00ed jako dekorace na st\u011bnu do ob\u00fdvac\u00edho pokoje, lo\u017enice nebo kancel\u00e1\u0159e, a tak\u00e9 do hotelu, restaurace \u010di p\u0159eds\u00edn\u011b. Modern\u00ed prvek, kter\u00fd podtrhne styl a navod\u00ed klidnou atmosf\u00e9ru.<\/p>\n","protected":false},"excerpt":{"rendered":"<p>St\u0159\u00eddm\u00fd obraz na pl\u00e1tn\u011b s abstraktn\u00edm panoramatem v lomen\u00e9 b\u00edl\u00e9, \u0161ed\u00e9 a grafitov\u00e9. Elegantn\u00ed dekorace na st\u011bnu do ob\u00fdvac\u00edho pokoje, kancel\u00e1\u0159e i lo\u017enice.<\/p>\n","protected":false},"featured_media":177551,"comment_status":"open","ping_status":"closed","template":"","meta":[],"product_brand":[],"product_cat":[95,210,74,86,207,68,297,120,102,105,83,71,89],"product_tag":[702,180],"class_list":{"0":"post-180994","1":"product","2":"type-product","3":"status-publish","4":"has-post-thumbnail","6":"product_cat-abstraktni","7":"product_cat-geometricke","8":"product_cat-hotel-cs","9":"product_cat-kancelar","10":"product_cat-konceptualni-umeni","11":"product_cat-loznice","12":"product_cat-malirsky","13":"product_cat-mesta-a-mosty","14":"product_cat-minimalisticky","15":"product_cat-moderni","16":"product_cat-obyvaci-pokoj","17":"product_cat-predsin","18":"product_cat-restaurace","19":"product_tag-horizontalni","20":"product_tag-seda","22":"first","23":"instock","24":"taxable","25":"shipping-taxable","26":"purchasable","27":"product-type-variable","28":"has-default-attributes"},"aioseo_notices":[],"_links":{"self":[{"href":"https:\/\/interiorposter.com\/cs\/wp-json\/wp\/v2\/product\/180994","targetHints":{"allow":["GET"]}}],"collection":[{"href":"https:\/\/interiorposter.com\/cs\/wp-json\/wp\/v2\/product"}],"about":[{"href":"https:\/\/interiorposter.com\/cs\/wp-json\/wp\/v2\/types\/product"}],"replies":[{"embeddable":true,"href":"https:\/\/interiorposter.com\/cs\/wp-json\/wp\/v2\/comments?post=180994"}],"wp:featuredmedia":[{"embeddable":true,"href":"https:\/\/interiorposter.com\/cs\/wp-json\/wp\/v2\/media\/177551"}],"wp:attachment":[{"href":"https:\/\/interiorposter.com\/cs\/wp-json\/wp\/v2\/media?parent=180994"}],"wp:term":[{"taxonomy":"product_brand","embeddable":true,"href":"https:\/\/interiorposter.com\/cs\/wp-json\/wp\/v2\/product_brand?post=180994"},{"taxonomy":"product_cat","embeddable":true,"href":"https:\/\/interiorposter.com\/cs\/wp-json\/wp\/v2\/product_cat?post=180994"},{"taxonomy":"product_tag","embeddable":true,"href":"https:\/\/interiorposter.com\/cs\/wp-json\/wp\/v2\/product_tag?post=180994"}],"curies":[{"name":"wp","href":"https:\/\/api.w.org\/{rel}","templated":true}]}}