{"id":180801,"date":"2025-11-12T01:26:57","date_gmt":"2025-11-12T00:26:57","guid":{"rendered":"https:\/\/interiorposter.com\/product\/plakat-zlote-dmuchawce-glamour-z-efektem-swiatla\/"},"modified":"2026-03-01T22:03:41","modified_gmt":"2026-03-01T21:03:41","slug":"plakat-zlote-dmuchawce-glamour-z-efektem-swiatla","status":"publish","type":"product","link":"https:\/\/interiorposter.com\/cs\/product\/plakat-zlote-dmuchawce-glamour-z-efektem-swiatla\/","title":{"rendered":"Plak\u00e1t zlat\u00e9 pampeli\u0161ky ve stylu glamour se sv\u011bteln\u00fdm efektem"},"content":{"rendered":"<p>Elegantn\u00ed kompozice se t\u0159emi nad\u00fdchan\u00fdmi pampeli\u0161kami se zlat\u00fdmi akcenty na sv\u011btl\u00e9m pozad\u00ed vnese do interi\u00e9ru lehkost a n\u00e1dech luxusu. Jemn\u00e9 stonky a subtiln\u00ed prosv\u011btlen\u00ed vytv\u00e1\u0159ej\u00ed klidnou harmonickou atmosf\u00e9ru a z\u00e1rove\u0148 p\u0159itahuj\u00ed pozornost jako \u0161perk v dekoru. Skv\u011bl\u00e1 volba jako dekorace na ze\u010f do ob\u00fdvac\u00edho pokoje, kter\u00e1 pozvedne prostor bez dojmu p\u0159epln\u011bnosti. Hod\u00ed se tak\u00e9 do lo\u017enice, p\u0159eds\u00edn\u011b a kancel\u00e1\u0159e, a v hotelu nebo restauraci dod\u00e1 prostoru vyt\u0159\u00edben\u00fd styl. Sv\u011btl\u00e1 barevnost s dotekem zlata se kr\u00e1sn\u011b kombinuje s b\u00edlou, b\u00e9\u017eovou, \u010dernou i mramorem a vynikne vedle zlat\u00fdch dopl\u0148k\u016f a m\u011bkk\u00fdch textili\u00ed.<\/p>\n","protected":false},"excerpt":{"rendered":"<p>Zlat\u00e9 pampeli\u0161ky na sv\u011btl\u00e9m pozad\u00ed ve stylu glamour. Jemn\u00fd plak\u00e1t, kter\u00fd projasn\u00ed ob\u00fdv\u00e1k nebo lo\u017enici a dod\u00e1 interi\u00e9ru elegantn\u00ed lesk.<\/p>\n","protected":false},"featured_media":68466,"comment_status":"open","ping_status":"closed","template":"","meta":[],"product_brand":[],"product_cat":[99,74,289,86,207,68,138,102,105,83,71,89,123],"product_tag":[274,704,186],"class_list":{"0":"post-180801","1":"product","2":"type-product","3":"status-publish","4":"has-post-thumbnail","6":"product_cat-glamour-cs","7":"product_cat-hotel-cs","8":"product_cat-ilustrace","9":"product_cat-kancelar","10":"product_cat-konceptualni-umeni","11":"product_cat-loznice","12":"product_cat-makro","13":"product_cat-minimalisticky","14":"product_cat-moderni","15":"product_cat-obyvaci-pokoj","16":"product_cat-predsin","17":"product_cat-restaurace","18":"product_cat-rostliny-a-kvetiny","19":"product_tag-svetle","20":"product_tag-vertikalni","21":"product_tag-vicebarevny","23":"first","24":"instock","25":"taxable","26":"shipping-taxable","27":"purchasable","28":"product-type-variable","29":"has-default-attributes"},"aioseo_notices":[],"_links":{"self":[{"href":"https:\/\/interiorposter.com\/cs\/wp-json\/wp\/v2\/product\/180801","targetHints":{"allow":["GET"]}}],"collection":[{"href":"https:\/\/interiorposter.com\/cs\/wp-json\/wp\/v2\/product"}],"about":[{"href":"https:\/\/interiorposter.com\/cs\/wp-json\/wp\/v2\/types\/product"}],"replies":[{"embeddable":true,"href":"https:\/\/interiorposter.com\/cs\/wp-json\/wp\/v2\/comments?post=180801"}],"wp:featuredmedia":[{"embeddable":true,"href":"https:\/\/interiorposter.com\/cs\/wp-json\/wp\/v2\/media\/68466"}],"wp:attachment":[{"href":"https:\/\/interiorposter.com\/cs\/wp-json\/wp\/v2\/media?parent=180801"}],"wp:term":[{"taxonomy":"product_brand","embeddable":true,"href":"https:\/\/interiorposter.com\/cs\/wp-json\/wp\/v2\/product_brand?post=180801"},{"taxonomy":"product_cat","embeddable":true,"href":"https:\/\/interiorposter.com\/cs\/wp-json\/wp\/v2\/product_cat?post=180801"},{"taxonomy":"product_tag","embeddable":true,"href":"https:\/\/interiorposter.com\/cs\/wp-json\/wp\/v2\/product_tag?post=180801"}],"curies":[{"name":"wp","href":"https:\/\/api.w.org\/{rel}","templated":true}]}}