{"id":180752,"date":"2026-02-28T21:27:53","date_gmt":"2026-02-28T20:27:53","guid":{"rendered":"https:\/\/interiorposter.com\/product\/obraz-na-plotnie-abstrakcja-z-czerwonym-akcentem\/"},"modified":"2026-03-01T21:37:20","modified_gmt":"2026-03-01T20:37:20","slug":"obraz-na-plotnie-abstrakcja-z-czerwonym-akcentem","status":"publish","type":"product","link":"https:\/\/interiorposter.com\/cs\/product\/obraz-na-plotnie-abstrakcja-z-czerwonym-akcentem\/","title":{"rendered":"Obraz na pl\u00e1tn\u011b Abstrakce s \u010derven\u00fdm akcentem"},"content":{"rendered":"<p>Vneste do interi\u00e9ru lehkost a modern\u00ed energii. Tento obraz na pl\u00e1tn\u011b je abstraktn\u00ed kompozice s dynamickou lini\u00ed a jemn\u00fdmi mal\u00ed\u0159sk\u00fdmi p\u0159echody, kter\u00e9 vytv\u00e1\u0159ej\u00ed dojem pohybu a hloubky. Barevnost je sv\u011btl\u00e1 a vyv\u00e1\u017een\u00e1: chladn\u00e9 modr\u00e9 a \u0161ed\u00e9 t\u00f3ny dopl\u0148uj\u00ed tepl\u00e9 akcenty \u010derven\u00e9 a oran\u017eov\u00e9, zat\u00edmco nen\u00e1padn\u00e9 \u0161mouhy dod\u00e1vaj\u00ed celku rytmus. Skv\u011ble se hod\u00ed jako dekorace na st\u011bnu do ob\u00fdvac\u00edho pokoje, lo\u017enice nebo kancel\u00e1\u0159e, a tak\u00e9 do hotelu, restaurace \u010di p\u0159eds\u00edn\u011b, kde m\u00e1 vytvo\u0159it stylov\u00fd prvn\u00ed dojem. V\u00fdrazn\u00fd prvek, kter\u00fd prostor o\u017eiv\u00ed, ani\u017e by ho zat\u00ed\u017eil.<\/p>\n","protected":false},"excerpt":{"rendered":"<p>Sv\u011btl\u00e1 abstrakce na pl\u00e1tn\u011b s chladn\u00fdmi modr\u00fdmi a \u0161ed\u00fdmi t\u00f3ny a v\u00fdrazn\u00fdm \u010derven\u00fdm akcentem. Modern\u00ed obraz do ob\u00fdvac\u00edho pokoje, kancel\u00e1\u0159e i lo\u017enice.<\/p>\n","protected":false},"featured_media":177737,"comment_status":"open","ping_status":"closed","template":"","meta":[],"product_brand":[],"product_cat":[95,210,74,86,207,68,297,102,105,83,71,89],"product_tag":[702,186],"class_list":{"0":"post-180752","1":"product","2":"type-product","3":"status-publish","4":"has-post-thumbnail","6":"product_cat-abstraktni","7":"product_cat-geometricke","8":"product_cat-hotel-cs","9":"product_cat-kancelar","10":"product_cat-konceptualni-umeni","11":"product_cat-loznice","12":"product_cat-malirsky","13":"product_cat-minimalisticky","14":"product_cat-moderni","15":"product_cat-obyvaci-pokoj","16":"product_cat-predsin","17":"product_cat-restaurace","18":"product_tag-horizontalni","19":"product_tag-vicebarevny","21":"first","22":"instock","23":"taxable","24":"shipping-taxable","25":"purchasable","26":"product-type-variable","27":"has-default-attributes"},"aioseo_notices":[],"_links":{"self":[{"href":"https:\/\/interiorposter.com\/cs\/wp-json\/wp\/v2\/product\/180752","targetHints":{"allow":["GET"]}}],"collection":[{"href":"https:\/\/interiorposter.com\/cs\/wp-json\/wp\/v2\/product"}],"about":[{"href":"https:\/\/interiorposter.com\/cs\/wp-json\/wp\/v2\/types\/product"}],"replies":[{"embeddable":true,"href":"https:\/\/interiorposter.com\/cs\/wp-json\/wp\/v2\/comments?post=180752"}],"wp:featuredmedia":[{"embeddable":true,"href":"https:\/\/interiorposter.com\/cs\/wp-json\/wp\/v2\/media\/177737"}],"wp:attachment":[{"href":"https:\/\/interiorposter.com\/cs\/wp-json\/wp\/v2\/media?parent=180752"}],"wp:term":[{"taxonomy":"product_brand","embeddable":true,"href":"https:\/\/interiorposter.com\/cs\/wp-json\/wp\/v2\/product_brand?post=180752"},{"taxonomy":"product_cat","embeddable":true,"href":"https:\/\/interiorposter.com\/cs\/wp-json\/wp\/v2\/product_cat?post=180752"},{"taxonomy":"product_tag","embeddable":true,"href":"https:\/\/interiorposter.com\/cs\/wp-json\/wp\/v2\/product_tag?post=180752"}],"curies":[{"name":"wp","href":"https:\/\/api.w.org\/{rel}","templated":true}]}}