{"id":180544,"date":"2026-02-28T22:12:26","date_gmt":"2026-02-28T21:12:26","guid":{"rendered":"https:\/\/interiorposter.com\/product\/obraz-na-plotnie-nowoczesny-portret-kobiety-ze-zlotem\/"},"modified":"2026-03-01T04:24:37","modified_gmt":"2026-03-01T03:24:37","slug":"obraz-na-plotnie-nowoczesny-portret-kobiety-ze-zlotem","status":"publish","type":"product","link":"https:\/\/interiorposter.com\/cs\/product\/obraz-na-plotnie-nowoczesny-portret-kobiety-ze-zlotem\/","title":{"rendered":"Obraz na pl\u00e1tn\u011b Modern\u00ed portr\u00e9t \u017eeny se zlatem"},"content":{"rendered":"<p>Dodejte interi\u00e9ru noblesu a um\u011bleck\u00fd charakter d\u00edky dekoraci inspirovan\u00e9 modern\u00edm um\u011bn\u00edm. Tento obraz na pl\u00e1tn\u011b zobrazuje \u017eensk\u00fd portr\u00e9t ve skicov\u00e9, expresivn\u00ed form\u011b, dopln\u011bn\u00fd zlat\u00fdmi ot\u011bry, kter\u00e9 vytv\u00e1\u0159ej\u00ed dojem luxusn\u00edho detailu. Kompozice p\u0159itahuje pozornost a navozuje elegantn\u00ed atmosf\u00e9ru, ide\u00e1ln\u00ed pro glamour i sou\u010dasn\u00e9 interi\u00e9ry. Barevnost je tlumen\u00e1 a kontrastn\u00ed: dominuje grafit, \u010dern\u00e1 a \u0161ed\u00e9 t\u00f3ny, vyv\u00e1\u017een\u00e9 tepl\u00fdmi zlat\u00fdmi odlesky. Skv\u011ble se hod\u00ed jako dekorace na st\u011bnu do ob\u00fdvac\u00edho pokoje, lo\u017enice, p\u0159eds\u00edn\u011b, hotelu nebo restaurace, kdy\u017e chcete podtrhnout styl interi\u00e9ru a vytvo\u0159it v\u00fdraznou dominantu na st\u011bn\u011b.<\/p>\n","protected":false},"excerpt":{"rendered":"<p>Modern\u00ed um\u011bn\u00ed na pl\u00e1tn\u011b: expresivn\u00ed portr\u00e9t \u017eeny s elegantn\u00edmi zlat\u00fdmi ot\u011bry. Stylov\u00fd akcent do ob\u00fdvac\u00edho pokoje, lo\u017enice i hotelu.<\/p>\n","protected":false},"featured_media":179758,"comment_status":"open","ping_status":"closed","template":"","meta":[],"product_brand":[],"product_cat":[95,99,74,289,207,303,68,105,83,71,89],"product_tag":[702,180,186],"class_list":{"0":"post-180544","1":"product","2":"type-product","3":"status-publish","4":"has-post-thumbnail","6":"product_cat-abstraktni","7":"product_cat-glamour-cs","8":"product_cat-hotel-cs","9":"product_cat-ilustrace","10":"product_cat-konceptualni-umeni","11":"product_cat-lide","12":"product_cat-loznice","13":"product_cat-moderni","14":"product_cat-obyvaci-pokoj","15":"product_cat-predsin","16":"product_cat-restaurace","17":"product_tag-horizontalni","18":"product_tag-seda","19":"product_tag-vicebarevny","21":"first","22":"instock","23":"taxable","24":"shipping-taxable","25":"purchasable","26":"product-type-variable","27":"has-default-attributes"},"aioseo_notices":[],"_links":{"self":[{"href":"https:\/\/interiorposter.com\/cs\/wp-json\/wp\/v2\/product\/180544","targetHints":{"allow":["GET"]}}],"collection":[{"href":"https:\/\/interiorposter.com\/cs\/wp-json\/wp\/v2\/product"}],"about":[{"href":"https:\/\/interiorposter.com\/cs\/wp-json\/wp\/v2\/types\/product"}],"replies":[{"embeddable":true,"href":"https:\/\/interiorposter.com\/cs\/wp-json\/wp\/v2\/comments?post=180544"}],"wp:featuredmedia":[{"embeddable":true,"href":"https:\/\/interiorposter.com\/cs\/wp-json\/wp\/v2\/media\/179758"}],"wp:attachment":[{"href":"https:\/\/interiorposter.com\/cs\/wp-json\/wp\/v2\/media?parent=180544"}],"wp:term":[{"taxonomy":"product_brand","embeddable":true,"href":"https:\/\/interiorposter.com\/cs\/wp-json\/wp\/v2\/product_brand?post=180544"},{"taxonomy":"product_cat","embeddable":true,"href":"https:\/\/interiorposter.com\/cs\/wp-json\/wp\/v2\/product_cat?post=180544"},{"taxonomy":"product_tag","embeddable":true,"href":"https:\/\/interiorposter.com\/cs\/wp-json\/wp\/v2\/product_tag?post=180544"}],"curies":[{"name":"wp","href":"https:\/\/api.w.org\/{rel}","templated":true}]}}