{"id":180349,"date":"2026-02-28T21:43:01","date_gmt":"2026-02-28T20:43:01","guid":{"rendered":"https:\/\/interiorposter.com\/product\/obraz-na-plotnie-abstrakcyjne-malarstwo\/"},"modified":"2026-03-01T03:11:40","modified_gmt":"2026-03-01T02:11:40","slug":"obraz-na-plotnie-abstrakcyjne-malarstwo","status":"publish","type":"product","link":"https:\/\/interiorposter.com\/cs\/product\/obraz-na-plotnie-abstrakcyjne-malarstwo\/","title":{"rendered":"Obraz na pl\u00e1tn\u011b Abstraktn\u00ed mlhav\u00e1 krajina se zlatem"},"content":{"rendered":"<p>Vsa\u010fte na klidnou eleganci a modern\u00ed minimalismus. Tento obraz na pl\u00e1tn\u011b p\u0159ipom\u00edn\u00e1 abstraktn\u00ed krajinu u vody zahalenou lehkou mlhou, d\u00edky n\u00ed\u017e interi\u00e9r p\u016fsob\u00ed harmonicky a vzdu\u0161n\u011b. Barevnost je sv\u011btl\u00e1 a tlumen\u00e1: dominuje b\u00edl\u00e1 a chladn\u00e9 \u0161ed\u00e9 t\u00f3ny, objevuj\u00ed se akcenty \u010dern\u00e9 a celek zah\u0159\u00edvaj\u00ed jemn\u00e9 zlat\u00e9 a rezav\u00e9 ot\u011bry jako n\u011b\u017en\u00e9 sv\u011btlo na obzoru. Skv\u011ble se hod\u00ed jako dekorace na st\u011bnu do ob\u00fdvac\u00edho pokoje, lo\u017enice, kancel\u00e1\u0159e, p\u0159eds\u00edn\u011b, hotelu nebo restaurace, kdy\u017e chcete prostoru dodat styl a tich\u00fd n\u00e1dech luxusu.<\/p>\n","protected":false},"excerpt":{"rendered":"<p>Minimalistick\u00fd obraz na pl\u00e1tn\u011b inspirovan\u00fd mlhavou krajinou, v b\u00edl\u00e9 a \u0161ed\u00e9 s \u010dern\u00fdmi a zlat\u00fdmi akcenty. Elegantn\u00ed dekorace do ob\u00fdvac\u00edho pokoje i kancel\u00e1\u0159e.<\/p>\n","protected":false},"featured_media":178422,"comment_status":"open","ping_status":"closed","template":"","meta":[],"product_brand":[],"product_cat":[95,210,74,86,207,68,102,105,83,71,89],"product_tag":[702,180,274],"class_list":{"0":"post-180349","1":"product","2":"type-product","3":"status-publish","4":"has-post-thumbnail","6":"product_cat-abstraktni","7":"product_cat-geometricke","8":"product_cat-hotel-cs","9":"product_cat-kancelar","10":"product_cat-konceptualni-umeni","11":"product_cat-loznice","12":"product_cat-minimalisticky","13":"product_cat-moderni","14":"product_cat-obyvaci-pokoj","15":"product_cat-predsin","16":"product_cat-restaurace","17":"product_tag-horizontalni","18":"product_tag-seda","19":"product_tag-svetle","21":"first","22":"instock","23":"taxable","24":"shipping-taxable","25":"purchasable","26":"product-type-variable","27":"has-default-attributes"},"aioseo_notices":[],"_links":{"self":[{"href":"https:\/\/interiorposter.com\/cs\/wp-json\/wp\/v2\/product\/180349","targetHints":{"allow":["GET"]}}],"collection":[{"href":"https:\/\/interiorposter.com\/cs\/wp-json\/wp\/v2\/product"}],"about":[{"href":"https:\/\/interiorposter.com\/cs\/wp-json\/wp\/v2\/types\/product"}],"replies":[{"embeddable":true,"href":"https:\/\/interiorposter.com\/cs\/wp-json\/wp\/v2\/comments?post=180349"}],"wp:featuredmedia":[{"embeddable":true,"href":"https:\/\/interiorposter.com\/cs\/wp-json\/wp\/v2\/media\/178422"}],"wp:attachment":[{"href":"https:\/\/interiorposter.com\/cs\/wp-json\/wp\/v2\/media?parent=180349"}],"wp:term":[{"taxonomy":"product_brand","embeddable":true,"href":"https:\/\/interiorposter.com\/cs\/wp-json\/wp\/v2\/product_brand?post=180349"},{"taxonomy":"product_cat","embeddable":true,"href":"https:\/\/interiorposter.com\/cs\/wp-json\/wp\/v2\/product_cat?post=180349"},{"taxonomy":"product_tag","embeddable":true,"href":"https:\/\/interiorposter.com\/cs\/wp-json\/wp\/v2\/product_tag?post=180349"}],"curies":[{"name":"wp","href":"https:\/\/api.w.org\/{rel}","templated":true}]}}