{"id":180273,"date":"2026-02-28T21:53:11","date_gmt":"2026-02-28T20:53:11","guid":{"rendered":"https:\/\/interiorposter.com\/product\/obraz-na-plotnie-pastelowa-panorama-miasta-nad-woda\/"},"modified":"2026-03-01T02:56:11","modified_gmt":"2026-03-01T01:56:11","slug":"obraz-na-plotnie-pastelowa-panorama-miasta-nad-woda","status":"publish","type":"product","link":"https:\/\/interiorposter.com\/cs\/product\/obraz-na-plotnie-pastelowa-panorama-miasta-nad-woda\/","title":{"rendered":"Obraz na pl\u00e1tn\u011b Pastelov\u00e9 panorama m\u011bsta u vody"},"content":{"rendered":"<p>Vneste do interi\u00e9ru lehkost a modern\u00ed eleganci d\u00edky jemn\u00e9mu panoramatu m\u011bsta s odrazem ve vod\u011b. Tento obraz na pl\u00e1tn\u011b zaujme m\u011bkk\u00fdmi p\u0159echody barev a dojmem inspirovan\u00fdm proveden\u00edm, kter\u00e9 prostoru dod\u00e1 hloubku i klid. Barevnost je sv\u011btl\u00e1 a pastelov\u00e1, dominuje modr\u00e1, \u0161ed\u00e1 a b\u00e9\u017eov\u00e1, dopln\u011bn\u00e1 tepl\u00fdmi akcenty oran\u017eov\u00e9 a zlat\u00e9. Skv\u011ble se hod\u00ed jako dekorace na st\u011bnu do ob\u00fdvac\u00edho pokoje, lo\u017enice, kancel\u00e1\u0159e, p\u0159eds\u00edn\u011b, hotelu nebo restaurace, kdy\u017e chcete podtrhnout styl interi\u00e9ru a vytvo\u0159it v\u00fdrazn\u00fd prvek na st\u011bn\u011b.<\/p>\n","protected":false},"excerpt":{"rendered":"<p>Sv\u011btl\u00fd pastelov\u00fd obraz na pl\u00e1tn\u011b s panoramatem m\u011bsta a odrazem ve vod\u011b. Modr\u00e9 a b\u00e9\u017eov\u00e9 t\u00f3ny s tepl\u00fdmi akcenty kr\u00e1sn\u011b dopln\u00ed ob\u00fdvac\u00ed pokoj, kancel\u00e1\u0159 i lo\u017enici.<\/p>\n","protected":false},"featured_media":178887,"comment_status":"open","ping_status":"closed","template":"","meta":[],"product_brand":[],"product_cat":[95,74,86,68,297,120,105,83,71,89],"product_tag":[702,277,186],"class_list":{"0":"post-180273","1":"product","2":"type-product","3":"status-publish","4":"has-post-thumbnail","6":"product_cat-abstraktni","7":"product_cat-hotel-cs","8":"product_cat-kancelar","9":"product_cat-loznice","10":"product_cat-malirsky","11":"product_cat-mesta-a-mosty","12":"product_cat-moderni","13":"product_cat-obyvaci-pokoj","14":"product_cat-predsin","15":"product_cat-restaurace","16":"product_tag-horizontalni","17":"product_tag-pastelove","18":"product_tag-vicebarevny","20":"first","21":"instock","22":"taxable","23":"shipping-taxable","24":"purchasable","25":"product-type-variable","26":"has-default-attributes"},"aioseo_notices":[],"_links":{"self":[{"href":"https:\/\/interiorposter.com\/cs\/wp-json\/wp\/v2\/product\/180273","targetHints":{"allow":["GET"]}}],"collection":[{"href":"https:\/\/interiorposter.com\/cs\/wp-json\/wp\/v2\/product"}],"about":[{"href":"https:\/\/interiorposter.com\/cs\/wp-json\/wp\/v2\/types\/product"}],"replies":[{"embeddable":true,"href":"https:\/\/interiorposter.com\/cs\/wp-json\/wp\/v2\/comments?post=180273"}],"wp:featuredmedia":[{"embeddable":true,"href":"https:\/\/interiorposter.com\/cs\/wp-json\/wp\/v2\/media\/178887"}],"wp:attachment":[{"href":"https:\/\/interiorposter.com\/cs\/wp-json\/wp\/v2\/media?parent=180273"}],"wp:term":[{"taxonomy":"product_brand","embeddable":true,"href":"https:\/\/interiorposter.com\/cs\/wp-json\/wp\/v2\/product_brand?post=180273"},{"taxonomy":"product_cat","embeddable":true,"href":"https:\/\/interiorposter.com\/cs\/wp-json\/wp\/v2\/product_cat?post=180273"},{"taxonomy":"product_tag","embeddable":true,"href":"https:\/\/interiorposter.com\/cs\/wp-json\/wp\/v2\/product_tag?post=180273"}],"curies":[{"name":"wp","href":"https:\/\/api.w.org\/{rel}","templated":true}]}}